{"id":1218,"date":"2018-10-09T12:54:08","date_gmt":"2018-10-09T12:54:08","guid":{"rendered":"http:\/\/www.comuneacquapendente.it\/wpaquesionet\/?page_id=1218"},"modified":"2022-09-30T14:05:38","modified_gmt":"2022-09-30T14:05:38","slug":"biblioteca-comunale-archivio-storico","status":"publish","type":"page","link":"http:\/\/www.comuneacquapendente.it\/wpaquesionet\/index.php\/biblioteca-comunale-archivio-storico\/","title":{"rendered":"Biblioteca comunale Archivio storico"},"content":{"rendered":"<p>[vc_row][vc_column][vc_column_text]<b>Responsabile:<br \/>\n<\/b>Dott.ssa Corinna PERNIGOTTO CEGO<br \/>\n<b><\/b><\/p>\n<p><b>Bibliotecario:<br \/>\n<\/b>Luisa SQUARCIA<\/p>\n<p>Tel.:\u00a00763 734776<span class=\"Apple-converted-space\"><br \/>\nfax\u00a00763 730115<\/span><\/p>\n<p>E-mail: <a href=\"mailto:biblioteca@comuneacquapendente.it\">biblioteca@comuneacquapendente.it<\/a><\/p>\n<p>web: <a href=\"http:\/\/www.bibliolabo.it\/biblioteca-acquapendente.htm\">www.bibliolabo.it<\/a><\/p>\n<p>Facebook:\u00a0<a href=\"https:\/\/www.facebook.com\/Biblioteca-Comunale-di-Acquapendente-288142711698706\/\">Biblioteca Comunale di Acquapendente<\/a><\/p>\n<p>Sede: Via Cantorrivo, 13<\/p>\n<p><b>Orario di apertura al pubblico:<\/b><\/p>\n<p><b>Orario Invernale (Periodo scolastico)<br \/>\n<\/b>Luned\u00ec: 15.00-19.00<br \/>\nMarted\u00ec: 15.00-19.00<br \/>\nMercoled\u00ec: 10.00-13.00 \/ 15.00-19.00<br \/>\nGioved\u00ec: 15.00-19.00<br \/>\nVenerd\u00ec: 10.00-13.00 \/ 15.00-19.00<br \/>\nSabato: 10.00-13.00<\/p>\n<p><b>Orario Estivo (Periodo extrascolastico)<br \/>\n<\/b>Luned\u00ec: 10.00-13.00<br \/>\nMarted\u00ec: 10.00-13.00 \/ 16.00-19.00<br \/>\nMercoled\u00ec: 10.00-13.00<br \/>\nGioved\u00ec: 10.00-13.00 \/ 16.00-19.00<br \/>\nVenerd\u00ec: 10.00-13.00<br \/>\nSabato: 10.00-13.00[\/vc_column_text][\/vc_column][\/vc_row]<\/p>\n","protected":false},"excerpt":{"rendered":"<p>[vc_row][vc_column][vc_column_text]Responsabile: Dott.ssa Corinna PERNIGOTTO CEGO Bibliotecario: Luisa SQUARCIA Tel.:\u00a00763 734776 fax\u00a00763 730115 E-mail: biblioteca@comuneacquapendente.it web: www.bibliolabo.it Facebook:\u00a0Biblioteca Comunale di Acquapendente Sede: Via Cantorrivo, 13 Orario di apertura al pubblico: Orario Invernale (Periodo scolastico) Luned\u00ec: 15.00-19.00 Marted\u00ec: 15.00-19.00 Mercoled\u00ec: 10.00-13.00 \/ 15.00-19.00 Gioved\u00ec: 15.00-19.00 Venerd\u00ec: 10.00-13.00 \/ 15.00-19.00 Sabato: 10.00-13.00 Orario Estivo (Periodo extrascolastico) Luned\u00ec: 10.00-13.00 [&hellip;]<\/p>\n","protected":false},"author":1,"featured_media":0,"parent":0,"menu_order":0,"comment_status":"closed","ping_status":"closed","template":"","meta":[],"categories":[],"tags":[],"yoast_head":"<!-- This site is optimized with the Yoast SEO plugin v17.2.1 - https:\/\/yoast.com\/wordpress\/plugins\/seo\/ -->\n<title>Biblioteca comunale Archivio storico - aquesionet<\/title>\n<meta name=\"robots\" content=\"index, follow, max-snippet:-1, max-image-preview:large, max-video-preview:-1\" \/>\n<link rel=\"canonical\" href=\"http:\/\/www.comuneacquapendente.it\/wpaquesionet\/index.php\/biblioteca-comunale-archivio-storico\/\" \/>\n<meta property=\"og:locale\" content=\"it_IT\" \/>\n<meta property=\"og:type\" content=\"article\" \/>\n<meta property=\"og:title\" content=\"Biblioteca comunale Archivio storico - aquesionet\" \/>\n<meta property=\"og:description\" content=\"[vc_row][vc_column][vc_column_text]Responsabile: Dott.ssa Corinna PERNIGOTTO CEGO Bibliotecario: Luisa SQUARCIA Tel.:\u00a00763 734776 fax\u00a00763 730115 E-mail: biblioteca@comuneacquapendente.it web: www.bibliolabo.it Facebook:\u00a0Biblioteca Comunale di Acquapendente Sede: Via Cantorrivo, 13 Orario di apertura al pubblico: Orario Invernale (Periodo scolastico) Luned\u00ec: 15.00-19.00 Marted\u00ec: 15.00-19.00 Mercoled\u00ec: 10.00-13.00 \/ 15.00-19.00 Gioved\u00ec: 15.00-19.00 Venerd\u00ec: 10.00-13.00 \/ 15.00-19.00 Sabato: 10.00-13.00 Orario Estivo (Periodo extrascolastico) Luned\u00ec: 10.00-13.00 [&hellip;]\" \/>\n<meta property=\"og:url\" content=\"http:\/\/www.comuneacquapendente.it\/wpaquesionet\/index.php\/biblioteca-comunale-archivio-storico\/\" \/>\n<meta property=\"og:site_name\" content=\"aquesionet\" \/>\n<meta property=\"article:publisher\" content=\"https:\/\/www.facebook.com\/ComunediAcquapendente\/\" \/>\n<meta property=\"article:modified_time\" content=\"2022-09-30T14:05:38+00:00\" \/>\n<meta name=\"twitter:card\" content=\"summary_large_image\" \/>\n<meta name=\"twitter:site\" content=\"@AcquapendenteVT\" \/>\n<meta name=\"twitter:label1\" content=\"Tempo di lettura stimato\" \/>\n\t<meta name=\"twitter:data1\" content=\"1 minuto\" \/>\n<script type=\"application\/ld+json\" class=\"yoast-schema-graph\">{\"@context\":\"https:\/\/schema.org\",\"@graph\":[{\"@type\":\"Organization\",\"@id\":\"http:\/\/www.comuneacquapendente.it\/wpaquesionet\/#organization\",\"name\":\"Comune di Acquapendente\",\"url\":\"http:\/\/www.comuneacquapendente.it\/wpaquesionet\/\",\"sameAs\":[\"https:\/\/www.facebook.com\/ComunediAcquapendente\/\",\"https:\/\/www.youtube.com\/user\/AcquapendenteComune\/\",\"https:\/\/twitter.com\/AcquapendenteVT\"],\"logo\":{\"@type\":\"ImageObject\",\"@id\":\"http:\/\/www.comuneacquapendente.it\/wpaquesionet\/#logo\",\"inLanguage\":\"it-IT\",\"url\":\"http:\/\/www.comuneacquapendente.it\/wpaquesionet\/files\/stemma_comune_Acquapendente512x512.png\",\"contentUrl\":\"http:\/\/www.comuneacquapendente.it\/wpaquesionet\/files\/stemma_comune_Acquapendente512x512.png\",\"width\":512,\"height\":512,\"caption\":\"Comune di Acquapendente\"},\"image\":{\"@id\":\"http:\/\/www.comuneacquapendente.it\/wpaquesionet\/#logo\"}},{\"@type\":\"WebSite\",\"@id\":\"http:\/\/www.comuneacquapendente.it\/wpaquesionet\/#website\",\"url\":\"http:\/\/www.comuneacquapendente.it\/wpaquesionet\/\",\"name\":\"aquesionet\",\"description\":\"LA RETE CIVICA DEL COMUNE DI ACQUAPENDENTE\",\"publisher\":{\"@id\":\"http:\/\/www.comuneacquapendente.it\/wpaquesionet\/#organization\"},\"potentialAction\":[{\"@type\":\"SearchAction\",\"target\":{\"@type\":\"EntryPoint\",\"urlTemplate\":\"http:\/\/www.comuneacquapendente.it\/wpaquesionet\/?s={search_term_string}\"},\"query-input\":\"required name=search_term_string\"}],\"inLanguage\":\"it-IT\"},{\"@type\":\"WebPage\",\"@id\":\"http:\/\/www.comuneacquapendente.it\/wpaquesionet\/index.php\/biblioteca-comunale-archivio-storico\/#webpage\",\"url\":\"http:\/\/www.comuneacquapendente.it\/wpaquesionet\/index.php\/biblioteca-comunale-archivio-storico\/\",\"name\":\"Biblioteca comunale Archivio storico - aquesionet\",\"isPartOf\":{\"@id\":\"http:\/\/www.comuneacquapendente.it\/wpaquesionet\/#website\"},\"datePublished\":\"2018-10-09T12:54:08+00:00\",\"dateModified\":\"2022-09-30T14:05:38+00:00\",\"breadcrumb\":{\"@id\":\"http:\/\/www.comuneacquapendente.it\/wpaquesionet\/index.php\/biblioteca-comunale-archivio-storico\/#breadcrumb\"},\"inLanguage\":\"it-IT\",\"potentialAction\":[{\"@type\":\"ReadAction\",\"target\":[\"http:\/\/www.comuneacquapendente.it\/wpaquesionet\/index.php\/biblioteca-comunale-archivio-storico\/\"]}]},{\"@type\":\"BreadcrumbList\",\"@id\":\"http:\/\/www.comuneacquapendente.it\/wpaquesionet\/index.php\/biblioteca-comunale-archivio-storico\/#breadcrumb\",\"itemListElement\":[{\"@type\":\"ListItem\",\"position\":1,\"name\":\"Home\",\"item\":\"http:\/\/www.comuneacquapendente.it\/wpaquesionet\/\"},{\"@type\":\"ListItem\",\"position\":2,\"name\":\"Biblioteca comunale Archivio storico\"}]}]}<\/script>\n<!-- \/ Yoast SEO plugin. -->","yoast_head_json":{"title":"Biblioteca comunale Archivio storico - aquesionet","robots":{"index":"index","follow":"follow","max-snippet":"max-snippet:-1","max-image-preview":"max-image-preview:large","max-video-preview":"max-video-preview:-1"},"canonical":"http:\/\/www.comuneacquapendente.it\/wpaquesionet\/index.php\/biblioteca-comunale-archivio-storico\/","og_locale":"it_IT","og_type":"article","og_title":"Biblioteca comunale Archivio storico - aquesionet","og_description":"[vc_row][vc_column][vc_column_text]Responsabile: Dott.ssa Corinna PERNIGOTTO CEGO Bibliotecario: Luisa SQUARCIA Tel.:\u00a00763 734776 fax\u00a00763 730115 E-mail: biblioteca@comuneacquapendente.it web: www.bibliolabo.it Facebook:\u00a0Biblioteca Comunale di Acquapendente Sede: Via Cantorrivo, 13 Orario di apertura al pubblico: Orario Invernale (Periodo scolastico) Luned\u00ec: 15.00-19.00 Marted\u00ec: 15.00-19.00 Mercoled\u00ec: 10.00-13.00 \/ 15.00-19.00 Gioved\u00ec: 15.00-19.00 Venerd\u00ec: 10.00-13.00 \/ 15.00-19.00 Sabato: 10.00-13.00 Orario Estivo (Periodo extrascolastico) Luned\u00ec: 10.00-13.00 [&hellip;]","og_url":"http:\/\/www.comuneacquapendente.it\/wpaquesionet\/index.php\/biblioteca-comunale-archivio-storico\/","og_site_name":"aquesionet","article_publisher":"https:\/\/www.facebook.com\/ComunediAcquapendente\/","article_modified_time":"2022-09-30T14:05:38+00:00","twitter_card":"summary_large_image","twitter_site":"@AcquapendenteVT","twitter_misc":{"Tempo di lettura stimato":"1 minuto"},"schema":{"@context":"https:\/\/schema.org","@graph":[{"@type":"Organization","@id":"http:\/\/www.comuneacquapendente.it\/wpaquesionet\/#organization","name":"Comune di Acquapendente","url":"http:\/\/www.comuneacquapendente.it\/wpaquesionet\/","sameAs":["https:\/\/www.facebook.com\/ComunediAcquapendente\/","https:\/\/www.youtube.com\/user\/AcquapendenteComune\/","https:\/\/twitter.com\/AcquapendenteVT"],"logo":{"@type":"ImageObject","@id":"http:\/\/www.comuneacquapendente.it\/wpaquesionet\/#logo","inLanguage":"it-IT","url":"http:\/\/www.comuneacquapendente.it\/wpaquesionet\/files\/stemma_comune_Acquapendente512x512.png","contentUrl":"http:\/\/www.comuneacquapendente.it\/wpaquesionet\/files\/stemma_comune_Acquapendente512x512.png","width":512,"height":512,"caption":"Comune di Acquapendente"},"image":{"@id":"http:\/\/www.comuneacquapendente.it\/wpaquesionet\/#logo"}},{"@type":"WebSite","@id":"http:\/\/www.comuneacquapendente.it\/wpaquesionet\/#website","url":"http:\/\/www.comuneacquapendente.it\/wpaquesionet\/","name":"aquesionet","description":"LA RETE CIVICA DEL COMUNE DI ACQUAPENDENTE","publisher":{"@id":"http:\/\/www.comuneacquapendente.it\/wpaquesionet\/#organization"},"potentialAction":[{"@type":"SearchAction","target":{"@type":"EntryPoint","urlTemplate":"http:\/\/www.comuneacquapendente.it\/wpaquesionet\/?s={search_term_string}"},"query-input":"required name=search_term_string"}],"inLanguage":"it-IT"},{"@type":"WebPage","@id":"http:\/\/www.comuneacquapendente.it\/wpaquesionet\/index.php\/biblioteca-comunale-archivio-storico\/#webpage","url":"http:\/\/www.comuneacquapendente.it\/wpaquesionet\/index.php\/biblioteca-comunale-archivio-storico\/","name":"Biblioteca comunale Archivio storico - aquesionet","isPartOf":{"@id":"http:\/\/www.comuneacquapendente.it\/wpaquesionet\/#website"},"datePublished":"2018-10-09T12:54:08+00:00","dateModified":"2022-09-30T14:05:38+00:00","breadcrumb":{"@id":"http:\/\/www.comuneacquapendente.it\/wpaquesionet\/index.php\/biblioteca-comunale-archivio-storico\/#breadcrumb"},"inLanguage":"it-IT","potentialAction":[{"@type":"ReadAction","target":["http:\/\/www.comuneacquapendente.it\/wpaquesionet\/index.php\/biblioteca-comunale-archivio-storico\/"]}]},{"@type":"BreadcrumbList","@id":"http:\/\/www.comuneacquapendente.it\/wpaquesionet\/index.php\/biblioteca-comunale-archivio-storico\/#breadcrumb","itemListElement":[{"@type":"ListItem","position":1,"name":"Home","item":"http:\/\/www.comuneacquapendente.it\/wpaquesionet\/"},{"@type":"ListItem","position":2,"name":"Biblioteca comunale Archivio storico"}]}]}},"_links":{"self":[{"href":"http:\/\/www.comuneacquapendente.it\/wpaquesionet\/index.php\/wp-json\/wp\/v2\/pages\/1218"}],"collection":[{"href":"http:\/\/www.comuneacquapendente.it\/wpaquesionet\/index.php\/wp-json\/wp\/v2\/pages"}],"about":[{"href":"http:\/\/www.comuneacquapendente.it\/wpaquesionet\/index.php\/wp-json\/wp\/v2\/types\/page"}],"author":[{"embeddable":true,"href":"http:\/\/www.comuneacquapendente.it\/wpaquesionet\/index.php\/wp-json\/wp\/v2\/users\/1"}],"replies":[{"embeddable":true,"href":"http:\/\/www.comuneacquapendente.it\/wpaquesionet\/index.php\/wp-json\/wp\/v2\/comments?post=1218"}],"version-history":[{"count":6,"href":"http:\/\/www.comuneacquapendente.it\/wpaquesionet\/index.php\/wp-json\/wp\/v2\/pages\/1218\/revisions"}],"predecessor-version":[{"id":4488,"href":"http:\/\/www.comuneacquapendente.it\/wpaquesionet\/index.php\/wp-json\/wp\/v2\/pages\/1218\/revisions\/4488"}],"wp:attachment":[{"href":"http:\/\/www.comuneacquapendente.it\/wpaquesionet\/index.php\/wp-json\/wp\/v2\/media?parent=1218"}],"wp:term":[{"taxonomy":"category","embeddable":true,"href":"http:\/\/www.comuneacquapendente.it\/wpaquesionet\/index.php\/wp-json\/wp\/v2\/categories?post=1218"},{"taxonomy":"post_tag","embeddable":true,"href":"http:\/\/www.comuneacquapendente.it\/wpaquesionet\/index.php\/wp-json\/wp\/v2\/tags?post=1218"}],"curies":[{"name":"wp","href":"https:\/\/api.w.org\/{rel}","templated":true}]}}