{"id":154,"date":"2018-07-03T13:40:51","date_gmt":"2018-07-03T13:40:51","guid":{"rendered":"http:\/\/www.comuneacquapendente.it\/wpaquesionet\/?page_id=154"},"modified":"2022-09-30T13:42:32","modified_gmt":"2022-09-30T13:42:32","slug":"urp","status":"publish","type":"page","link":"http:\/\/www.comuneacquapendente.it\/wpaquesionet\/index.php\/urp\/","title":{"rendered":"URP"},"content":{"rendered":"<p>[vc_row][vc_column][vc_column_text]<strong>Responsabile:<\/strong><br \/>\nDott. Simone FORMICONI<br \/>\n<strong>Referente:<\/strong><br \/>\nDott.ssa Simonetta NERI<\/p>\n<p>Tel.: 0763-7309226<br \/>\nfax\u00a00763 711215<\/p>\n<p>Sede: Piazza Girolamo Fabrizio, 17<\/p>\n<p><strong>ORARIO DI APERTURA AL PUBBLICO<br \/>\n<\/strong>A partire dal 18 gennaio 2021, fino a nuove disposizioni, gli uffici Anagrafe, Stato Civile, Elettorale ed U.R.P. rimarranno chiusi al pubblico nelle mattine di Marted\u00ec, Gioved\u00ec e Sabato.<br \/>\nSaranno aperti al pubblico:<br \/>\n&#8211; Luned\u00ec ore 9-12<span class=\"text_exposed_show\"><br \/>\n&#8211; Mercoled\u00ec ore 9-12<br \/>\n&#8211; Venerd\u00ec 9-12<\/span><\/p>\n<p><strong>Mansioni:<br \/>\n<\/strong>L&#8217;URP-Ufficio Relazioni con il Pubblico svolge attivit\u00e0 di ascolto, informazione e comunicazione allo scopo di facilitare e semplificare i rapporti tra Comune e Cittadini, nonch\u00e8 per garantire i loro diritti di partecipazione democratica.<\/p>\n<p><strong>Il Cittadino pu\u00f2 rivolgersi all&#8217;URP per:<br \/>\n<\/strong>&#8211; conoscere servizi, prestazioni ed attivit\u00e0 degli uffici comunali<br \/>\n&#8211; certificati anagrafe e stato civile<br \/>\n&#8211; carta d&#8217;identit\u00e0<br \/>\n&#8211; autentica foto, firme, copie conformi<br \/>\n&#8211; dichiarazioni sostitutive atti di notoriet\u00e0<br \/>\n&#8211; denunce cessione fabbricati<br \/>\n&#8211; denunce infortuni<br \/>\n&#8211; concessioni loculi ed aree cimiteriali<br \/>\n&#8211; richiesta rilascio tesserini COTRAL<br \/>\n&#8211; richiesta rilascio passaporti<\/p>\n<p><a href=\"http:\/\/graph.redomino.com:8080\/Projects\/ComuneAcquapendente\/uffici\/settore-amministrativo\/urp\/residenza_modulo.doc\">MODULO PER LA RICHIESTA DELLA RESIDENZA<\/a><\/p>\n<p><strong>NOVIT\u00c0<\/strong> &#8211; <em>Autocertificazione per anagrafe e stato civile<\/em><\/p>\n<p>DAL 1\u00b0 GENNAIO 2012\u00a0in seguito all\u2019entrata in vigore delle nuove disposizioni in materia di autocertificazione e semplificazione amministrativa introdotte dalla \u201clegge di stabilit\u00e0 per il 2012\u201d (legge n. 183\/2011, art. 15),\u00a0le Pubbliche Amministrazioni e i privati gestori di pubblico servizio non possono pi\u00f9 richiedere ai cittadini i certificati anagrafici.<br \/>\nI cittadini\u00a0che devono attestare la propria condizione relativamente alla nascita, stato di famiglia, residenza, cittadinanza, ecc.\u00a0devono obbligatoriamente avvalersi dell\u2019autocertificazione\u00a0e tutti gli enti pubblici (Comuni, Province, Regioni, Universit\u00e0, Prefetture, Tribunali, Inps, Motorizzazione civile) o gestori di servizi pubblici sono obbligati ad accettarle, salvo poi valersi della facolt\u00e0 di verifica ai sensi di legge.<br \/>\nLe certificazioni rilasciate dagli uffici anagrafici comunali possono ancora essere richieste nell\u2019ambito dei rapporti con soggetti privati\u00a0(banche, assicurazioni, imprese, societ\u00e0 sportive, ecc.), ma anche in questo caso \u00e8 possibile far valere l\u2019autocertificazione, previo consenso del soggetto privato richiedente.\u00a0In questi casi, per tutti i certificati anagrafici\u00a0\u00e8 previsto il pagamento dell\u2019imposta di bollo (\u20ac 14,62) e dei diritti di segreteria (\u20ac 0,56), salvo i casi di esenzione espressamente previsti dalla legge.<\/p>\n<div>\n<p><strong>NOVIT\u00c0<\/strong> &#8211;\u00a0<em>Carta d&#8217;identit\u00e0 per minorenni<\/em><\/p>\n<p>In conformit\u00e0 al Decreto-Legge n. 70 del 13 maggio 2011, \u00e8 soppresso il limite minimo di et\u00e0 per il rilascio della carta di identit\u00e0, precedentemente fissato in anni quindici, ed \u00e8 stabilita una validit\u00e0 temporale di tale documento, diversa a seconda dell\u2019et\u00e0 del minore, in analogia con la durata del passaporto.<\/p>\n<p>Rilascio della carta d\u2019identit\u00e0 ai minori con et\u00e0 inferiore ai 3 anni: la carta d\u2019identit\u00e0 rilasciata ai minori con et\u00e0 inferiore ai tre anni ha una validit\u00e0 di tre anni.<br \/>\nLa richiesta del documento del minore deve avvenire in presenza di entrambi i genitori e del minore stesso. \u00c8 possibile la presenza di un solo genitore che accompagna il minore, ma in questo caso occorrer\u00e0 la presenza di un altro soggetto maggiorenne in qualit\u00e0 di testimone, oppure la presentazione di un altro documento di identit\u00e0 del minore in corso di validit\u00e0 (passaporto o il certificato di identit\u00e0 con fotografia precedentemente rilasciato ai minori di anni 15).<br \/>\nPer la validit\u00e0 all\u2019espatrio, se un genitore non pu\u00f2 essere presente occorre la dichiarazione di assenso all\u2019espatrio.<br \/>\nOccorre presentarsi con tre foto tessera del minore a colori su sfondo bianco, uguali, recenti e con il capo scoperto.<\/p>\n<p>Rilascio della carta d\u2019identit\u00e0 ai minori con et\u00e0 dai 3 ai 18 anni: la carta d\u2019identit\u00e0 rilasciata ai minori con et\u00e0 dai 3 ai 18 anni ha una validit\u00e0 di cinque anni.<br \/>\nLa richiesta del documento del minore deve avvenire in presenza di entrambi i genitori e del minore stesso. \u00c8 possibile la presenza di un solo genitore che accompagna il minore, ma in questo caso occorrer\u00e0 la presenza di un altro soggetto maggiorenne in qualit\u00e0 di testimone, oppure la presentazione di un altro documento di identit\u00e0 del minore in corso di validit\u00e0 (passaporto o il certificato di identit\u00e0 precedentemente rilasciato ai minori di anni 15). Per la validit\u00e0 all\u2019espatrio, se un genitore non pu\u00f2 essere presente occorre la dichiarazione di assenso all\u2019espatrio.<br \/>\nOccorre presentarsi con tre foto tessera del minore a colori su sfondo bianco, uguali, recenti e con il capo scoperto.<\/p>\n<p><strong>ATTENZIONE:<\/strong> per il minore di anni 14, l\u2019uso della carta di identit\u00e0 ai fini dell\u2019espatrio \u00e8 subordinato alla condizione che il minore viaggi in compagnia di uno dei genitori o di chi ne fa le veci, o che venga menzionato \u2013 su una dichiarazione rilasciata da chi pu\u00f2 dare l\u2019assenso o l\u2019autorizzazione, convalidata dalla Questura o dalle Autorit\u00e0 consolari \u2013 il nome della persona, dell\u2019ente o della compagnia di trasporto a cui il minore medesimo \u00e8 affidato. \u00c8 opportuno munirsi di un certificato di nascita con indicazione della paternit\u00e0 e della maternit\u00e0 da esibire in caso di richiesta da parte delle Autorit\u00e0 di Frontiera.<\/p>\n<\/div>\n<p>[\/vc_column_text][\/vc_column][\/vc_row]<\/p>\n","protected":false},"excerpt":{"rendered":"<p>[vc_row][vc_column][vc_column_text]Responsabile: Dott. Simone FORMICONI Referente: Dott.ssa Simonetta NERI Tel.: 0763-7309226 fax\u00a00763 711215 Sede: Piazza Girolamo Fabrizio, 17 ORARIO DI APERTURA AL PUBBLICO A partire dal 18 gennaio 2021, fino a nuove disposizioni, gli uffici Anagrafe, Stato Civile, Elettorale ed U.R.P. rimarranno chiusi al pubblico nelle mattine di Marted\u00ec, Gioved\u00ec e Sabato. Saranno aperti al pubblico: [&hellip;]<\/p>\n","protected":false},"author":1,"featured_media":0,"parent":0,"menu_order":0,"comment_status":"closed","ping_status":"closed","template":"","meta":[],"categories":[],"tags":[],"yoast_head":"<!-- This site is optimized with the Yoast SEO plugin v17.2.1 - https:\/\/yoast.com\/wordpress\/plugins\/seo\/ -->\n<title>URP - aquesionet<\/title>\n<meta name=\"robots\" content=\"index, follow, max-snippet:-1, max-image-preview:large, max-video-preview:-1\" \/>\n<link rel=\"canonical\" href=\"http:\/\/www.comuneacquapendente.it\/wpaquesionet\/index.php\/urp\/\" \/>\n<meta property=\"og:locale\" content=\"it_IT\" \/>\n<meta property=\"og:type\" content=\"article\" \/>\n<meta property=\"og:title\" content=\"URP - aquesionet\" \/>\n<meta property=\"og:description\" content=\"[vc_row][vc_column][vc_column_text]Responsabile: Dott. Simone FORMICONI Referente: Dott.ssa Simonetta NERI Tel.: 0763-7309226 fax\u00a00763 711215 Sede: Piazza Girolamo Fabrizio, 17 ORARIO DI APERTURA AL PUBBLICO A partire dal 18 gennaio 2021, fino a nuove disposizioni, gli uffici Anagrafe, Stato Civile, Elettorale ed U.R.P. rimarranno chiusi al pubblico nelle mattine di Marted\u00ec, Gioved\u00ec e Sabato. Saranno aperti al pubblico: [&hellip;]\" \/>\n<meta property=\"og:url\" content=\"http:\/\/www.comuneacquapendente.it\/wpaquesionet\/index.php\/urp\/\" \/>\n<meta property=\"og:site_name\" content=\"aquesionet\" \/>\n<meta property=\"article:publisher\" content=\"https:\/\/www.facebook.com\/ComunediAcquapendente\/\" \/>\n<meta property=\"article:modified_time\" content=\"2022-09-30T13:42:32+00:00\" \/>\n<meta name=\"twitter:card\" content=\"summary_large_image\" \/>\n<meta name=\"twitter:site\" content=\"@AcquapendenteVT\" \/>\n<meta name=\"twitter:label1\" content=\"Tempo di lettura stimato\" \/>\n\t<meta name=\"twitter:data1\" content=\"4 minuti\" \/>\n<script type=\"application\/ld+json\" class=\"yoast-schema-graph\">{\"@context\":\"https:\/\/schema.org\",\"@graph\":[{\"@type\":\"Organization\",\"@id\":\"http:\/\/www.comuneacquapendente.it\/wpaquesionet\/#organization\",\"name\":\"Comune di Acquapendente\",\"url\":\"http:\/\/www.comuneacquapendente.it\/wpaquesionet\/\",\"sameAs\":[\"https:\/\/www.facebook.com\/ComunediAcquapendente\/\",\"https:\/\/www.youtube.com\/user\/AcquapendenteComune\/\",\"https:\/\/twitter.com\/AcquapendenteVT\"],\"logo\":{\"@type\":\"ImageObject\",\"@id\":\"http:\/\/www.comuneacquapendente.it\/wpaquesionet\/#logo\",\"inLanguage\":\"it-IT\",\"url\":\"http:\/\/www.comuneacquapendente.it\/wpaquesionet\/files\/stemma_comune_Acquapendente512x512.png\",\"contentUrl\":\"http:\/\/www.comuneacquapendente.it\/wpaquesionet\/files\/stemma_comune_Acquapendente512x512.png\",\"width\":512,\"height\":512,\"caption\":\"Comune di Acquapendente\"},\"image\":{\"@id\":\"http:\/\/www.comuneacquapendente.it\/wpaquesionet\/#logo\"}},{\"@type\":\"WebSite\",\"@id\":\"http:\/\/www.comuneacquapendente.it\/wpaquesionet\/#website\",\"url\":\"http:\/\/www.comuneacquapendente.it\/wpaquesionet\/\",\"name\":\"aquesionet\",\"description\":\"LA RETE CIVICA DEL COMUNE DI ACQUAPENDENTE\",\"publisher\":{\"@id\":\"http:\/\/www.comuneacquapendente.it\/wpaquesionet\/#organization\"},\"potentialAction\":[{\"@type\":\"SearchAction\",\"target\":{\"@type\":\"EntryPoint\",\"urlTemplate\":\"http:\/\/www.comuneacquapendente.it\/wpaquesionet\/?s={search_term_string}\"},\"query-input\":\"required name=search_term_string\"}],\"inLanguage\":\"it-IT\"},{\"@type\":\"WebPage\",\"@id\":\"http:\/\/www.comuneacquapendente.it\/wpaquesionet\/index.php\/urp\/#webpage\",\"url\":\"http:\/\/www.comuneacquapendente.it\/wpaquesionet\/index.php\/urp\/\",\"name\":\"URP - aquesionet\",\"isPartOf\":{\"@id\":\"http:\/\/www.comuneacquapendente.it\/wpaquesionet\/#website\"},\"datePublished\":\"2018-07-03T13:40:51+00:00\",\"dateModified\":\"2022-09-30T13:42:32+00:00\",\"breadcrumb\":{\"@id\":\"http:\/\/www.comuneacquapendente.it\/wpaquesionet\/index.php\/urp\/#breadcrumb\"},\"inLanguage\":\"it-IT\",\"potentialAction\":[{\"@type\":\"ReadAction\",\"target\":[\"http:\/\/www.comuneacquapendente.it\/wpaquesionet\/index.php\/urp\/\"]}]},{\"@type\":\"BreadcrumbList\",\"@id\":\"http:\/\/www.comuneacquapendente.it\/wpaquesionet\/index.php\/urp\/#breadcrumb\",\"itemListElement\":[{\"@type\":\"ListItem\",\"position\":1,\"name\":\"Home\",\"item\":\"http:\/\/www.comuneacquapendente.it\/wpaquesionet\/\"},{\"@type\":\"ListItem\",\"position\":2,\"name\":\"URP\"}]}]}<\/script>\n<!-- \/ Yoast SEO plugin. -->","yoast_head_json":{"title":"URP - aquesionet","robots":{"index":"index","follow":"follow","max-snippet":"max-snippet:-1","max-image-preview":"max-image-preview:large","max-video-preview":"max-video-preview:-1"},"canonical":"http:\/\/www.comuneacquapendente.it\/wpaquesionet\/index.php\/urp\/","og_locale":"it_IT","og_type":"article","og_title":"URP - aquesionet","og_description":"[vc_row][vc_column][vc_column_text]Responsabile: Dott. Simone FORMICONI Referente: Dott.ssa Simonetta NERI Tel.: 0763-7309226 fax\u00a00763 711215 Sede: Piazza Girolamo Fabrizio, 17 ORARIO DI APERTURA AL PUBBLICO A partire dal 18 gennaio 2021, fino a nuove disposizioni, gli uffici Anagrafe, Stato Civile, Elettorale ed U.R.P. rimarranno chiusi al pubblico nelle mattine di Marted\u00ec, Gioved\u00ec e Sabato. Saranno aperti al pubblico: [&hellip;]","og_url":"http:\/\/www.comuneacquapendente.it\/wpaquesionet\/index.php\/urp\/","og_site_name":"aquesionet","article_publisher":"https:\/\/www.facebook.com\/ComunediAcquapendente\/","article_modified_time":"2022-09-30T13:42:32+00:00","twitter_card":"summary_large_image","twitter_site":"@AcquapendenteVT","twitter_misc":{"Tempo di lettura stimato":"4 minuti"},"schema":{"@context":"https:\/\/schema.org","@graph":[{"@type":"Organization","@id":"http:\/\/www.comuneacquapendente.it\/wpaquesionet\/#organization","name":"Comune di Acquapendente","url":"http:\/\/www.comuneacquapendente.it\/wpaquesionet\/","sameAs":["https:\/\/www.facebook.com\/ComunediAcquapendente\/","https:\/\/www.youtube.com\/user\/AcquapendenteComune\/","https:\/\/twitter.com\/AcquapendenteVT"],"logo":{"@type":"ImageObject","@id":"http:\/\/www.comuneacquapendente.it\/wpaquesionet\/#logo","inLanguage":"it-IT","url":"http:\/\/www.comuneacquapendente.it\/wpaquesionet\/files\/stemma_comune_Acquapendente512x512.png","contentUrl":"http:\/\/www.comuneacquapendente.it\/wpaquesionet\/files\/stemma_comune_Acquapendente512x512.png","width":512,"height":512,"caption":"Comune di Acquapendente"},"image":{"@id":"http:\/\/www.comuneacquapendente.it\/wpaquesionet\/#logo"}},{"@type":"WebSite","@id":"http:\/\/www.comuneacquapendente.it\/wpaquesionet\/#website","url":"http:\/\/www.comuneacquapendente.it\/wpaquesionet\/","name":"aquesionet","description":"LA RETE CIVICA DEL COMUNE DI ACQUAPENDENTE","publisher":{"@id":"http:\/\/www.comuneacquapendente.it\/wpaquesionet\/#organization"},"potentialAction":[{"@type":"SearchAction","target":{"@type":"EntryPoint","urlTemplate":"http:\/\/www.comuneacquapendente.it\/wpaquesionet\/?s={search_term_string}"},"query-input":"required name=search_term_string"}],"inLanguage":"it-IT"},{"@type":"WebPage","@id":"http:\/\/www.comuneacquapendente.it\/wpaquesionet\/index.php\/urp\/#webpage","url":"http:\/\/www.comuneacquapendente.it\/wpaquesionet\/index.php\/urp\/","name":"URP - aquesionet","isPartOf":{"@id":"http:\/\/www.comuneacquapendente.it\/wpaquesionet\/#website"},"datePublished":"2018-07-03T13:40:51+00:00","dateModified":"2022-09-30T13:42:32+00:00","breadcrumb":{"@id":"http:\/\/www.comuneacquapendente.it\/wpaquesionet\/index.php\/urp\/#breadcrumb"},"inLanguage":"it-IT","potentialAction":[{"@type":"ReadAction","target":["http:\/\/www.comuneacquapendente.it\/wpaquesionet\/index.php\/urp\/"]}]},{"@type":"BreadcrumbList","@id":"http:\/\/www.comuneacquapendente.it\/wpaquesionet\/index.php\/urp\/#breadcrumb","itemListElement":[{"@type":"ListItem","position":1,"name":"Home","item":"http:\/\/www.comuneacquapendente.it\/wpaquesionet\/"},{"@type":"ListItem","position":2,"name":"URP"}]}]}},"_links":{"self":[{"href":"http:\/\/www.comuneacquapendente.it\/wpaquesionet\/index.php\/wp-json\/wp\/v2\/pages\/154"}],"collection":[{"href":"http:\/\/www.comuneacquapendente.it\/wpaquesionet\/index.php\/wp-json\/wp\/v2\/pages"}],"about":[{"href":"http:\/\/www.comuneacquapendente.it\/wpaquesionet\/index.php\/wp-json\/wp\/v2\/types\/page"}],"author":[{"embeddable":true,"href":"http:\/\/www.comuneacquapendente.it\/wpaquesionet\/index.php\/wp-json\/wp\/v2\/users\/1"}],"replies":[{"embeddable":true,"href":"http:\/\/www.comuneacquapendente.it\/wpaquesionet\/index.php\/wp-json\/wp\/v2\/comments?post=154"}],"version-history":[{"count":9,"href":"http:\/\/www.comuneacquapendente.it\/wpaquesionet\/index.php\/wp-json\/wp\/v2\/pages\/154\/revisions"}],"predecessor-version":[{"id":4479,"href":"http:\/\/www.comuneacquapendente.it\/wpaquesionet\/index.php\/wp-json\/wp\/v2\/pages\/154\/revisions\/4479"}],"wp:attachment":[{"href":"http:\/\/www.comuneacquapendente.it\/wpaquesionet\/index.php\/wp-json\/wp\/v2\/media?parent=154"}],"wp:term":[{"taxonomy":"category","embeddable":true,"href":"http:\/\/www.comuneacquapendente.it\/wpaquesionet\/index.php\/wp-json\/wp\/v2\/categories?post=154"},{"taxonomy":"post_tag","embeddable":true,"href":"http:\/\/www.comuneacquapendente.it\/wpaquesionet\/index.php\/wp-json\/wp\/v2\/tags?post=154"}],"curies":[{"name":"wp","href":"https:\/\/api.w.org\/{rel}","templated":true}]}}