{"id":1671,"date":"2019-02-08T11:08:20","date_gmt":"2019-02-08T11:08:20","guid":{"rendered":"http:\/\/www.comuneacquapendente.it\/wpaquesionet\/?page_id=1671"},"modified":"2022-08-13T09:45:05","modified_gmt":"2022-08-13T09:45:05","slug":"elezione-consiglio-dei-giovani","status":"publish","type":"page","link":"http:\/\/www.comuneacquapendente.it\/wpaquesionet\/index.php\/elezione-consiglio-dei-giovani\/","title":{"rendered":"Elezione Consiglio dei Giovani"},"content":{"rendered":"<p>[vc_row][vc_column][vc_column_text]<div style=\"width: 1280px;\" class=\"wp-video\"><!--[if lt IE 9]><script>document.createElement('video');<\/script><![endif]-->\n<video class=\"wp-video-shortcode\" id=\"video-1671-1\" width=\"1280\" height=\"720\" preload=\"metadata\" controls=\"controls\"><source type=\"video\/mp4\" src=\"http:\/\/www.comuneacquapendente.it\/wpaquesionet\/files\/video-consiglio.mp4?_=1\" \/><a href=\"http:\/\/www.comuneacquapendente.it\/wpaquesionet\/files\/video-consiglio.mp4\">http:\/\/www.comuneacquapendente.it\/wpaquesionet\/files\/video-consiglio.mp4<\/a><\/video><\/div>\n<h2>Consiglio dei Giovani: istruzioni per l\u2019uso in 10 punti<\/h2>\n<h3>1) Che cos\u2019\u00e8 il Consiglio dei Giovani<\/h3>\n<p>Il Consiglio dei Giovani \u00e8 un organo democratico di rappresentanza di tutti i giovani tra i 15 e i 25 anni che promuove la partecipazione dei giovani alla vita sociale, politica e culturale del paese, allo scopo di favorire la libera espressione del loro punto di vista su tutte le questioni che riguardano il territorio comunale, con particolare attenzione a quelle di interesse giovanile.<\/p>\n<h3>2) Composizione del Consiglio dei Giovani<\/h3>\n<p>\u00c8 composto da 13 membri eletti con metodo proporzionale da tutti i giovani residenti nel comune che alla data delle elezioni, cio\u00e8 il 16 Settembre 2022, abbiano compiuto il quindicesimo anno di et\u00e0 e non abbiano superato il venticinquesimo anno di et\u00e0.<br \/>\nPossono essere candidati solo i giovani che, alla data delle elezioni abbiano compiuto il quindicesimo anno di et\u00e0 e non abbiano superato il venticinquesimo anno di et\u00e0.<\/p>\n<h3>3) Durata del Consiglio dei Giovani<\/h3>\n<p>Il consiglio dei giovani dura in carica tre anni. Inizia la sua attivit\u00e0 con la convalida degli eletti e svolge le sue funzioni fino all\u2019insediamento del nuovo consiglio.<\/p>\n<h3>4) Presidenza del Consiglio dei Giovani<\/h3>\n<p>Il consiglio elegge, nel suo seno, un presidente a scrutinio segreto, durante la prima seduta subito dopo la convalida degli eletti.<br \/>\nIl Presidente \u00e8 eletto nella prima votazione con il voto favorevole della maggioranza assoluta dei membri del consiglio.<br \/>\nCon le stesse modalit\u00e0 viene eletto un Vice Presidente, che sostituisce il Presidente in caso di assenza o di impedimento. Il Presidente pu\u00f2, per alcune specifiche materie, delegare altro membro del consiglio a rappresentarlo.<\/p>\n<h3>5) Adunanze del Consiglio dei Giovani<\/h3>\n<p>Le adunanze del consiglio dei giovani sono pubbliche. Per la discussione di argomenti di particolare importanza il Presidente pu\u00f2 convocare il consiglio dei giovani in seduta aperta. Nelle adunanze in seduta aperta \u00e8 consentito l\u2019intervento alla discussione degli invitati e del pubblico.<\/p>\n<h3>6) Composizione delle liste elettorali<\/h3>\n<p>L\u2019elezione dei membri del consiglio dei giovani avviene sulla base di liste elettorali.<br \/>\nI promotori di ogni lista debbono, al fine della presentazione delle candidature, raccogliere almeno 15 e non pi\u00f9 di 30 firme di aventi diritto al voto. Ogni elettore pu\u00f2 sottoscrivere una sola lista. I candidati non possono essere sottoscrittori.<br \/>\nOgni lista deve comprendere un numero di candidati non inferiore a 9 e non superiore a 13, di cui almeno 1\/3 di et\u00e0 ricompresa tra i 15 e i 17 anni.<br \/>\nLe liste devono necessariamente indicare:<br \/>\n&#8211; il simbolo e la denominazione della lista;<br \/>\n&#8211; cognome, nome, luogo e data di nascita dei candidati e numero progressivo di lista.<br \/>\nPer la compilazione delle liste e per la loro sottoscrizione sono messi a disposizione appositi moduli, che si possono scaricare anche ai links in fondo a questa pagina.<\/p>\n<h3>7) Scadenza per la presentazione delle liste elettorali<\/h3>\n<p>Le liste devono essere presentate in municipio, presso lo Sportello Europa, entro e non oltre il ventesimo giorno successivo alla data di indizione delle consultazioni, cio\u00e8 entro il 30 Agosto 2022.<\/p>\n<h3>8) Operazioni di voto<\/h3>\n<p>Le votazioni per le elezioni dei membri del consiglio dei giovani si svolgono nell\u2019arco di un solo giorno: il 16 Settembre 2022 dalle ore 10.00 alle ore 19.00, presso la Biblioteca Comunale, in cui sar\u00e0 allestito il seggio elettorale. Un seggio volante verr\u00e0 allestito in orario anti meridiano presso I. O. Leonardo Da Vinci.<br \/>\nGli elettori possono esprimere il voto di lista barrando il simbolo e un voto di preferenza scrivendo nello spazio preposto il nome e\/o il numero corrispondente al candidato.<br \/>\nNel caso in cui venga espresso il solo voto di lista esso si conteggia solo per la lista. Nel caso venga espresso il solo voto di preferenza esso vale anche per la lista.<br \/>\nLa scheda \u00e8 nulla se presenta segni di riconoscimento o non esprime in maniera univoca la volont\u00e0 dell\u2019elettore.<br \/>\nLo scrutinio inizia subito dopo la chiusura dei seggi.<br \/>\nLe schede nulle e le schede bianche non vengono computate nel totale dei voti validi espressi.<\/p>\n<h3>9) Proclamazione degli eletti<\/h3>\n<p>La Commissione Elettorale nominata dal Comune, effettuate le operazioni di scrutinio, provvede alla proclamazione degli eletti, applicando il sistema proporzionale per voti di lista e calcolando il relativo quoziente elettorale di ciascuna liste presentata.<br \/>\nAl fine di dare applicazione alla riserva di 1\/3 di eletti di et\u00e0 compresa tra i 15 e i 17 anni, vengono dichiarati eletti, in ciascuna delle liste, i candidati tra i 15 e i 17 anni che abbiano riportato il maggior numero di preferenze, anche se in posizione non utile per la elezione nella rispettiva lista.<\/p>\n<h3>10) Dotazione di spazi, attrezzature e risorse<\/h3>\n<p>L\u2019Amministrazione Comunale mette a disposizione del Consiglio dei Giovani la sala consiliare per le adunanze ed un apposito ufficio presso il palazzo municipale.<br \/>\nL\u2019ufficio sar\u00e0 dotato di tutte le attrezzature necessarie.<br \/>\nIl Comune, ogni anno, nel proprio bilancio di previsione, individua le risorse finanziarie da destinare al funzionamento del Consiglio dei Giovani.<br \/>\nL\u2019Amministrazione Comunale, nell\u2019ambito delle proprie disponibilit\u00e0 o attivando altri canali di finanziamento, pu\u00f2 sostenere economicamente i progetti proposti dal Consiglio dei Giovani.<\/p>\n<p><em>Per ulteriori informazioni ci si pu\u00f2 rivolgere allo Sportello Europa (0763 7309234) o alla Biblioteca Comunale (0763 734776).<\/em><\/p>\n<p align=\"justify\"><a href=\"http:\/\/www.comuneacquapendente.it\/wpaquesionet\/files\/Regolamento-consiglio-dei-giovani.pdf\" target=\"_blank\" rel=\"noopener\">REGOLAMENTO DEL CONSIGLIO DEI GIOVANI<\/a> (pdf)<\/p>\n<p align=\"justify\"><a href=\"http:\/\/www.comuneacquapendente.it\/wpaquesionet\/files\/MODELLO-DI-PRESENTAZIONE-DI-LISTA-DEI-CANDIDATI-AL-CONSIGLIO-DEI-GIOVANI.doc\" target=\"_blank\" rel=\"noopener\">MODELLO PER LA PRESENTAZIONE DELLA LISTA DEI CANDIDATI<\/a> (doc)<\/p>\n<p align=\"justify\"><a href=\"http:\/\/www.comuneacquapendente.it\/wpaquesionet\/files\/dichiarazione-di-accettazione-della-carica-e-possesso-dei-requisiti.doc\" target=\"_blank\" rel=\"noopener\">DICHIARAZIONE DI ACCETTAZIONE DELLA CARICA E POSSESSO DEI REQUISITI<\/a> (doc)<\/p>\n<p>[\/vc_column_text][\/vc_column][\/vc_row]<\/p>\n","protected":false},"excerpt":{"rendered":"<p>[vc_row][vc_column][vc_column_text] Consiglio dei Giovani: istruzioni per l\u2019uso in 10 punti 1) Che cos\u2019\u00e8 il Consiglio dei Giovani Il Consiglio dei Giovani \u00e8 un organo democratico di rappresentanza di tutti i giovani tra i 15 e i 25 anni che promuove la partecipazione dei giovani alla vita sociale, politica e culturale del paese, allo scopo di [&hellip;]<\/p>\n","protected":false},"author":2,"featured_media":0,"parent":0,"menu_order":0,"comment_status":"closed","ping_status":"closed","template":"","meta":[],"categories":[],"tags":[],"yoast_head":"<!-- This site is optimized with the Yoast SEO plugin v17.2.1 - https:\/\/yoast.com\/wordpress\/plugins\/seo\/ -->\n<title>Elezione Consiglio dei Giovani - aquesionet<\/title>\n<meta name=\"robots\" content=\"index, follow, max-snippet:-1, max-image-preview:large, max-video-preview:-1\" \/>\n<link rel=\"canonical\" href=\"http:\/\/www.comuneacquapendente.it\/wpaquesionet\/index.php\/elezione-consiglio-dei-giovani\/\" \/>\n<meta property=\"og:locale\" content=\"it_IT\" \/>\n<meta property=\"og:type\" content=\"article\" \/>\n<meta property=\"og:title\" content=\"Elezione Consiglio dei Giovani - aquesionet\" \/>\n<meta property=\"og:description\" content=\"[vc_row][vc_column][vc_column_text] Consiglio dei Giovani: istruzioni per l\u2019uso in 10 punti 1) Che cos\u2019\u00e8 il Consiglio dei Giovani Il Consiglio dei Giovani \u00e8 un organo democratico di rappresentanza di tutti i giovani tra i 15 e i 25 anni che promuove la partecipazione dei giovani alla vita sociale, politica e culturale del paese, allo scopo di [&hellip;]\" \/>\n<meta property=\"og:url\" content=\"http:\/\/www.comuneacquapendente.it\/wpaquesionet\/index.php\/elezione-consiglio-dei-giovani\/\" \/>\n<meta property=\"og:site_name\" content=\"aquesionet\" \/>\n<meta property=\"article:publisher\" content=\"https:\/\/www.facebook.com\/ComunediAcquapendente\/\" \/>\n<meta property=\"article:modified_time\" content=\"2022-08-13T09:45:05+00:00\" \/>\n<meta name=\"twitter:card\" content=\"summary_large_image\" \/>\n<meta name=\"twitter:site\" content=\"@AcquapendenteVT\" \/>\n<meta name=\"twitter:label1\" content=\"Tempo di lettura stimato\" \/>\n\t<meta name=\"twitter:data1\" content=\"4 minuti\" \/>\n<script type=\"application\/ld+json\" class=\"yoast-schema-graph\">{\"@context\":\"https:\/\/schema.org\",\"@graph\":[{\"@type\":\"Organization\",\"@id\":\"http:\/\/www.comuneacquapendente.it\/wpaquesionet\/#organization\",\"name\":\"Comune di Acquapendente\",\"url\":\"http:\/\/www.comuneacquapendente.it\/wpaquesionet\/\",\"sameAs\":[\"https:\/\/www.facebook.com\/ComunediAcquapendente\/\",\"https:\/\/www.youtube.com\/user\/AcquapendenteComune\/\",\"https:\/\/twitter.com\/AcquapendenteVT\"],\"logo\":{\"@type\":\"ImageObject\",\"@id\":\"http:\/\/www.comuneacquapendente.it\/wpaquesionet\/#logo\",\"inLanguage\":\"it-IT\",\"url\":\"http:\/\/www.comuneacquapendente.it\/wpaquesionet\/files\/stemma_comune_Acquapendente512x512.png\",\"contentUrl\":\"http:\/\/www.comuneacquapendente.it\/wpaquesionet\/files\/stemma_comune_Acquapendente512x512.png\",\"width\":512,\"height\":512,\"caption\":\"Comune di Acquapendente\"},\"image\":{\"@id\":\"http:\/\/www.comuneacquapendente.it\/wpaquesionet\/#logo\"}},{\"@type\":\"WebSite\",\"@id\":\"http:\/\/www.comuneacquapendente.it\/wpaquesionet\/#website\",\"url\":\"http:\/\/www.comuneacquapendente.it\/wpaquesionet\/\",\"name\":\"aquesionet\",\"description\":\"LA RETE CIVICA DEL COMUNE DI ACQUAPENDENTE\",\"publisher\":{\"@id\":\"http:\/\/www.comuneacquapendente.it\/wpaquesionet\/#organization\"},\"potentialAction\":[{\"@type\":\"SearchAction\",\"target\":{\"@type\":\"EntryPoint\",\"urlTemplate\":\"http:\/\/www.comuneacquapendente.it\/wpaquesionet\/?s={search_term_string}\"},\"query-input\":\"required name=search_term_string\"}],\"inLanguage\":\"it-IT\"},{\"@type\":\"WebPage\",\"@id\":\"http:\/\/www.comuneacquapendente.it\/wpaquesionet\/index.php\/elezione-consiglio-dei-giovani\/#webpage\",\"url\":\"http:\/\/www.comuneacquapendente.it\/wpaquesionet\/index.php\/elezione-consiglio-dei-giovani\/\",\"name\":\"Elezione Consiglio dei Giovani - aquesionet\",\"isPartOf\":{\"@id\":\"http:\/\/www.comuneacquapendente.it\/wpaquesionet\/#website\"},\"datePublished\":\"2019-02-08T11:08:20+00:00\",\"dateModified\":\"2022-08-13T09:45:05+00:00\",\"breadcrumb\":{\"@id\":\"http:\/\/www.comuneacquapendente.it\/wpaquesionet\/index.php\/elezione-consiglio-dei-giovani\/#breadcrumb\"},\"inLanguage\":\"it-IT\",\"potentialAction\":[{\"@type\":\"ReadAction\",\"target\":[\"http:\/\/www.comuneacquapendente.it\/wpaquesionet\/index.php\/elezione-consiglio-dei-giovani\/\"]}]},{\"@type\":\"BreadcrumbList\",\"@id\":\"http:\/\/www.comuneacquapendente.it\/wpaquesionet\/index.php\/elezione-consiglio-dei-giovani\/#breadcrumb\",\"itemListElement\":[{\"@type\":\"ListItem\",\"position\":1,\"name\":\"Home\",\"item\":\"http:\/\/www.comuneacquapendente.it\/wpaquesionet\/\"},{\"@type\":\"ListItem\",\"position\":2,\"name\":\"Elezione Consiglio dei Giovani\"}]}]}<\/script>\n<!-- \/ Yoast SEO plugin. -->","yoast_head_json":{"title":"Elezione Consiglio dei Giovani - aquesionet","robots":{"index":"index","follow":"follow","max-snippet":"max-snippet:-1","max-image-preview":"max-image-preview:large","max-video-preview":"max-video-preview:-1"},"canonical":"http:\/\/www.comuneacquapendente.it\/wpaquesionet\/index.php\/elezione-consiglio-dei-giovani\/","og_locale":"it_IT","og_type":"article","og_title":"Elezione Consiglio dei Giovani - aquesionet","og_description":"[vc_row][vc_column][vc_column_text] Consiglio dei Giovani: istruzioni per l\u2019uso in 10 punti 1) Che cos\u2019\u00e8 il Consiglio dei Giovani Il Consiglio dei Giovani \u00e8 un organo democratico di rappresentanza di tutti i giovani tra i 15 e i 25 anni che promuove la partecipazione dei giovani alla vita sociale, politica e culturale del paese, allo scopo di [&hellip;]","og_url":"http:\/\/www.comuneacquapendente.it\/wpaquesionet\/index.php\/elezione-consiglio-dei-giovani\/","og_site_name":"aquesionet","article_publisher":"https:\/\/www.facebook.com\/ComunediAcquapendente\/","article_modified_time":"2022-08-13T09:45:05+00:00","twitter_card":"summary_large_image","twitter_site":"@AcquapendenteVT","twitter_misc":{"Tempo di lettura stimato":"4 minuti"},"schema":{"@context":"https:\/\/schema.org","@graph":[{"@type":"Organization","@id":"http:\/\/www.comuneacquapendente.it\/wpaquesionet\/#organization","name":"Comune di Acquapendente","url":"http:\/\/www.comuneacquapendente.it\/wpaquesionet\/","sameAs":["https:\/\/www.facebook.com\/ComunediAcquapendente\/","https:\/\/www.youtube.com\/user\/AcquapendenteComune\/","https:\/\/twitter.com\/AcquapendenteVT"],"logo":{"@type":"ImageObject","@id":"http:\/\/www.comuneacquapendente.it\/wpaquesionet\/#logo","inLanguage":"it-IT","url":"http:\/\/www.comuneacquapendente.it\/wpaquesionet\/files\/stemma_comune_Acquapendente512x512.png","contentUrl":"http:\/\/www.comuneacquapendente.it\/wpaquesionet\/files\/stemma_comune_Acquapendente512x512.png","width":512,"height":512,"caption":"Comune di Acquapendente"},"image":{"@id":"http:\/\/www.comuneacquapendente.it\/wpaquesionet\/#logo"}},{"@type":"WebSite","@id":"http:\/\/www.comuneacquapendente.it\/wpaquesionet\/#website","url":"http:\/\/www.comuneacquapendente.it\/wpaquesionet\/","name":"aquesionet","description":"LA RETE CIVICA DEL COMUNE DI ACQUAPENDENTE","publisher":{"@id":"http:\/\/www.comuneacquapendente.it\/wpaquesionet\/#organization"},"potentialAction":[{"@type":"SearchAction","target":{"@type":"EntryPoint","urlTemplate":"http:\/\/www.comuneacquapendente.it\/wpaquesionet\/?s={search_term_string}"},"query-input":"required name=search_term_string"}],"inLanguage":"it-IT"},{"@type":"WebPage","@id":"http:\/\/www.comuneacquapendente.it\/wpaquesionet\/index.php\/elezione-consiglio-dei-giovani\/#webpage","url":"http:\/\/www.comuneacquapendente.it\/wpaquesionet\/index.php\/elezione-consiglio-dei-giovani\/","name":"Elezione Consiglio dei Giovani - aquesionet","isPartOf":{"@id":"http:\/\/www.comuneacquapendente.it\/wpaquesionet\/#website"},"datePublished":"2019-02-08T11:08:20+00:00","dateModified":"2022-08-13T09:45:05+00:00","breadcrumb":{"@id":"http:\/\/www.comuneacquapendente.it\/wpaquesionet\/index.php\/elezione-consiglio-dei-giovani\/#breadcrumb"},"inLanguage":"it-IT","potentialAction":[{"@type":"ReadAction","target":["http:\/\/www.comuneacquapendente.it\/wpaquesionet\/index.php\/elezione-consiglio-dei-giovani\/"]}]},{"@type":"BreadcrumbList","@id":"http:\/\/www.comuneacquapendente.it\/wpaquesionet\/index.php\/elezione-consiglio-dei-giovani\/#breadcrumb","itemListElement":[{"@type":"ListItem","position":1,"name":"Home","item":"http:\/\/www.comuneacquapendente.it\/wpaquesionet\/"},{"@type":"ListItem","position":2,"name":"Elezione Consiglio dei Giovani"}]}]}},"_links":{"self":[{"href":"http:\/\/www.comuneacquapendente.it\/wpaquesionet\/index.php\/wp-json\/wp\/v2\/pages\/1671"}],"collection":[{"href":"http:\/\/www.comuneacquapendente.it\/wpaquesionet\/index.php\/wp-json\/wp\/v2\/pages"}],"about":[{"href":"http:\/\/www.comuneacquapendente.it\/wpaquesionet\/index.php\/wp-json\/wp\/v2\/types\/page"}],"author":[{"embeddable":true,"href":"http:\/\/www.comuneacquapendente.it\/wpaquesionet\/index.php\/wp-json\/wp\/v2\/users\/2"}],"replies":[{"embeddable":true,"href":"http:\/\/www.comuneacquapendente.it\/wpaquesionet\/index.php\/wp-json\/wp\/v2\/comments?post=1671"}],"version-history":[{"count":4,"href":"http:\/\/www.comuneacquapendente.it\/wpaquesionet\/index.php\/wp-json\/wp\/v2\/pages\/1671\/revisions"}],"predecessor-version":[{"id":4387,"href":"http:\/\/www.comuneacquapendente.it\/wpaquesionet\/index.php\/wp-json\/wp\/v2\/pages\/1671\/revisions\/4387"}],"wp:attachment":[{"href":"http:\/\/www.comuneacquapendente.it\/wpaquesionet\/index.php\/wp-json\/wp\/v2\/media?parent=1671"}],"wp:term":[{"taxonomy":"category","embeddable":true,"href":"http:\/\/www.comuneacquapendente.it\/wpaquesionet\/index.php\/wp-json\/wp\/v2\/categories?post=1671"},{"taxonomy":"post_tag","embeddable":true,"href":"http:\/\/www.comuneacquapendente.it\/wpaquesionet\/index.php\/wp-json\/wp\/v2\/tags?post=1671"}],"curies":[{"name":"wp","href":"https:\/\/api.w.org\/{rel}","templated":true}]}}