{"id":1781,"date":"2019-03-24T10:27:46","date_gmt":"2019-03-24T10:27:46","guid":{"rendered":"http:\/\/www.comuneacquapendente.it\/wpaquesionet\/?page_id=1781"},"modified":"2022-05-02T16:13:50","modified_gmt":"2022-05-02T16:13:50","slug":"info-e-contatti","status":"publish","type":"page","link":"http:\/\/www.comuneacquapendente.it\/wpaquesionet\/index.php\/info-e-contatti\/","title":{"rendered":"Info e contatti"},"content":{"rendered":"<p>[vc_row][vc_column]\n            <section class=\"lsvr-pressville-sitemap lsvr-pressville-sitemap--has-bg\" >\n                <div class=\"lsvr-pressville-sitemap__inner\">\n                    <div class=\"lsvr-container\">\n                        <div class=\"lsvr-pressville-sitemap__content\">\n\n                            <nav class=\"lsvr-pressville-sitemap__nav--4-cols\">\n                                <ul id=\"menu-sasseto\" class=\"lsvr-pressville-sitemap__list\">\n\n            <li class=\"lsvr-pressville-sitemap__item lsvr-pressville-sitemap__item--level-0 menu-item menu-item-type-post_type menu-item-object-page\">\n\n                                    <h3 class=\"lsvr-pressville-sitemap__item-title\">\n                \n                <a href=\"http:\/\/www.comuneacquapendente.it\/wpaquesionet\/index.php\/visite-al-bosco-del-sasseto\/\"\n                    class=\"lsvr-pressville-sitemap__item-link lsvr-pressville-sitemap__item-link--level-0\"\n                    >Visita il Sasseto<\/a>\n\n                                    <\/h3>\n                \n                \n            \n            <\/li>\n\n            \n\n            <li class=\"lsvr-pressville-sitemap__item lsvr-pressville-sitemap__item--level-0 menu-item menu-item-type-post_type menu-item-object-page\">\n\n                                    <h3 class=\"lsvr-pressville-sitemap__item-title\">\n                \n                <a href=\"http:\/\/www.comuneacquapendente.it\/wpaquesionet\/index.php\/che-cose-il-bosco-del-sasseto\/\"\n                    class=\"lsvr-pressville-sitemap__item-link lsvr-pressville-sitemap__item-link--level-0\"\n                    >Descrizione<\/a>\n\n                                    <\/h3>\n                \n                \n            \n            <\/li>\n\n            \n\n            <li class=\"lsvr-pressville-sitemap__item lsvr-pressville-sitemap__item--level-0 menu-item menu-item-type-post_type menu-item-object-page\">\n\n                                    <h3 class=\"lsvr-pressville-sitemap__item-title\">\n                \n                <a href=\"http:\/\/www.comuneacquapendente.it\/wpaquesionet\/index.php\/info-e-contatti\/\"\n                    class=\"lsvr-pressville-sitemap__item-link lsvr-pressville-sitemap__item-link--level-0\"\n                    >Informazioni<\/a>\n\n                                    <\/h3>\n                \n                \n            \n            <\/li>\n\n            \n\n            <li class=\"lsvr-pressville-sitemap__item lsvr-pressville-sitemap__item--level-0 menu-item menu-item-type-post_type menu-item-object-page\">\n\n                                    <h3 class=\"lsvr-pressville-sitemap__item-title\">\n                \n                <a href=\"http:\/\/www.comuneacquapendente.it\/wpaquesionet\/index.php\/risorse\/\"\n                    class=\"lsvr-pressville-sitemap__item-link lsvr-pressville-sitemap__item-link--level-0\"\n                    >Risorse<\/a>\n\n                                    <\/h3>\n                \n                \n            \n            <\/li>\n\n            <\/ul>                            <\/nav>\n\n                        <\/div>\n                    <\/div>\n                                            <div class=\"lsvr-pressville-sitemap__bg\" style=\"background-image: url('http:\/\/www.comuneacquapendente.it\/wpaquesionet\/files\/Torre_Alfina_Sasseto_1280.jpg');\"><\/div>\n                                    <\/div>\n            <\/section>\n\n            [\/vc_column][\/vc_row][vc_row][vc_column][vc_empty_space height=&#8221;100px&#8221;][\/vc_column][\/vc_row][vc_row][vc_column][vc_column_text]<strong>Biglietteria Bosco del Sasseto<\/strong><br \/>\n<em>(gestione Coop. L\u2019Ape Regina)<\/em><br \/>\nPiazzale Sant\u2019Angelo 19 \u2013 Torre Alfina<br \/>\nTel.: +39 388 8568841 (anche WhatsApp) o +39 0763 730065<br \/>\ne-mail: <a href=\"mailto:boscodelsasseto@comuneacquapendente.it\">boscodelsasseto@comuneacquapendente.it<\/a><br \/>\nModulo di prenotazione on-line: <a href=\"https:\/\/laperegina.it\/modulo-prenotazione-sasseto\/\">https:\/\/laperegina.it\/modulo-prenotazione-sasseto\/<\/a><\/p>\n<p>Il <strong>Bosco del Sasseto<\/strong> \u00e8 di <strong>propriet\u00e0 del Comune di Acquapendente<\/strong> ed \u00e8 gestito in modo integrato con il <strong>Museo del fiore<\/strong> ed il<strong> Museo della Citt\u00e0 Civico e Dicesano<\/strong> e con il supporto tecnico e di vigilanza della<strong> Riserva Naturale Regionale Monte Rufeno<\/strong>.<\/p>\n<p>La visita \u00e8 possibile con le seguenti modalit\u00e0:<a href=\"https:\/\/laperegina.it\/il-bosco-del-sasseto-di-torre-alfina\/\"> https:\/\/laperegina.it\/il-bosco-del-sasseto-di-torre-alfina\/<\/a><\/p>\n<p>&nbsp;[\/vc_column_text][\/vc_column][\/vc_row]<\/p>\n","protected":false},"excerpt":{"rendered":"<p>[vc_row][vc_column][\/vc_column][\/vc_row][vc_row][vc_column][vc_empty_space height=&#8221;100px&#8221;][\/vc_column][\/vc_row][vc_row][vc_column][vc_column_text]Biglietteria Bosco del Sasseto (gestione Coop. L\u2019Ape Regina) Piazzale Sant\u2019Angelo 19 \u2013 Torre Alfina Tel.: +39 388 8568841 (anche WhatsApp) o +39 0763 730065 e-mail: boscodelsasseto@comuneacquapendente.it Modulo di prenotazione on-line: https:\/\/laperegina.it\/modulo-prenotazione-sasseto\/ Il Bosco del Sasseto \u00e8 di propriet\u00e0 del Comune di Acquapendente ed \u00e8 gestito in modo integrato con il Museo del fiore ed [&hellip;]<\/p>\n","protected":false},"author":1,"featured_media":0,"parent":0,"menu_order":0,"comment_status":"closed","ping_status":"closed","template":"","meta":[],"categories":[],"tags":[],"yoast_head":"<!-- This site is optimized with the Yoast SEO plugin v17.2.1 - https:\/\/yoast.com\/wordpress\/plugins\/seo\/ -->\n<title>Info e contatti - aquesionet<\/title>\n<meta name=\"robots\" content=\"index, follow, max-snippet:-1, max-image-preview:large, max-video-preview:-1\" \/>\n<link rel=\"canonical\" href=\"http:\/\/www.comuneacquapendente.it\/wpaquesionet\/index.php\/info-e-contatti\/\" \/>\n<meta property=\"og:locale\" content=\"it_IT\" \/>\n<meta property=\"og:type\" content=\"article\" \/>\n<meta property=\"og:title\" content=\"Info e contatti - aquesionet\" \/>\n<meta property=\"og:description\" content=\"[vc_row][vc_column][\/vc_column][\/vc_row][vc_row][vc_column][vc_empty_space height=&#8221;100px&#8221;][\/vc_column][\/vc_row][vc_row][vc_column][vc_column_text]Biglietteria Bosco del Sasseto (gestione Coop. L\u2019Ape Regina) Piazzale Sant\u2019Angelo 19 \u2013 Torre Alfina Tel.: +39 388 8568841 (anche WhatsApp) o +39 0763 730065 e-mail: boscodelsasseto@comuneacquapendente.it Modulo di prenotazione on-line: https:\/\/laperegina.it\/modulo-prenotazione-sasseto\/ Il Bosco del Sasseto \u00e8 di propriet\u00e0 del Comune di Acquapendente ed \u00e8 gestito in modo integrato con il Museo del fiore ed [&hellip;]\" \/>\n<meta property=\"og:url\" content=\"http:\/\/www.comuneacquapendente.it\/wpaquesionet\/index.php\/info-e-contatti\/\" \/>\n<meta property=\"og:site_name\" content=\"aquesionet\" \/>\n<meta property=\"article:publisher\" content=\"https:\/\/www.facebook.com\/ComunediAcquapendente\/\" \/>\n<meta property=\"article:modified_time\" content=\"2022-05-02T16:13:50+00:00\" \/>\n<meta name=\"twitter:card\" content=\"summary_large_image\" \/>\n<meta name=\"twitter:site\" content=\"@AcquapendenteVT\" \/>\n<meta name=\"twitter:label1\" content=\"Tempo di lettura stimato\" \/>\n\t<meta name=\"twitter:data1\" content=\"1 minuto\" \/>\n<script type=\"application\/ld+json\" class=\"yoast-schema-graph\">{\"@context\":\"https:\/\/schema.org\",\"@graph\":[{\"@type\":\"Organization\",\"@id\":\"http:\/\/www.comuneacquapendente.it\/wpaquesionet\/#organization\",\"name\":\"Comune di Acquapendente\",\"url\":\"http:\/\/www.comuneacquapendente.it\/wpaquesionet\/\",\"sameAs\":[\"https:\/\/www.facebook.com\/ComunediAcquapendente\/\",\"https:\/\/www.youtube.com\/user\/AcquapendenteComune\/\",\"https:\/\/twitter.com\/AcquapendenteVT\"],\"logo\":{\"@type\":\"ImageObject\",\"@id\":\"http:\/\/www.comuneacquapendente.it\/wpaquesionet\/#logo\",\"inLanguage\":\"it-IT\",\"url\":\"http:\/\/www.comuneacquapendente.it\/wpaquesionet\/files\/stemma_comune_Acquapendente512x512.png\",\"contentUrl\":\"http:\/\/www.comuneacquapendente.it\/wpaquesionet\/files\/stemma_comune_Acquapendente512x512.png\",\"width\":512,\"height\":512,\"caption\":\"Comune di Acquapendente\"},\"image\":{\"@id\":\"http:\/\/www.comuneacquapendente.it\/wpaquesionet\/#logo\"}},{\"@type\":\"WebSite\",\"@id\":\"http:\/\/www.comuneacquapendente.it\/wpaquesionet\/#website\",\"url\":\"http:\/\/www.comuneacquapendente.it\/wpaquesionet\/\",\"name\":\"aquesionet\",\"description\":\"LA RETE CIVICA DEL COMUNE DI ACQUAPENDENTE\",\"publisher\":{\"@id\":\"http:\/\/www.comuneacquapendente.it\/wpaquesionet\/#organization\"},\"potentialAction\":[{\"@type\":\"SearchAction\",\"target\":{\"@type\":\"EntryPoint\",\"urlTemplate\":\"http:\/\/www.comuneacquapendente.it\/wpaquesionet\/?s={search_term_string}\"},\"query-input\":\"required name=search_term_string\"}],\"inLanguage\":\"it-IT\"},{\"@type\":\"WebPage\",\"@id\":\"http:\/\/www.comuneacquapendente.it\/wpaquesionet\/index.php\/info-e-contatti\/#webpage\",\"url\":\"http:\/\/www.comuneacquapendente.it\/wpaquesionet\/index.php\/info-e-contatti\/\",\"name\":\"Info e contatti - aquesionet\",\"isPartOf\":{\"@id\":\"http:\/\/www.comuneacquapendente.it\/wpaquesionet\/#website\"},\"datePublished\":\"2019-03-24T10:27:46+00:00\",\"dateModified\":\"2022-05-02T16:13:50+00:00\",\"breadcrumb\":{\"@id\":\"http:\/\/www.comuneacquapendente.it\/wpaquesionet\/index.php\/info-e-contatti\/#breadcrumb\"},\"inLanguage\":\"it-IT\",\"potentialAction\":[{\"@type\":\"ReadAction\",\"target\":[\"http:\/\/www.comuneacquapendente.it\/wpaquesionet\/index.php\/info-e-contatti\/\"]}]},{\"@type\":\"BreadcrumbList\",\"@id\":\"http:\/\/www.comuneacquapendente.it\/wpaquesionet\/index.php\/info-e-contatti\/#breadcrumb\",\"itemListElement\":[{\"@type\":\"ListItem\",\"position\":1,\"name\":\"Home\",\"item\":\"http:\/\/www.comuneacquapendente.it\/wpaquesionet\/\"},{\"@type\":\"ListItem\",\"position\":2,\"name\":\"Info e contatti\"}]}]}<\/script>\n<!-- \/ Yoast SEO plugin. -->","yoast_head_json":{"title":"Info e contatti - aquesionet","robots":{"index":"index","follow":"follow","max-snippet":"max-snippet:-1","max-image-preview":"max-image-preview:large","max-video-preview":"max-video-preview:-1"},"canonical":"http:\/\/www.comuneacquapendente.it\/wpaquesionet\/index.php\/info-e-contatti\/","og_locale":"it_IT","og_type":"article","og_title":"Info e contatti - aquesionet","og_description":"[vc_row][vc_column][\/vc_column][\/vc_row][vc_row][vc_column][vc_empty_space height=&#8221;100px&#8221;][\/vc_column][\/vc_row][vc_row][vc_column][vc_column_text]Biglietteria Bosco del Sasseto (gestione Coop. L\u2019Ape Regina) Piazzale Sant\u2019Angelo 19 \u2013 Torre Alfina Tel.: +39 388 8568841 (anche WhatsApp) o +39 0763 730065 e-mail: boscodelsasseto@comuneacquapendente.it Modulo di prenotazione on-line: https:\/\/laperegina.it\/modulo-prenotazione-sasseto\/ Il Bosco del Sasseto \u00e8 di propriet\u00e0 del Comune di Acquapendente ed \u00e8 gestito in modo integrato con il Museo del fiore ed [&hellip;]","og_url":"http:\/\/www.comuneacquapendente.it\/wpaquesionet\/index.php\/info-e-contatti\/","og_site_name":"aquesionet","article_publisher":"https:\/\/www.facebook.com\/ComunediAcquapendente\/","article_modified_time":"2022-05-02T16:13:50+00:00","twitter_card":"summary_large_image","twitter_site":"@AcquapendenteVT","twitter_misc":{"Tempo di lettura stimato":"1 minuto"},"schema":{"@context":"https:\/\/schema.org","@graph":[{"@type":"Organization","@id":"http:\/\/www.comuneacquapendente.it\/wpaquesionet\/#organization","name":"Comune di Acquapendente","url":"http:\/\/www.comuneacquapendente.it\/wpaquesionet\/","sameAs":["https:\/\/www.facebook.com\/ComunediAcquapendente\/","https:\/\/www.youtube.com\/user\/AcquapendenteComune\/","https:\/\/twitter.com\/AcquapendenteVT"],"logo":{"@type":"ImageObject","@id":"http:\/\/www.comuneacquapendente.it\/wpaquesionet\/#logo","inLanguage":"it-IT","url":"http:\/\/www.comuneacquapendente.it\/wpaquesionet\/files\/stemma_comune_Acquapendente512x512.png","contentUrl":"http:\/\/www.comuneacquapendente.it\/wpaquesionet\/files\/stemma_comune_Acquapendente512x512.png","width":512,"height":512,"caption":"Comune di Acquapendente"},"image":{"@id":"http:\/\/www.comuneacquapendente.it\/wpaquesionet\/#logo"}},{"@type":"WebSite","@id":"http:\/\/www.comuneacquapendente.it\/wpaquesionet\/#website","url":"http:\/\/www.comuneacquapendente.it\/wpaquesionet\/","name":"aquesionet","description":"LA RETE CIVICA DEL COMUNE DI ACQUAPENDENTE","publisher":{"@id":"http:\/\/www.comuneacquapendente.it\/wpaquesionet\/#organization"},"potentialAction":[{"@type":"SearchAction","target":{"@type":"EntryPoint","urlTemplate":"http:\/\/www.comuneacquapendente.it\/wpaquesionet\/?s={search_term_string}"},"query-input":"required name=search_term_string"}],"inLanguage":"it-IT"},{"@type":"WebPage","@id":"http:\/\/www.comuneacquapendente.it\/wpaquesionet\/index.php\/info-e-contatti\/#webpage","url":"http:\/\/www.comuneacquapendente.it\/wpaquesionet\/index.php\/info-e-contatti\/","name":"Info e contatti - aquesionet","isPartOf":{"@id":"http:\/\/www.comuneacquapendente.it\/wpaquesionet\/#website"},"datePublished":"2019-03-24T10:27:46+00:00","dateModified":"2022-05-02T16:13:50+00:00","breadcrumb":{"@id":"http:\/\/www.comuneacquapendente.it\/wpaquesionet\/index.php\/info-e-contatti\/#breadcrumb"},"inLanguage":"it-IT","potentialAction":[{"@type":"ReadAction","target":["http:\/\/www.comuneacquapendente.it\/wpaquesionet\/index.php\/info-e-contatti\/"]}]},{"@type":"BreadcrumbList","@id":"http:\/\/www.comuneacquapendente.it\/wpaquesionet\/index.php\/info-e-contatti\/#breadcrumb","itemListElement":[{"@type":"ListItem","position":1,"name":"Home","item":"http:\/\/www.comuneacquapendente.it\/wpaquesionet\/"},{"@type":"ListItem","position":2,"name":"Info e contatti"}]}]}},"_links":{"self":[{"href":"http:\/\/www.comuneacquapendente.it\/wpaquesionet\/index.php\/wp-json\/wp\/v2\/pages\/1781"}],"collection":[{"href":"http:\/\/www.comuneacquapendente.it\/wpaquesionet\/index.php\/wp-json\/wp\/v2\/pages"}],"about":[{"href":"http:\/\/www.comuneacquapendente.it\/wpaquesionet\/index.php\/wp-json\/wp\/v2\/types\/page"}],"author":[{"embeddable":true,"href":"http:\/\/www.comuneacquapendente.it\/wpaquesionet\/index.php\/wp-json\/wp\/v2\/users\/1"}],"replies":[{"embeddable":true,"href":"http:\/\/www.comuneacquapendente.it\/wpaquesionet\/index.php\/wp-json\/wp\/v2\/comments?post=1781"}],"version-history":[{"count":3,"href":"http:\/\/www.comuneacquapendente.it\/wpaquesionet\/index.php\/wp-json\/wp\/v2\/pages\/1781\/revisions"}],"predecessor-version":[{"id":4291,"href":"http:\/\/www.comuneacquapendente.it\/wpaquesionet\/index.php\/wp-json\/wp\/v2\/pages\/1781\/revisions\/4291"}],"wp:attachment":[{"href":"http:\/\/www.comuneacquapendente.it\/wpaquesionet\/index.php\/wp-json\/wp\/v2\/media?parent=1781"}],"wp:term":[{"taxonomy":"category","embeddable":true,"href":"http:\/\/www.comuneacquapendente.it\/wpaquesionet\/index.php\/wp-json\/wp\/v2\/categories?post=1781"},{"taxonomy":"post_tag","embeddable":true,"href":"http:\/\/www.comuneacquapendente.it\/wpaquesionet\/index.php\/wp-json\/wp\/v2\/tags?post=1781"}],"curies":[{"name":"wp","href":"https:\/\/api.w.org\/{rel}","templated":true}]}}