{"id":248,"date":"2018-07-05T08:42:12","date_gmt":"2018-07-05T08:42:12","guid":{"rendered":"http:\/\/www.comuneacquapendente.it\/wpaquesionet\/?page_id=248"},"modified":"2022-09-30T14:13:02","modified_gmt":"2022-09-30T14:13:02","slug":"suap-sportello-unico-attivita-produttive","status":"publish","type":"page","link":"http:\/\/www.comuneacquapendente.it\/wpaquesionet\/index.php\/suap-sportello-unico-attivita-produttive\/","title":{"rendered":"SUAP Sportello Unico Attivit\u00e0 Produttive"},"content":{"rendered":"<p>[vc_row][vc_column][vc_column_text][vc_row][vc_column width=&#8221;1\/1&#8243;][vc_column_text]<strong>Responsabile:<\/strong><br \/>\nDott.ssa. Corinna PERNIGOTTO CEGO<\/p>\n<p>Tel.: 0763-7309232<br \/>\nfax\u00a00763 711215<br \/>\nE-mail:\u00a0<a href=\"mailto:suap@comuneacquapendente.it\">suap@comuneacquapendente.it<br \/>\n<\/a>PEC:\u00a0<a href=\"mailto:suap.comuneacquapendente@pec.it\">suap.comuneacquapendente@pec.it<\/a><br \/>\nSede: Piazza Girolamo Fabrizio, 17<\/p>\n<p><strong>Orario di apertura al pubblico:<\/strong><br \/>\nLuned\u00ec &#8211; Mercoled\u00ec dalle 11 alle 13<\/p>\n<p>&nbsp;<\/p>\n<p>Si comunica che <strong>a partire dal 2 maggio 2019<\/strong>, per effetto della convenzione stipulata tra <strong>Comune di Acquapendente<\/strong> e la <strong>Camera di Commercio, Industria ed Artigianato di Viterbo<\/strong>, per la gestione telematica delle pratiche dello Sportello Unico per le Attivit\u00e0 Produttive (S.U.A.P.), <strong>sar\u00e0 operativo lo sportello SUAP Camerale del Comune di Acquapendente<\/strong>.<\/p>\n<p>Tale sportello sar\u00e0 accessibile <strong>esclusivamente<\/strong> attraverso il portale <a href=\"https:\/\/www.impresainungiorno.gov.it\" target=\"_blank\" rel=\"noopener\">www.impresainungiorno.gov.it<\/a> e l\u2019ufficio S.U.A.P. del Comune di Acquapendente <strong>non potr\u00e0 pi\u00f9 accettare pratiche provenienti in modalit\u00e0 diversa<\/strong>.<\/p>\n<p>L\u2019imprenditore avr\u00e0 cos\u00ec la possibilit\u00e0:<\/p>\n<p>\u2013 di compilare in maniera interattiva ed assistita la pratica S.U.A.P., riducendo sensibilmente la possibilit\u00e0 di commettere errori di compilazione;<\/p>\n<p>\u2013 di inviare una Segnalazione Certificata di Inizio Attivit\u00e0 (S.C.I.A.) contestualmente alla pratica Comunica destinata al Registro delle Imprese, cos\u00ec come previsto dalla normativa vigente (D.P.R. 160\/2010), assolvendo cos\u00ec,\u00a0<strong>in un\u2019unica operazione<\/strong>, a tutti gli adempimenti pubblicitari previsti dall\u2019ordinamento per la costituzione e l\u2019avvio d\u2019impresa (tali segnalazioni e le documentazioni allegate alle stesse alimenteranno il Fascicolo d\u2019Impresa);<\/p>\n<p>\u2013 di richiedere autorizzazioni commerciali, pagare i relativi diritti e presentare la documentazione di supporto obbligatoria direttamente online tramite la piattaforma\u00a0<a href=\"https:\/\/www.impresainungiorno.gov.it\/\" target=\"_blank\" rel=\"noopener\">www.impresainungiorno.gov.it<\/a>.<\/p>\n<p><strong>Si invitano tutti coloro che dovranno presentare pratiche allo S.U.A.P. del Comune di Acquapendente ad utilizzare solo ed esclusivamente tale canale telematico<\/strong>.<\/p>\n<p><strong>Tutte le S.C.I.A. (Segnalazioni Certificate di Inizio Attivit\u00e0) e le istanze che verranno inviate per mezzo di qualsiasi modalit\u00e0 diversa da quella suddetta verranno respinte<\/strong>, conformemente a quanto indicato nella risoluzione n. 212434 del 24.12.2013 del Ministero dello Sviluppo Economico. Si informa che in caso di presentazione diretta di pratiche tramite posta elettronica certificata, la ricevuta generata automaticamente dal gestore della casella <strong>non produce alcun effetto amministrativo ai fini dello svolgimento dell&#8217;attivit\u00e0 di impresa<\/strong>.<\/p>\n<p>L&#8217;ufficio comunale SUAP \u00e8 a disposizione degli utenti per ogni tipo di informazione a riguardo e per fornire assistenza per una corretta gestione delle pratiche.<\/p>\n<p>&nbsp;<\/p>\n<p><iframe loading=\"lazy\" title=\"Il Suap: lo Sportello Unico per le Attivit\u00e0 Produttive\" width=\"500\" height=\"281\" src=\"https:\/\/www.youtube.com\/embed\/kMU0Bwm17yU?feature=oembed\" frameborder=\"0\" allow=\"accelerometer; autoplay; clipboard-write; encrypted-media; gyroscope; picture-in-picture\" allowfullscreen><\/iframe><\/p>\n<p>https:\/\/www.youtube.com\/watch?v=jcF7AwRDydw[\/vc_column_text][\/vc_column][\/vc_row]<\/p>\n","protected":false},"excerpt":{"rendered":"<p>[vc_row][vc_column][vc_column_text][vc_row][vc_column width=&#8221;1\/1&#8243;][vc_column_text]Responsabile: Dott.ssa. Corinna PERNIGOTTO CEGO Tel.: 0763-7309232 fax\u00a00763 711215 E-mail:\u00a0suap@comuneacquapendente.it PEC:\u00a0suap.comuneacquapendente@pec.it Sede: Piazza Girolamo Fabrizio, 17 Orario di apertura al pubblico: Luned\u00ec &#8211; Mercoled\u00ec dalle 11 alle 13 &nbsp; Si comunica che a partire dal 2 maggio 2019, per effetto della convenzione stipulata tra Comune di Acquapendente e la Camera di Commercio, Industria ed [&hellip;]<\/p>\n","protected":false},"author":1,"featured_media":0,"parent":0,"menu_order":0,"comment_status":"closed","ping_status":"closed","template":"","meta":[],"categories":[],"tags":[],"yoast_head":"<!-- This site is optimized with the Yoast SEO plugin v17.2.1 - https:\/\/yoast.com\/wordpress\/plugins\/seo\/ -->\n<title>SUAP Sportello Unico Attivit\u00e0 Produttive - aquesionet<\/title>\n<meta name=\"robots\" content=\"index, follow, max-snippet:-1, max-image-preview:large, max-video-preview:-1\" \/>\n<link rel=\"canonical\" href=\"http:\/\/www.comuneacquapendente.it\/wpaquesionet\/index.php\/suap-sportello-unico-attivita-produttive\/\" \/>\n<meta property=\"og:locale\" content=\"it_IT\" \/>\n<meta property=\"og:type\" content=\"article\" \/>\n<meta property=\"og:title\" content=\"SUAP Sportello Unico Attivit\u00e0 Produttive - aquesionet\" \/>\n<meta property=\"og:description\" content=\"[vc_row][vc_column][vc_column_text][vc_row][vc_column width=&#8221;1\/1&#8243;][vc_column_text]Responsabile: Dott.ssa. Corinna PERNIGOTTO CEGO Tel.: 0763-7309232 fax\u00a00763 711215 E-mail:\u00a0suap@comuneacquapendente.it PEC:\u00a0suap.comuneacquapendente@pec.it Sede: Piazza Girolamo Fabrizio, 17 Orario di apertura al pubblico: Luned\u00ec &#8211; Mercoled\u00ec dalle 11 alle 13 &nbsp; Si comunica che a partire dal 2 maggio 2019, per effetto della convenzione stipulata tra Comune di Acquapendente e la Camera di Commercio, Industria ed [&hellip;]\" \/>\n<meta property=\"og:url\" content=\"http:\/\/www.comuneacquapendente.it\/wpaquesionet\/index.php\/suap-sportello-unico-attivita-produttive\/\" \/>\n<meta property=\"og:site_name\" content=\"aquesionet\" \/>\n<meta property=\"article:publisher\" content=\"https:\/\/www.facebook.com\/ComunediAcquapendente\/\" \/>\n<meta property=\"article:modified_time\" content=\"2022-09-30T14:13:02+00:00\" \/>\n<meta name=\"twitter:card\" content=\"summary_large_image\" \/>\n<meta name=\"twitter:site\" content=\"@AcquapendenteVT\" \/>\n<meta name=\"twitter:label1\" content=\"Tempo di lettura stimato\" \/>\n\t<meta name=\"twitter:data1\" content=\"2 minuti\" \/>\n<script type=\"application\/ld+json\" class=\"yoast-schema-graph\">{\"@context\":\"https:\/\/schema.org\",\"@graph\":[{\"@type\":\"Organization\",\"@id\":\"http:\/\/www.comuneacquapendente.it\/wpaquesionet\/#organization\",\"name\":\"Comune di Acquapendente\",\"url\":\"http:\/\/www.comuneacquapendente.it\/wpaquesionet\/\",\"sameAs\":[\"https:\/\/www.facebook.com\/ComunediAcquapendente\/\",\"https:\/\/www.youtube.com\/user\/AcquapendenteComune\/\",\"https:\/\/twitter.com\/AcquapendenteVT\"],\"logo\":{\"@type\":\"ImageObject\",\"@id\":\"http:\/\/www.comuneacquapendente.it\/wpaquesionet\/#logo\",\"inLanguage\":\"it-IT\",\"url\":\"http:\/\/www.comuneacquapendente.it\/wpaquesionet\/files\/stemma_comune_Acquapendente512x512.png\",\"contentUrl\":\"http:\/\/www.comuneacquapendente.it\/wpaquesionet\/files\/stemma_comune_Acquapendente512x512.png\",\"width\":512,\"height\":512,\"caption\":\"Comune di Acquapendente\"},\"image\":{\"@id\":\"http:\/\/www.comuneacquapendente.it\/wpaquesionet\/#logo\"}},{\"@type\":\"WebSite\",\"@id\":\"http:\/\/www.comuneacquapendente.it\/wpaquesionet\/#website\",\"url\":\"http:\/\/www.comuneacquapendente.it\/wpaquesionet\/\",\"name\":\"aquesionet\",\"description\":\"LA RETE CIVICA DEL COMUNE DI ACQUAPENDENTE\",\"publisher\":{\"@id\":\"http:\/\/www.comuneacquapendente.it\/wpaquesionet\/#organization\"},\"potentialAction\":[{\"@type\":\"SearchAction\",\"target\":{\"@type\":\"EntryPoint\",\"urlTemplate\":\"http:\/\/www.comuneacquapendente.it\/wpaquesionet\/?s={search_term_string}\"},\"query-input\":\"required name=search_term_string\"}],\"inLanguage\":\"it-IT\"},{\"@type\":\"WebPage\",\"@id\":\"http:\/\/www.comuneacquapendente.it\/wpaquesionet\/index.php\/suap-sportello-unico-attivita-produttive\/#webpage\",\"url\":\"http:\/\/www.comuneacquapendente.it\/wpaquesionet\/index.php\/suap-sportello-unico-attivita-produttive\/\",\"name\":\"SUAP Sportello Unico Attivit\\u00e0 Produttive - aquesionet\",\"isPartOf\":{\"@id\":\"http:\/\/www.comuneacquapendente.it\/wpaquesionet\/#website\"},\"datePublished\":\"2018-07-05T08:42:12+00:00\",\"dateModified\":\"2022-09-30T14:13:02+00:00\",\"breadcrumb\":{\"@id\":\"http:\/\/www.comuneacquapendente.it\/wpaquesionet\/index.php\/suap-sportello-unico-attivita-produttive\/#breadcrumb\"},\"inLanguage\":\"it-IT\",\"potentialAction\":[{\"@type\":\"ReadAction\",\"target\":[\"http:\/\/www.comuneacquapendente.it\/wpaquesionet\/index.php\/suap-sportello-unico-attivita-produttive\/\"]}]},{\"@type\":\"BreadcrumbList\",\"@id\":\"http:\/\/www.comuneacquapendente.it\/wpaquesionet\/index.php\/suap-sportello-unico-attivita-produttive\/#breadcrumb\",\"itemListElement\":[{\"@type\":\"ListItem\",\"position\":1,\"name\":\"Home\",\"item\":\"http:\/\/www.comuneacquapendente.it\/wpaquesionet\/\"},{\"@type\":\"ListItem\",\"position\":2,\"name\":\"SUAP Sportello Unico Attivit\\u00e0 Produttive\"}]}]}<\/script>\n<!-- \/ Yoast SEO plugin. -->","yoast_head_json":{"title":"SUAP Sportello Unico Attivit\u00e0 Produttive - aquesionet","robots":{"index":"index","follow":"follow","max-snippet":"max-snippet:-1","max-image-preview":"max-image-preview:large","max-video-preview":"max-video-preview:-1"},"canonical":"http:\/\/www.comuneacquapendente.it\/wpaquesionet\/index.php\/suap-sportello-unico-attivita-produttive\/","og_locale":"it_IT","og_type":"article","og_title":"SUAP Sportello Unico Attivit\u00e0 Produttive - aquesionet","og_description":"[vc_row][vc_column][vc_column_text][vc_row][vc_column width=&#8221;1\/1&#8243;][vc_column_text]Responsabile: Dott.ssa. Corinna PERNIGOTTO CEGO Tel.: 0763-7309232 fax\u00a00763 711215 E-mail:\u00a0suap@comuneacquapendente.it PEC:\u00a0suap.comuneacquapendente@pec.it Sede: Piazza Girolamo Fabrizio, 17 Orario di apertura al pubblico: Luned\u00ec &#8211; Mercoled\u00ec dalle 11 alle 13 &nbsp; Si comunica che a partire dal 2 maggio 2019, per effetto della convenzione stipulata tra Comune di Acquapendente e la Camera di Commercio, Industria ed [&hellip;]","og_url":"http:\/\/www.comuneacquapendente.it\/wpaquesionet\/index.php\/suap-sportello-unico-attivita-produttive\/","og_site_name":"aquesionet","article_publisher":"https:\/\/www.facebook.com\/ComunediAcquapendente\/","article_modified_time":"2022-09-30T14:13:02+00:00","twitter_card":"summary_large_image","twitter_site":"@AcquapendenteVT","twitter_misc":{"Tempo di lettura stimato":"2 minuti"},"schema":{"@context":"https:\/\/schema.org","@graph":[{"@type":"Organization","@id":"http:\/\/www.comuneacquapendente.it\/wpaquesionet\/#organization","name":"Comune di Acquapendente","url":"http:\/\/www.comuneacquapendente.it\/wpaquesionet\/","sameAs":["https:\/\/www.facebook.com\/ComunediAcquapendente\/","https:\/\/www.youtube.com\/user\/AcquapendenteComune\/","https:\/\/twitter.com\/AcquapendenteVT"],"logo":{"@type":"ImageObject","@id":"http:\/\/www.comuneacquapendente.it\/wpaquesionet\/#logo","inLanguage":"it-IT","url":"http:\/\/www.comuneacquapendente.it\/wpaquesionet\/files\/stemma_comune_Acquapendente512x512.png","contentUrl":"http:\/\/www.comuneacquapendente.it\/wpaquesionet\/files\/stemma_comune_Acquapendente512x512.png","width":512,"height":512,"caption":"Comune di Acquapendente"},"image":{"@id":"http:\/\/www.comuneacquapendente.it\/wpaquesionet\/#logo"}},{"@type":"WebSite","@id":"http:\/\/www.comuneacquapendente.it\/wpaquesionet\/#website","url":"http:\/\/www.comuneacquapendente.it\/wpaquesionet\/","name":"aquesionet","description":"LA RETE CIVICA DEL COMUNE DI ACQUAPENDENTE","publisher":{"@id":"http:\/\/www.comuneacquapendente.it\/wpaquesionet\/#organization"},"potentialAction":[{"@type":"SearchAction","target":{"@type":"EntryPoint","urlTemplate":"http:\/\/www.comuneacquapendente.it\/wpaquesionet\/?s={search_term_string}"},"query-input":"required name=search_term_string"}],"inLanguage":"it-IT"},{"@type":"WebPage","@id":"http:\/\/www.comuneacquapendente.it\/wpaquesionet\/index.php\/suap-sportello-unico-attivita-produttive\/#webpage","url":"http:\/\/www.comuneacquapendente.it\/wpaquesionet\/index.php\/suap-sportello-unico-attivita-produttive\/","name":"SUAP Sportello Unico Attivit\u00e0 Produttive - aquesionet","isPartOf":{"@id":"http:\/\/www.comuneacquapendente.it\/wpaquesionet\/#website"},"datePublished":"2018-07-05T08:42:12+00:00","dateModified":"2022-09-30T14:13:02+00:00","breadcrumb":{"@id":"http:\/\/www.comuneacquapendente.it\/wpaquesionet\/index.php\/suap-sportello-unico-attivita-produttive\/#breadcrumb"},"inLanguage":"it-IT","potentialAction":[{"@type":"ReadAction","target":["http:\/\/www.comuneacquapendente.it\/wpaquesionet\/index.php\/suap-sportello-unico-attivita-produttive\/"]}]},{"@type":"BreadcrumbList","@id":"http:\/\/www.comuneacquapendente.it\/wpaquesionet\/index.php\/suap-sportello-unico-attivita-produttive\/#breadcrumb","itemListElement":[{"@type":"ListItem","position":1,"name":"Home","item":"http:\/\/www.comuneacquapendente.it\/wpaquesionet\/"},{"@type":"ListItem","position":2,"name":"SUAP Sportello Unico Attivit\u00e0 Produttive"}]}]}},"_links":{"self":[{"href":"http:\/\/www.comuneacquapendente.it\/wpaquesionet\/index.php\/wp-json\/wp\/v2\/pages\/248"}],"collection":[{"href":"http:\/\/www.comuneacquapendente.it\/wpaquesionet\/index.php\/wp-json\/wp\/v2\/pages"}],"about":[{"href":"http:\/\/www.comuneacquapendente.it\/wpaquesionet\/index.php\/wp-json\/wp\/v2\/types\/page"}],"author":[{"embeddable":true,"href":"http:\/\/www.comuneacquapendente.it\/wpaquesionet\/index.php\/wp-json\/wp\/v2\/users\/1"}],"replies":[{"embeddable":true,"href":"http:\/\/www.comuneacquapendente.it\/wpaquesionet\/index.php\/wp-json\/wp\/v2\/comments?post=248"}],"version-history":[{"count":11,"href":"http:\/\/www.comuneacquapendente.it\/wpaquesionet\/index.php\/wp-json\/wp\/v2\/pages\/248\/revisions"}],"predecessor-version":[{"id":4470,"href":"http:\/\/www.comuneacquapendente.it\/wpaquesionet\/index.php\/wp-json\/wp\/v2\/pages\/248\/revisions\/4470"}],"wp:attachment":[{"href":"http:\/\/www.comuneacquapendente.it\/wpaquesionet\/index.php\/wp-json\/wp\/v2\/media?parent=248"}],"wp:term":[{"taxonomy":"category","embeddable":true,"href":"http:\/\/www.comuneacquapendente.it\/wpaquesionet\/index.php\/wp-json\/wp\/v2\/categories?post=248"},{"taxonomy":"post_tag","embeddable":true,"href":"http:\/\/www.comuneacquapendente.it\/wpaquesionet\/index.php\/wp-json\/wp\/v2\/tags?post=248"}],"curies":[{"name":"wp","href":"https:\/\/api.w.org\/{rel}","templated":true}]}}