{"id":251,"date":"2018-07-05T08:42:37","date_gmt":"2018-07-05T08:42:37","guid":{"rendered":"http:\/\/www.comuneacquapendente.it\/wpaquesionet\/?page_id=251"},"modified":"2022-09-30T13:31:53","modified_gmt":"2022-09-30T13:31:53","slug":"uma-ufficio-agricoltura","status":"publish","type":"page","link":"http:\/\/www.comuneacquapendente.it\/wpaquesionet\/index.php\/uma-ufficio-agricoltura\/","title":{"rendered":"Sportello agricoltura"},"content":{"rendered":"[vc_row][vc_column][vc_column_text]<p><strong>Responsabile:<br \/><\/strong>Ing. Maria Cristiana CAL\u00c0<br \/><strong>Responsabile di procedimento:<\/strong><br \/>Dott. Francesco PRUDENZI<\/p>\n<p>Tel.: 0763-7309205<br \/>fax\u00a00763 711215<br \/>E-mail:\u00a0<a href=\"mailto:prudenzi@gmail.com\">prudenzi@gmail.com<\/a><br \/>Sede: Piazza Girolamo Fabrizio, 17<\/p>\n<p><strong>Orario di apertura al pubblico:<\/strong><br \/>Dal 1 gennaio al 30 giugno:<br \/>luned\u00ec, gioved\u00ec e venerd\u00ec dalle 9,00 alle 12,00<\/p>\n<p>Dal 1 luglio al 31 dicembre:<br \/>luned\u00ec e venerd\u00ec dalle 9,00 alle 12,00<\/p>\n<p>&#8211; svolge le funzioni in materia di agricoltura delegate dalla Regione Lazio con L.R. 14\/99, come comune capofila dell&#8217;ambito di competenza per i seguenti comuni: Acquapendente, Bolsena, Gradoli, Grotte di Castro, Latera, Onano, Proceno, S. Lorenzo Nuovo;<br \/>&#8211; U.M.A. Utenti Motori Agricoli<br \/>&#8211; Propriet\u00e0 coltivatrice<br \/>&#8211; Imprenditore agricolo professionale<br \/>&#8211; Rilascio autorizzazione attivit\u00e0 di produzione e di commercializzazione dei prodotti vegetali<br \/>&#8211; Rilascio tesserini venatori<\/p>[\/vc_column_text][\/vc_column][\/vc_row][vc_row][vc_column][vc_column_text]\n<p>\u00a0<\/p>\n<p style=\"text-align: left;\" align=\"center\"><strong>SEGNALAZIONI DANNI DA GELATE PRIMAVERILI SULLE COLTURE AGRICOLE<\/strong><\/p>\n<div dir=\"auto\">Viste le recenti avversit\u00e0 climatiche che si sono verificate sul nostro territorio, nei giorni del 8 &#8211; 9 Aprile 2021, si invitano tutte le aziende agricole e i proprietari di fondi agricoli che ritengono di aver subito danni da gelate tardive sui fondi compresi nel territorio del Comune di Acquapendente, a compilare l\u2019apposito prospetto<\/div>\n<div dir=\"auto\">ed a comunicarlo tramite pec all&#8217;indirizzo <a href=\"mailto:comuneacquapendente@legalmail.it\">comuneacquapendente@legalmail.it<\/a><\/div>\n<div dir=\"auto\">oppure tramite e-mail ordinaria all\u2019indirizzo <a href=\"mailto:fprudenzi@comuneacquapendente.it\">fprudenzi@comuneacquapendente.it<\/a><\/div>\n<div dir=\"auto\">entro e non oltre il 13 Aprile 2021 ore 12:00.<\/div>\n<p style=\"text-align: left;\" align=\"center\"><a href=\"http:\/\/www.comuneacquapendente.it\/wpaquesionet\/files\/modulo-danni.doc\">Modulo per segnalazione danni<\/a><\/p>\n<p align=\"center\">\u00a0<\/p>\n\n\n<p><a rel=\"noreferrer noopener\" aria-label=\"MODULISTICA ONLINE (apre in una nuova scheda)\" href=\"http:\/\/www.comuneacquapendente.it\/wpaquesionet\/index.php\/moduli-uma\/\" target=\"_blank\">MODULISTICA ONLINE<\/a><\/p>\n\n\n\n<p> <a aria-label=\"DPCM dell\u201911 marzo 2020 \u201cMisure in materia di contenimento e gestione dell\u2019emergenza epidemiologica COVID-19 \u2013 UMA, Procedura semplificata per l\u2019assegnazione del gasolio agricolo fino al 30 aprile 2020  (apre in una nuova scheda)\" href=\"http:\/\/www.regione.lazio.it\/binary\/rl_main\/tbl_documenti\/AGC_DD_G03083_20_03_2020.pdf\" target=\"_blank\" rel=\"noreferrer noopener\">DPCM dell\u201911 marzo 2020 \u201cMisure in materia di contenimento e gestione dell\u2019emergenza epidemiologica COVID-19 \u2013 UMA, Procedura semplificata per l\u2019assegnazione del gasolio agricolo fino al 30 aprile 2020 <\/a><\/p>\n\n\n\n<p><\/p>\n\n\n\n<p><strong>RICHIESTA ASSEGNAZIONE GASOLIO ANNO 2021<\/strong><\/p>\n\n\n\n<p>Va compilata con tutti i dati desumibili dal libretto del gasolio dell&#8217;anno 2020 nelle seguenti pagine: 1 e 4. Da pag 5 in poi vanno compilate le schede che riguardano la propria situazione aziendale, inserendo le voci delle lavorazioni e gli ettari delle colture ( Allegato A, C, D, E).<br><a href=\"http:\/\/www.comuneacquapendente.it\/wpaquesionet\/files\/Richiesta-carburante-2019-1.docx\" target=\"_blank\" rel=\"noreferrer noopener\">Richiesta carburante<\/a><\/p>\n\n\n\n<p>SOLO PER GLI ALLEVAMENTI: Nella Dichiarazione aggiuntiva mettere il numero dei capi presente sul fascicolo aziendale, gli ettari e calcolare il rapporto delle UF, unit\u00e0 foraggere.<br><a href=\"http:\/\/www.comuneacquapendente.it\/wpaquesionet\/files\/dichiarazione-aggiuntiva-allevamenti-2019-1.pdf\" target=\"_blank\" rel=\"noreferrer noopener\">Dichiarazione aggiuntiva allevamenti<\/a><br>ADEMPIMENTI PRELIMINARI: Provvedere all&#8217;aggiornamento del fascicolo aziendale.<br>ALLEGARE: CARTA DI IDENTIT\u00c0 ULTIMA E PENULTIMA PAGINA LIBRETTO DI CONTROLLO<\/p>\n\n\n\n<p>Pec:&nbsp;<a href=\"javascript:webmail.View.mailto({mailto:'comuneacquapendente@legalmail.it', subject: ''})\">comuneacquapendente@legalmail.it<\/a><\/p>\n\n\n\n<p>Per info 07637309205<\/p>\n[\/vc_column_text][\/vc_column][\/vc_row]","protected":false},"excerpt":{"rendered":"<p>[vc_row][vc_column][vc_column_text] Responsabile:Ing. Maria Cristiana CAL\u00c0Responsabile di procedimento:Dott. Francesco PRUDENZI Tel.: 0763-7309205fax\u00a00763 711215E-mail:\u00a0prudenzi@gmail.comSede: Piazza Girolamo Fabrizio, 17 Orario di apertura al pubblico:Dal 1 gennaio al 30 giugno:luned\u00ec, gioved\u00ec e venerd\u00ec dalle 9,00 alle 12,00 Dal 1 luglio al 31 dicembre:luned\u00ec e venerd\u00ec dalle 9,00 alle 12,00 &#8211; svolge le funzioni in materia di agricoltura delegate dalla [&hellip;]<\/p>\n","protected":false},"author":1,"featured_media":0,"parent":0,"menu_order":0,"comment_status":"closed","ping_status":"closed","template":"","meta":[],"categories":[],"tags":[],"yoast_head":"<!-- This site is optimized with the Yoast SEO plugin v17.2.1 - https:\/\/yoast.com\/wordpress\/plugins\/seo\/ -->\n<title>Sportello agricoltura - aquesionet<\/title>\n<meta name=\"robots\" content=\"index, follow, max-snippet:-1, max-image-preview:large, max-video-preview:-1\" \/>\n<link rel=\"canonical\" href=\"http:\/\/www.comuneacquapendente.it\/wpaquesionet\/index.php\/uma-ufficio-agricoltura\/\" \/>\n<meta property=\"og:locale\" content=\"it_IT\" \/>\n<meta property=\"og:type\" content=\"article\" \/>\n<meta property=\"og:title\" content=\"Sportello agricoltura - aquesionet\" \/>\n<meta property=\"og:description\" content=\"[vc_row][vc_column][vc_column_text] Responsabile:Ing. Maria Cristiana CAL\u00c0Responsabile di procedimento:Dott. Francesco PRUDENZI Tel.: 0763-7309205fax\u00a00763 711215E-mail:\u00a0prudenzi@gmail.comSede: Piazza Girolamo Fabrizio, 17 Orario di apertura al pubblico:Dal 1 gennaio al 30 giugno:luned\u00ec, gioved\u00ec e venerd\u00ec dalle 9,00 alle 12,00 Dal 1 luglio al 31 dicembre:luned\u00ec e venerd\u00ec dalle 9,00 alle 12,00 &#8211; svolge le funzioni in materia di agricoltura delegate dalla [&hellip;]\" \/>\n<meta property=\"og:url\" content=\"http:\/\/www.comuneacquapendente.it\/wpaquesionet\/index.php\/uma-ufficio-agricoltura\/\" \/>\n<meta property=\"og:site_name\" content=\"aquesionet\" \/>\n<meta property=\"article:publisher\" content=\"https:\/\/www.facebook.com\/ComunediAcquapendente\/\" \/>\n<meta property=\"article:modified_time\" content=\"2022-09-30T13:31:53+00:00\" \/>\n<meta name=\"twitter:card\" content=\"summary_large_image\" \/>\n<meta name=\"twitter:site\" content=\"@AcquapendenteVT\" \/>\n<meta name=\"twitter:label1\" content=\"Tempo di lettura stimato\" \/>\n\t<meta name=\"twitter:data1\" content=\"2 minuti\" \/>\n<script type=\"application\/ld+json\" class=\"yoast-schema-graph\">{\"@context\":\"https:\/\/schema.org\",\"@graph\":[{\"@type\":\"Organization\",\"@id\":\"http:\/\/www.comuneacquapendente.it\/wpaquesionet\/#organization\",\"name\":\"Comune di Acquapendente\",\"url\":\"http:\/\/www.comuneacquapendente.it\/wpaquesionet\/\",\"sameAs\":[\"https:\/\/www.facebook.com\/ComunediAcquapendente\/\",\"https:\/\/www.youtube.com\/user\/AcquapendenteComune\/\",\"https:\/\/twitter.com\/AcquapendenteVT\"],\"logo\":{\"@type\":\"ImageObject\",\"@id\":\"http:\/\/www.comuneacquapendente.it\/wpaquesionet\/#logo\",\"inLanguage\":\"it-IT\",\"url\":\"http:\/\/www.comuneacquapendente.it\/wpaquesionet\/files\/stemma_comune_Acquapendente512x512.png\",\"contentUrl\":\"http:\/\/www.comuneacquapendente.it\/wpaquesionet\/files\/stemma_comune_Acquapendente512x512.png\",\"width\":512,\"height\":512,\"caption\":\"Comune di Acquapendente\"},\"image\":{\"@id\":\"http:\/\/www.comuneacquapendente.it\/wpaquesionet\/#logo\"}},{\"@type\":\"WebSite\",\"@id\":\"http:\/\/www.comuneacquapendente.it\/wpaquesionet\/#website\",\"url\":\"http:\/\/www.comuneacquapendente.it\/wpaquesionet\/\",\"name\":\"aquesionet\",\"description\":\"LA RETE CIVICA DEL COMUNE DI ACQUAPENDENTE\",\"publisher\":{\"@id\":\"http:\/\/www.comuneacquapendente.it\/wpaquesionet\/#organization\"},\"potentialAction\":[{\"@type\":\"SearchAction\",\"target\":{\"@type\":\"EntryPoint\",\"urlTemplate\":\"http:\/\/www.comuneacquapendente.it\/wpaquesionet\/?s={search_term_string}\"},\"query-input\":\"required name=search_term_string\"}],\"inLanguage\":\"it-IT\"},{\"@type\":\"WebPage\",\"@id\":\"http:\/\/www.comuneacquapendente.it\/wpaquesionet\/index.php\/uma-ufficio-agricoltura\/#webpage\",\"url\":\"http:\/\/www.comuneacquapendente.it\/wpaquesionet\/index.php\/uma-ufficio-agricoltura\/\",\"name\":\"Sportello agricoltura - aquesionet\",\"isPartOf\":{\"@id\":\"http:\/\/www.comuneacquapendente.it\/wpaquesionet\/#website\"},\"datePublished\":\"2018-07-05T08:42:37+00:00\",\"dateModified\":\"2022-09-30T13:31:53+00:00\",\"breadcrumb\":{\"@id\":\"http:\/\/www.comuneacquapendente.it\/wpaquesionet\/index.php\/uma-ufficio-agricoltura\/#breadcrumb\"},\"inLanguage\":\"it-IT\",\"potentialAction\":[{\"@type\":\"ReadAction\",\"target\":[\"http:\/\/www.comuneacquapendente.it\/wpaquesionet\/index.php\/uma-ufficio-agricoltura\/\"]}]},{\"@type\":\"BreadcrumbList\",\"@id\":\"http:\/\/www.comuneacquapendente.it\/wpaquesionet\/index.php\/uma-ufficio-agricoltura\/#breadcrumb\",\"itemListElement\":[{\"@type\":\"ListItem\",\"position\":1,\"name\":\"Home\",\"item\":\"http:\/\/www.comuneacquapendente.it\/wpaquesionet\/\"},{\"@type\":\"ListItem\",\"position\":2,\"name\":\"Sportello agricoltura\"}]}]}<\/script>\n<!-- \/ Yoast SEO plugin. -->","yoast_head_json":{"title":"Sportello agricoltura - aquesionet","robots":{"index":"index","follow":"follow","max-snippet":"max-snippet:-1","max-image-preview":"max-image-preview:large","max-video-preview":"max-video-preview:-1"},"canonical":"http:\/\/www.comuneacquapendente.it\/wpaquesionet\/index.php\/uma-ufficio-agricoltura\/","og_locale":"it_IT","og_type":"article","og_title":"Sportello agricoltura - aquesionet","og_description":"[vc_row][vc_column][vc_column_text] Responsabile:Ing. Maria Cristiana CAL\u00c0Responsabile di procedimento:Dott. Francesco PRUDENZI Tel.: 0763-7309205fax\u00a00763 711215E-mail:\u00a0prudenzi@gmail.comSede: Piazza Girolamo Fabrizio, 17 Orario di apertura al pubblico:Dal 1 gennaio al 30 giugno:luned\u00ec, gioved\u00ec e venerd\u00ec dalle 9,00 alle 12,00 Dal 1 luglio al 31 dicembre:luned\u00ec e venerd\u00ec dalle 9,00 alle 12,00 &#8211; svolge le funzioni in materia di agricoltura delegate dalla [&hellip;]","og_url":"http:\/\/www.comuneacquapendente.it\/wpaquesionet\/index.php\/uma-ufficio-agricoltura\/","og_site_name":"aquesionet","article_publisher":"https:\/\/www.facebook.com\/ComunediAcquapendente\/","article_modified_time":"2022-09-30T13:31:53+00:00","twitter_card":"summary_large_image","twitter_site":"@AcquapendenteVT","twitter_misc":{"Tempo di lettura stimato":"2 minuti"},"schema":{"@context":"https:\/\/schema.org","@graph":[{"@type":"Organization","@id":"http:\/\/www.comuneacquapendente.it\/wpaquesionet\/#organization","name":"Comune di Acquapendente","url":"http:\/\/www.comuneacquapendente.it\/wpaquesionet\/","sameAs":["https:\/\/www.facebook.com\/ComunediAcquapendente\/","https:\/\/www.youtube.com\/user\/AcquapendenteComune\/","https:\/\/twitter.com\/AcquapendenteVT"],"logo":{"@type":"ImageObject","@id":"http:\/\/www.comuneacquapendente.it\/wpaquesionet\/#logo","inLanguage":"it-IT","url":"http:\/\/www.comuneacquapendente.it\/wpaquesionet\/files\/stemma_comune_Acquapendente512x512.png","contentUrl":"http:\/\/www.comuneacquapendente.it\/wpaquesionet\/files\/stemma_comune_Acquapendente512x512.png","width":512,"height":512,"caption":"Comune di Acquapendente"},"image":{"@id":"http:\/\/www.comuneacquapendente.it\/wpaquesionet\/#logo"}},{"@type":"WebSite","@id":"http:\/\/www.comuneacquapendente.it\/wpaquesionet\/#website","url":"http:\/\/www.comuneacquapendente.it\/wpaquesionet\/","name":"aquesionet","description":"LA RETE CIVICA DEL COMUNE DI ACQUAPENDENTE","publisher":{"@id":"http:\/\/www.comuneacquapendente.it\/wpaquesionet\/#organization"},"potentialAction":[{"@type":"SearchAction","target":{"@type":"EntryPoint","urlTemplate":"http:\/\/www.comuneacquapendente.it\/wpaquesionet\/?s={search_term_string}"},"query-input":"required name=search_term_string"}],"inLanguage":"it-IT"},{"@type":"WebPage","@id":"http:\/\/www.comuneacquapendente.it\/wpaquesionet\/index.php\/uma-ufficio-agricoltura\/#webpage","url":"http:\/\/www.comuneacquapendente.it\/wpaquesionet\/index.php\/uma-ufficio-agricoltura\/","name":"Sportello agricoltura - aquesionet","isPartOf":{"@id":"http:\/\/www.comuneacquapendente.it\/wpaquesionet\/#website"},"datePublished":"2018-07-05T08:42:37+00:00","dateModified":"2022-09-30T13:31:53+00:00","breadcrumb":{"@id":"http:\/\/www.comuneacquapendente.it\/wpaquesionet\/index.php\/uma-ufficio-agricoltura\/#breadcrumb"},"inLanguage":"it-IT","potentialAction":[{"@type":"ReadAction","target":["http:\/\/www.comuneacquapendente.it\/wpaquesionet\/index.php\/uma-ufficio-agricoltura\/"]}]},{"@type":"BreadcrumbList","@id":"http:\/\/www.comuneacquapendente.it\/wpaquesionet\/index.php\/uma-ufficio-agricoltura\/#breadcrumb","itemListElement":[{"@type":"ListItem","position":1,"name":"Home","item":"http:\/\/www.comuneacquapendente.it\/wpaquesionet\/"},{"@type":"ListItem","position":2,"name":"Sportello agricoltura"}]}]}},"_links":{"self":[{"href":"http:\/\/www.comuneacquapendente.it\/wpaquesionet\/index.php\/wp-json\/wp\/v2\/pages\/251"}],"collection":[{"href":"http:\/\/www.comuneacquapendente.it\/wpaquesionet\/index.php\/wp-json\/wp\/v2\/pages"}],"about":[{"href":"http:\/\/www.comuneacquapendente.it\/wpaquesionet\/index.php\/wp-json\/wp\/v2\/types\/page"}],"author":[{"embeddable":true,"href":"http:\/\/www.comuneacquapendente.it\/wpaquesionet\/index.php\/wp-json\/wp\/v2\/users\/1"}],"replies":[{"embeddable":true,"href":"http:\/\/www.comuneacquapendente.it\/wpaquesionet\/index.php\/wp-json\/wp\/v2\/comments?post=251"}],"version-history":[{"count":15,"href":"http:\/\/www.comuneacquapendente.it\/wpaquesionet\/index.php\/wp-json\/wp\/v2\/pages\/251\/revisions"}],"predecessor-version":[{"id":4471,"href":"http:\/\/www.comuneacquapendente.it\/wpaquesionet\/index.php\/wp-json\/wp\/v2\/pages\/251\/revisions\/4471"}],"wp:attachment":[{"href":"http:\/\/www.comuneacquapendente.it\/wpaquesionet\/index.php\/wp-json\/wp\/v2\/media?parent=251"}],"wp:term":[{"taxonomy":"category","embeddable":true,"href":"http:\/\/www.comuneacquapendente.it\/wpaquesionet\/index.php\/wp-json\/wp\/v2\/categories?post=251"},{"taxonomy":"post_tag","embeddable":true,"href":"http:\/\/www.comuneacquapendente.it\/wpaquesionet\/index.php\/wp-json\/wp\/v2\/tags?post=251"}],"curies":[{"name":"wp","href":"https:\/\/api.w.org\/{rel}","templated":true}]}}