{"id":2688,"date":"2020-03-08T10:53:20","date_gmt":"2020-03-08T10:53:20","guid":{"rendered":"http:\/\/www.comuneacquapendente.it\/wpaquesionet\/?page_id=2688"},"modified":"2020-05-22T08:32:35","modified_gmt":"2020-05-22T08:32:35","slug":"moduli-uma","status":"publish","type":"page","link":"http:\/\/www.comuneacquapendente.it\/wpaquesionet\/index.php\/moduli-uma\/","title":{"rendered":"Moduli UMA"},"content":{"rendered":"\n<p>Pubblichiamo i moduli da compilare per le denunce UMA da presentare all&#8217;ufficio che ridurr\u00e0 al minimo l&#8217;attivit\u00e0 di sportello. <\/p>\n\n\n\n<p>L&#8217;ufficio ricever\u00e0 in via telematica i modelli. <\/p>\n\n\n\n<p>Scarica i moduli cliccando sui link sotto:<\/p>\n\n\n\n<p><a rel=\"noreferrer noopener\" aria-label=\"Denuncia carburante (apre in una nuova scheda)\" href=\"http:\/\/www.comuneacquapendente.it\/wpaquesionet\/files\/Denuncia-carburante-Assegnazione-anno-precedente-2019.docx\" target=\"_blank\">Denuncia carburante<\/a><\/p>\n\n\n\n<p><a href=\"http:\/\/www.comuneacquapendente.it\/wpaquesionet\/files\/Richiesta-carburante-2019.docx\" target=\"_blank\" rel=\"noreferrer noopener\" aria-label=\"Richiesta carburante (apre in una nuova scheda)\">Richiesta carburante<\/a><\/p>\n\n\n\n<p><a rel=\"noreferrer noopener\" aria-label=\"Dichiarazione aggiuntiva allevamenti (apre in una nuova scheda)\" href=\"http:\/\/www.comuneacquapendente.it\/wpaquesionet\/files\/dichiarazione-aggiuntiva-allevamenti-2019.pdf\" target=\"_blank\">Dichiarazione aggiuntiva allevamenti<\/a><\/p>\n\n\n\n<p><a href=\"http:\/\/www.comuneacquapendente.it\/wpaquesionet\/files\/ModelloE-2019.rtf\" target=\"_blank\" rel=\"noreferrer noopener\" aria-label=\"Modello E (apre in una nuova scheda)\">Modello E<\/a><\/p>\n\n\n\n<p><a rel=\"noreferrer noopener\" aria-label=\"Modello macchine e attrezzature (apre in una nuova scheda)\" href=\"http:\/\/www.comuneacquapendente.it\/wpaquesionet\/files\/mod-macchine-attrezzature-def.pdf\" target=\"_blank\">Modello macchine e attrezzature<\/a><\/p>\n\n\n\n<p><\/p>\n\n\n\n<ul><li>Allegare, carta di identit\u00e0, libretto gasolio anno 2019, tutte le firme, &nbsp;gli scarichi con le date;<\/li><li>firmare nel il titolare\/legale rappresentante nelle pagine + informativa privacy;<\/li><li>completare le schede colturali con le lavorazioni e gli ettari;<\/li><li>accertarsi del fascicolo azienda e aggiornato;<\/li><li>compilare denuncia e richiesta.<\/li><\/ul>\n\n\n\n<p>I moduli vanno inviati al seguente indirizzo email: scuola@comuneacquapendente.it<\/p>\n\n\n\n<p>Si proceder\u00e0 al reinvio del libretto di controllo e dei documenti a mezzo posta elettronica<\/p>\n\n\n\n<h3>Moduli per qualifica di Imprenditore Agricolo Professionale (IAP) e Coltivatore Diretto (CD)<\/h3>\n\n\n\n<p><a href=\"http:\/\/www.comuneacquapendente.it\/wpaquesionet\/files\/Det.-G00029-da-pag-32-bilancio-da-pag-60-richiesta.pdf\">Determinazione Regione Lazio<\/a> <\/p>\n\n\n\n<p><a href=\"http:\/\/www.comuneacquapendente.it\/wpaquesionet\/files\/Allegato-2.doc\">Allegato 2<\/a><\/p>\n\n\n\n<p><a href=\"http:\/\/www.comuneacquapendente.it\/wpaquesionet\/files\/Allegato-5.doc\">Allegato 5<\/a><\/p>\n\n\n\n<p><a href=\"http:\/\/www.comuneacquapendente.it\/wpaquesionet\/files\/Allegato-7_8_9-modificati.docx\">Allegato 7-8-9<\/a><\/p>\n\n\n\n<p><a href=\"http:\/\/www.comuneacquapendente.it\/wpaquesionet\/files\/Allegato-10.doc\">Allegato 10<\/a><\/p>\n\n\n\n<p><a href=\"http:\/\/www.comuneacquapendente.it\/wpaquesionet\/files\/Allegato-11.doc\">Allegato 11<\/a><\/p>\n\n\n\n<p><a href=\"http:\/\/www.comuneacquapendente.it\/wpaquesionet\/files\/Allegato-12-modificato.doc\">Allegato 12<\/a><\/p>\n\n\n\n<p><a href=\"http:\/\/www.comuneacquapendente.it\/wpaquesionet\/files\/Allegato-13-modificato.doc\">Allegato 13<\/a><\/p>\n\n\n\n<p><a href=\"http:\/\/www.comuneacquapendente.it\/wpaquesionet\/files\/Allegato-14-modificato.doc\">Allegato 14<\/a><\/p>\n\n\n\n<p>I moduli vanno inviati al seguente indirizzo email: scuola@comuneacquapendente.it<\/p>\n\n\n\n<p>Per informazioni telefonare in orario d&#8217;ufficio al <br>dott. Francesco Prudenzi <br>0763 7309205 <\/p>\n","protected":false},"excerpt":{"rendered":"<p>Pubblichiamo i moduli da compilare per le denunce UMA da presentare all&#8217;ufficio che ridurr\u00e0 al minimo l&#8217;attivit\u00e0 di sportello. L&#8217;ufficio ricever\u00e0 in via telematica i modelli. Scarica i moduli cliccando sui link sotto: Denuncia carburante Richiesta carburante Dichiarazione aggiuntiva allevamenti Modello E Modello macchine e attrezzature Allegare, carta di identit\u00e0, libretto gasolio anno 2019, tutte [&hellip;]<\/p>\n","protected":false},"author":2,"featured_media":0,"parent":0,"menu_order":0,"comment_status":"closed","ping_status":"closed","template":"","meta":[],"categories":[],"tags":[],"yoast_head":"<!-- This site is optimized with the Yoast SEO plugin v17.2.1 - https:\/\/yoast.com\/wordpress\/plugins\/seo\/ -->\n<title>Moduli UMA - aquesionet<\/title>\n<meta name=\"robots\" content=\"index, follow, max-snippet:-1, max-image-preview:large, max-video-preview:-1\" \/>\n<link rel=\"canonical\" href=\"http:\/\/www.comuneacquapendente.it\/wpaquesionet\/index.php\/moduli-uma\/\" \/>\n<meta property=\"og:locale\" content=\"it_IT\" \/>\n<meta property=\"og:type\" content=\"article\" \/>\n<meta property=\"og:title\" content=\"Moduli UMA - aquesionet\" \/>\n<meta property=\"og:description\" content=\"Pubblichiamo i moduli da compilare per le denunce UMA da presentare all&#8217;ufficio che ridurr\u00e0 al minimo l&#8217;attivit\u00e0 di sportello. L&#8217;ufficio ricever\u00e0 in via telematica i modelli. Scarica i moduli cliccando sui link sotto: Denuncia carburante Richiesta carburante Dichiarazione aggiuntiva allevamenti Modello E Modello macchine e attrezzature Allegare, carta di identit\u00e0, libretto gasolio anno 2019, tutte [&hellip;]\" \/>\n<meta property=\"og:url\" content=\"http:\/\/www.comuneacquapendente.it\/wpaquesionet\/index.php\/moduli-uma\/\" \/>\n<meta property=\"og:site_name\" content=\"aquesionet\" \/>\n<meta property=\"article:publisher\" content=\"https:\/\/www.facebook.com\/ComunediAcquapendente\/\" \/>\n<meta property=\"article:modified_time\" content=\"2020-05-22T08:32:35+00:00\" \/>\n<meta name=\"twitter:card\" content=\"summary_large_image\" \/>\n<meta name=\"twitter:site\" content=\"@AcquapendenteVT\" \/>\n<meta name=\"twitter:label1\" content=\"Tempo di lettura stimato\" \/>\n\t<meta name=\"twitter:data1\" content=\"1 minuto\" \/>\n<script type=\"application\/ld+json\" class=\"yoast-schema-graph\">{\"@context\":\"https:\/\/schema.org\",\"@graph\":[{\"@type\":\"Organization\",\"@id\":\"http:\/\/www.comuneacquapendente.it\/wpaquesionet\/#organization\",\"name\":\"Comune di Acquapendente\",\"url\":\"http:\/\/www.comuneacquapendente.it\/wpaquesionet\/\",\"sameAs\":[\"https:\/\/www.facebook.com\/ComunediAcquapendente\/\",\"https:\/\/www.youtube.com\/user\/AcquapendenteComune\/\",\"https:\/\/twitter.com\/AcquapendenteVT\"],\"logo\":{\"@type\":\"ImageObject\",\"@id\":\"http:\/\/www.comuneacquapendente.it\/wpaquesionet\/#logo\",\"inLanguage\":\"it-IT\",\"url\":\"http:\/\/www.comuneacquapendente.it\/wpaquesionet\/files\/stemma_comune_Acquapendente512x512.png\",\"contentUrl\":\"http:\/\/www.comuneacquapendente.it\/wpaquesionet\/files\/stemma_comune_Acquapendente512x512.png\",\"width\":512,\"height\":512,\"caption\":\"Comune di Acquapendente\"},\"image\":{\"@id\":\"http:\/\/www.comuneacquapendente.it\/wpaquesionet\/#logo\"}},{\"@type\":\"WebSite\",\"@id\":\"http:\/\/www.comuneacquapendente.it\/wpaquesionet\/#website\",\"url\":\"http:\/\/www.comuneacquapendente.it\/wpaquesionet\/\",\"name\":\"aquesionet\",\"description\":\"LA RETE CIVICA DEL COMUNE DI ACQUAPENDENTE\",\"publisher\":{\"@id\":\"http:\/\/www.comuneacquapendente.it\/wpaquesionet\/#organization\"},\"potentialAction\":[{\"@type\":\"SearchAction\",\"target\":{\"@type\":\"EntryPoint\",\"urlTemplate\":\"http:\/\/www.comuneacquapendente.it\/wpaquesionet\/?s={search_term_string}\"},\"query-input\":\"required name=search_term_string\"}],\"inLanguage\":\"it-IT\"},{\"@type\":\"WebPage\",\"@id\":\"http:\/\/www.comuneacquapendente.it\/wpaquesionet\/index.php\/moduli-uma\/#webpage\",\"url\":\"http:\/\/www.comuneacquapendente.it\/wpaquesionet\/index.php\/moduli-uma\/\",\"name\":\"Moduli UMA - aquesionet\",\"isPartOf\":{\"@id\":\"http:\/\/www.comuneacquapendente.it\/wpaquesionet\/#website\"},\"datePublished\":\"2020-03-08T10:53:20+00:00\",\"dateModified\":\"2020-05-22T08:32:35+00:00\",\"breadcrumb\":{\"@id\":\"http:\/\/www.comuneacquapendente.it\/wpaquesionet\/index.php\/moduli-uma\/#breadcrumb\"},\"inLanguage\":\"it-IT\",\"potentialAction\":[{\"@type\":\"ReadAction\",\"target\":[\"http:\/\/www.comuneacquapendente.it\/wpaquesionet\/index.php\/moduli-uma\/\"]}]},{\"@type\":\"BreadcrumbList\",\"@id\":\"http:\/\/www.comuneacquapendente.it\/wpaquesionet\/index.php\/moduli-uma\/#breadcrumb\",\"itemListElement\":[{\"@type\":\"ListItem\",\"position\":1,\"name\":\"Home\",\"item\":\"http:\/\/www.comuneacquapendente.it\/wpaquesionet\/\"},{\"@type\":\"ListItem\",\"position\":2,\"name\":\"Moduli UMA\"}]}]}<\/script>\n<!-- \/ Yoast SEO plugin. -->","yoast_head_json":{"title":"Moduli UMA - aquesionet","robots":{"index":"index","follow":"follow","max-snippet":"max-snippet:-1","max-image-preview":"max-image-preview:large","max-video-preview":"max-video-preview:-1"},"canonical":"http:\/\/www.comuneacquapendente.it\/wpaquesionet\/index.php\/moduli-uma\/","og_locale":"it_IT","og_type":"article","og_title":"Moduli UMA - aquesionet","og_description":"Pubblichiamo i moduli da compilare per le denunce UMA da presentare all&#8217;ufficio che ridurr\u00e0 al minimo l&#8217;attivit\u00e0 di sportello. L&#8217;ufficio ricever\u00e0 in via telematica i modelli. Scarica i moduli cliccando sui link sotto: Denuncia carburante Richiesta carburante Dichiarazione aggiuntiva allevamenti Modello E Modello macchine e attrezzature Allegare, carta di identit\u00e0, libretto gasolio anno 2019, tutte [&hellip;]","og_url":"http:\/\/www.comuneacquapendente.it\/wpaquesionet\/index.php\/moduli-uma\/","og_site_name":"aquesionet","article_publisher":"https:\/\/www.facebook.com\/ComunediAcquapendente\/","article_modified_time":"2020-05-22T08:32:35+00:00","twitter_card":"summary_large_image","twitter_site":"@AcquapendenteVT","twitter_misc":{"Tempo di lettura stimato":"1 minuto"},"schema":{"@context":"https:\/\/schema.org","@graph":[{"@type":"Organization","@id":"http:\/\/www.comuneacquapendente.it\/wpaquesionet\/#organization","name":"Comune di Acquapendente","url":"http:\/\/www.comuneacquapendente.it\/wpaquesionet\/","sameAs":["https:\/\/www.facebook.com\/ComunediAcquapendente\/","https:\/\/www.youtube.com\/user\/AcquapendenteComune\/","https:\/\/twitter.com\/AcquapendenteVT"],"logo":{"@type":"ImageObject","@id":"http:\/\/www.comuneacquapendente.it\/wpaquesionet\/#logo","inLanguage":"it-IT","url":"http:\/\/www.comuneacquapendente.it\/wpaquesionet\/files\/stemma_comune_Acquapendente512x512.png","contentUrl":"http:\/\/www.comuneacquapendente.it\/wpaquesionet\/files\/stemma_comune_Acquapendente512x512.png","width":512,"height":512,"caption":"Comune di Acquapendente"},"image":{"@id":"http:\/\/www.comuneacquapendente.it\/wpaquesionet\/#logo"}},{"@type":"WebSite","@id":"http:\/\/www.comuneacquapendente.it\/wpaquesionet\/#website","url":"http:\/\/www.comuneacquapendente.it\/wpaquesionet\/","name":"aquesionet","description":"LA RETE CIVICA DEL COMUNE DI ACQUAPENDENTE","publisher":{"@id":"http:\/\/www.comuneacquapendente.it\/wpaquesionet\/#organization"},"potentialAction":[{"@type":"SearchAction","target":{"@type":"EntryPoint","urlTemplate":"http:\/\/www.comuneacquapendente.it\/wpaquesionet\/?s={search_term_string}"},"query-input":"required name=search_term_string"}],"inLanguage":"it-IT"},{"@type":"WebPage","@id":"http:\/\/www.comuneacquapendente.it\/wpaquesionet\/index.php\/moduli-uma\/#webpage","url":"http:\/\/www.comuneacquapendente.it\/wpaquesionet\/index.php\/moduli-uma\/","name":"Moduli UMA - aquesionet","isPartOf":{"@id":"http:\/\/www.comuneacquapendente.it\/wpaquesionet\/#website"},"datePublished":"2020-03-08T10:53:20+00:00","dateModified":"2020-05-22T08:32:35+00:00","breadcrumb":{"@id":"http:\/\/www.comuneacquapendente.it\/wpaquesionet\/index.php\/moduli-uma\/#breadcrumb"},"inLanguage":"it-IT","potentialAction":[{"@type":"ReadAction","target":["http:\/\/www.comuneacquapendente.it\/wpaquesionet\/index.php\/moduli-uma\/"]}]},{"@type":"BreadcrumbList","@id":"http:\/\/www.comuneacquapendente.it\/wpaquesionet\/index.php\/moduli-uma\/#breadcrumb","itemListElement":[{"@type":"ListItem","position":1,"name":"Home","item":"http:\/\/www.comuneacquapendente.it\/wpaquesionet\/"},{"@type":"ListItem","position":2,"name":"Moduli UMA"}]}]}},"_links":{"self":[{"href":"http:\/\/www.comuneacquapendente.it\/wpaquesionet\/index.php\/wp-json\/wp\/v2\/pages\/2688"}],"collection":[{"href":"http:\/\/www.comuneacquapendente.it\/wpaquesionet\/index.php\/wp-json\/wp\/v2\/pages"}],"about":[{"href":"http:\/\/www.comuneacquapendente.it\/wpaquesionet\/index.php\/wp-json\/wp\/v2\/types\/page"}],"author":[{"embeddable":true,"href":"http:\/\/www.comuneacquapendente.it\/wpaquesionet\/index.php\/wp-json\/wp\/v2\/users\/2"}],"replies":[{"embeddable":true,"href":"http:\/\/www.comuneacquapendente.it\/wpaquesionet\/index.php\/wp-json\/wp\/v2\/comments?post=2688"}],"version-history":[{"count":6,"href":"http:\/\/www.comuneacquapendente.it\/wpaquesionet\/index.php\/wp-json\/wp\/v2\/pages\/2688\/revisions"}],"predecessor-version":[{"id":3054,"href":"http:\/\/www.comuneacquapendente.it\/wpaquesionet\/index.php\/wp-json\/wp\/v2\/pages\/2688\/revisions\/3054"}],"wp:attachment":[{"href":"http:\/\/www.comuneacquapendente.it\/wpaquesionet\/index.php\/wp-json\/wp\/v2\/media?parent=2688"}],"wp:term":[{"taxonomy":"category","embeddable":true,"href":"http:\/\/www.comuneacquapendente.it\/wpaquesionet\/index.php\/wp-json\/wp\/v2\/categories?post=2688"},{"taxonomy":"post_tag","embeddable":true,"href":"http:\/\/www.comuneacquapendente.it\/wpaquesionet\/index.php\/wp-json\/wp\/v2\/tags?post=2688"}],"curies":[{"name":"wp","href":"https:\/\/api.w.org\/{rel}","templated":true}]}}