{"id":342,"date":"2018-07-08T14:55:24","date_gmt":"2018-07-08T14:55:24","guid":{"rendered":"http:\/\/www.comuneacquapendente.it\/wpaquesionet\/?page_id=342"},"modified":"2019-01-09T11:21:13","modified_gmt":"2019-01-09T11:21:13","slug":"sanita-e-servizi-sociali","status":"publish","type":"page","link":"http:\/\/www.comuneacquapendente.it\/wpaquesionet\/index.php\/sanita-e-servizi-sociali\/","title":{"rendered":"Sanit\u00e0 e servizi sociali"},"content":{"rendered":"<p>[vc_row][vc_column][vc_column_text]<strong>Avviso:<\/strong><br \/>\nl&#8217;<em><strong>a<\/strong><strong>ssessore alle politiche sociali<\/strong><\/em> riceve il <strong>sabato<\/strong> mattina <strong>dalle 9 alle 10<\/strong><br \/>\noppure su appuntamento tramite E-mail:\u00a0<a href=\"mailto:valeriazannoni1@gmail.com\">valeriazannoni1@gmail.com<\/a>[\/vc_column_text][\/vc_column][\/vc_row][vc_row][vc_column][vc_tta_tabs][vc_tta_section title=&#8221;OSPEDALE&#8221; tab_id=&#8221;1537220850536-e2277944-e927&#8243;][vc_column_text]<\/p>\n<p style=\"font-weight: 400;\"><strong>OSPEDALE<br \/>\n<\/strong>Via Cesare Battisti, 68 &#8211; 01021 Acquapendente<br \/>\nCentralino tel. 0763\/7351<br \/>\nPortineria tel. 0763\/735260<br \/>\nPronto Soccorso tel. 0763\/735244<br \/>\nGuardia medica tel. 0763\/735238<br \/>\nCUP\u00a0 Prenotazioni tel. 803333 &#8211; Cassa tel. 0763\/735203<br \/>\nCUP orario: luned\u00ec-sabato 7.45-12.40, marted\u00ec e gioved\u00ec orario continuato 7.45-17.40<\/p>\n<p style=\"font-weight: 400;\"><strong><em>Direzione Sanitaria di Acquapendente<\/em><br \/>\n<\/strong>Direttore Unit\u00e0 Operativa Complessa di Medicina Generale e Coordinamento Clinico: Dott. Sergio Iacoponi<br \/>\nTel. 0763\/735236 | Fax 0763\/732045 | E-mail:\u00a0<a href=\"mailto:dirsanacq@asl.vt.it\">dirsanacq@asl.vt.it<\/a><\/p>\n<p style=\"font-weight: 400;\"><strong><em>Laboratorio Analisi Chimico-Cliniche e Microbiologiche<\/em><br \/>\n<\/strong>Via Cesare Battisti, 66 &#8211; 01021 Acquapendente<br \/>\nTel. 0763\/735239-735240 &#8211; interni: 733240, 733239<br \/>\nDal luned\u00ec al sabato dalle 8.00 alle 9.45<br \/>\ne-mail:\u00a0<a href=\"mailto:labacq@asl.vt.it\">labacq@asl.vt.it<br \/>\n<\/a>web:\u00a0<a href=\"http:\/\/www.asl.vt.it\/Servizi\/AnalisiAcqua\/base.php\">http:\/\/www.asl.vt.it\/Servizi\/AnalisiAcqua\/base.php<\/a><\/p>\n<p>[\/vc_column_text][\/vc_tta_section][vc_tta_section title=&#8221;POLIAMBULATORI&#8221; tab_id=&#8221;1537220850536-f23daeca-154a&#8221;][vc_column_text]<\/p>\n<p style=\"font-weight: 400;\"><strong>POLIAMBULATORI<br \/>\n<\/strong>Via G. Matteotti, 3\/B &#8211; 01021 Acquapendente<br \/>\nTel. 0763\/733282-733283<br \/>\nOrario di apertura al pubblico: dal luned\u00ec al venerd\u00ec dalle 8.10 alle 10.15, marted\u00ec e gioved\u00ec anche dalle 15.00 alle 17.30<\/p>\n<p style=\"font-weight: 400;\">Sportello per pratiche amministrative (scelta medico, presentazione documenti, ecc\u2026)<br \/>\nAmbulatori specialistici di: ortopedia, oculistica, dermatologia, neurologia, fisiatria e fisioterapia (su appuntamento telefonando al CUP <strong>0763\/711224<\/strong>)<br \/>\nMedicina legale<\/p>\n<p>[\/vc_column_text][\/vc_tta_section][vc_tta_section title=&#8221;CONSULTORIO&#8221; tab_id=&#8221;1537221499485-63013d11-1277&#8243;][vc_column_text]<\/p>\n<p style=\"font-weight: 400;\"><strong>CONSULTORIO<br \/>\n<\/strong>Via del Fiore 14 &#8211; 01021 Acquapendente<br \/>\nTel. 0763\/734800 (dal luned\u00ec al venerd\u00ec dalle 8.30 alle 13.30)<br \/>\ne-mail:\u00a0<a href=\"mailto:conacq@asl.vt.it\">conacq@asl.vt.it<\/a><br \/>\nweb:\u00a0<a href=\"http:\/\/www.asl.vt.it\/MaternoInfantile\/Consultori\/baseC.php\">http:\/\/www.asl.vt.it\/MaternoInfantile\/Consultori\/baseC.php<\/a>\u00a0(cliccare su DISTRETTO 1)<\/p>\n<p style=\"font-weight: 400;\">Attivit\u00e0 ostetrico-ginecologiche<br \/>\nCorsi di preparazione al parto<br \/>\nPrevenzione del tumore del collo dell\u2019utero<br \/>\nPresa in carico delle utenti che richiedono IVG<br \/>\nConsulenze psicologiche<br \/>\nUnit\u00e0 di neuropsichiatria infantile<br \/>\nVaccinazioni<br \/>\nAssistenza domiciliare integrata<br \/>\nServizio sociale<\/p>\n<p>[\/vc_column_text][\/vc_tta_section][vc_tta_section title=&#8221;CASA DI RIPOSO SAN GIUSEPPE&#8221; tab_id=&#8221;1537221661669-937f2e2e-5319&#8243;][vc_column_text]<\/p>\n<p style=\"font-weight: 400;\"><strong><a href=\"http:\/\/graph.redomino.com:8080\/Projects\/ComuneAcquapendente\/editor\/resolveUid\/b5252c0117ad62ffdc2307a40ac8bebe\">CASA DI RIPOSO S. GIUSEPPE<br \/>\n<\/a><\/strong>Via del Seminario, 1 &#8211; 01021 Acquapendente<br \/>\nTel. 0763\/734818 | E-mail:\u00a0<a href=\"mailto:casadiriposos.giuseppe.c@tin.it\">casadiriposos.giuseppe.c@tin.it<\/a><\/p>\n<p>[\/vc_column_text][\/vc_tta_section][vc_tta_section title=&#8221;CENTRO ANZIANI&#8221; tab_id=&#8221;1537222069015-a94552e6-ac11&#8243;][vc_column_text]<strong>CENTRO ANZIANI<br \/>\n<\/strong>Via S.M. Maddalena, 1 &#8211; 01021 Acquapendente (VT)<br \/>\ntel\u00a00763 734492[\/vc_column_text][\/vc_tta_section][\/vc_tta_tabs][\/vc_column][\/vc_row]<\/p>\n<p><a href=\"http:\/\/www.asl.vt.it\/Ospedaliera\/DirSanAcquap\/base.php\" target=\"_blank\" rel=\"noopener\">PRESIDIO DI ACQUAPENDENTE SU SITO ASL<\/a><\/p>\n","protected":false},"excerpt":{"rendered":"<p>[vc_row][vc_column][vc_column_text]Avviso: l&#8217;assessore alle politiche sociali riceve il sabato mattina dalle 9 alle 10 oppure su appuntamento tramite E-mail:\u00a0valeriazannoni1@gmail.com[\/vc_column_text][\/vc_column][\/vc_row][vc_row][vc_column][vc_tta_tabs][vc_tta_section title=&#8221;OSPEDALE&#8221; tab_id=&#8221;1537220850536-e2277944-e927&#8243;][vc_column_text] OSPEDALE Via Cesare Battisti, 68 &#8211; 01021 Acquapendente Centralino tel. 0763\/7351 Portineria tel. 0763\/735260 Pronto Soccorso tel. 0763\/735244 Guardia medica tel. 0763\/735238 CUP\u00a0 Prenotazioni tel. 803333 &#8211; Cassa tel. 0763\/735203 CUP orario: luned\u00ec-sabato 7.45-12.40, marted\u00ec [&hellip;]<\/p>\n","protected":false},"author":1,"featured_media":0,"parent":0,"menu_order":0,"comment_status":"closed","ping_status":"closed","template":"","meta":[],"categories":[],"tags":[],"yoast_head":"<!-- This site is optimized with the Yoast SEO plugin v17.2.1 - https:\/\/yoast.com\/wordpress\/plugins\/seo\/ -->\n<title>Sanit\u00e0 e servizi sociali - aquesionet<\/title>\n<meta name=\"robots\" content=\"index, follow, max-snippet:-1, max-image-preview:large, max-video-preview:-1\" \/>\n<link rel=\"canonical\" href=\"http:\/\/www.comuneacquapendente.it\/wpaquesionet\/index.php\/sanita-e-servizi-sociali\/\" \/>\n<meta property=\"og:locale\" content=\"it_IT\" \/>\n<meta property=\"og:type\" content=\"article\" \/>\n<meta property=\"og:title\" content=\"Sanit\u00e0 e servizi sociali - aquesionet\" \/>\n<meta property=\"og:description\" content=\"[vc_row][vc_column][vc_column_text]Avviso: l&#8217;assessore alle politiche sociali riceve il sabato mattina dalle 9 alle 10 oppure su appuntamento tramite E-mail:\u00a0valeriazannoni1@gmail.com[\/vc_column_text][\/vc_column][\/vc_row][vc_row][vc_column][vc_tta_tabs][vc_tta_section title=&#8221;OSPEDALE&#8221; tab_id=&#8221;1537220850536-e2277944-e927&#8243;][vc_column_text] OSPEDALE Via Cesare Battisti, 68 &#8211; 01021 Acquapendente Centralino tel. 0763\/7351 Portineria tel. 0763\/735260 Pronto Soccorso tel. 0763\/735244 Guardia medica tel. 0763\/735238 CUP\u00a0 Prenotazioni tel. 803333 &#8211; Cassa tel. 0763\/735203 CUP orario: luned\u00ec-sabato 7.45-12.40, marted\u00ec [&hellip;]\" \/>\n<meta property=\"og:url\" content=\"http:\/\/www.comuneacquapendente.it\/wpaquesionet\/index.php\/sanita-e-servizi-sociali\/\" \/>\n<meta property=\"og:site_name\" content=\"aquesionet\" \/>\n<meta property=\"article:publisher\" content=\"https:\/\/www.facebook.com\/ComunediAcquapendente\/\" \/>\n<meta property=\"article:modified_time\" content=\"2019-01-09T11:21:13+00:00\" \/>\n<meta name=\"twitter:card\" content=\"summary_large_image\" \/>\n<meta name=\"twitter:site\" content=\"@AcquapendenteVT\" \/>\n<meta name=\"twitter:label1\" content=\"Tempo di lettura stimato\" \/>\n\t<meta name=\"twitter:data1\" content=\"2 minuti\" \/>\n<script type=\"application\/ld+json\" class=\"yoast-schema-graph\">{\"@context\":\"https:\/\/schema.org\",\"@graph\":[{\"@type\":\"Organization\",\"@id\":\"http:\/\/www.comuneacquapendente.it\/wpaquesionet\/#organization\",\"name\":\"Comune di Acquapendente\",\"url\":\"http:\/\/www.comuneacquapendente.it\/wpaquesionet\/\",\"sameAs\":[\"https:\/\/www.facebook.com\/ComunediAcquapendente\/\",\"https:\/\/www.youtube.com\/user\/AcquapendenteComune\/\",\"https:\/\/twitter.com\/AcquapendenteVT\"],\"logo\":{\"@type\":\"ImageObject\",\"@id\":\"http:\/\/www.comuneacquapendente.it\/wpaquesionet\/#logo\",\"inLanguage\":\"it-IT\",\"url\":\"http:\/\/www.comuneacquapendente.it\/wpaquesionet\/files\/stemma_comune_Acquapendente512x512.png\",\"contentUrl\":\"http:\/\/www.comuneacquapendente.it\/wpaquesionet\/files\/stemma_comune_Acquapendente512x512.png\",\"width\":512,\"height\":512,\"caption\":\"Comune di Acquapendente\"},\"image\":{\"@id\":\"http:\/\/www.comuneacquapendente.it\/wpaquesionet\/#logo\"}},{\"@type\":\"WebSite\",\"@id\":\"http:\/\/www.comuneacquapendente.it\/wpaquesionet\/#website\",\"url\":\"http:\/\/www.comuneacquapendente.it\/wpaquesionet\/\",\"name\":\"aquesionet\",\"description\":\"LA RETE CIVICA DEL COMUNE DI ACQUAPENDENTE\",\"publisher\":{\"@id\":\"http:\/\/www.comuneacquapendente.it\/wpaquesionet\/#organization\"},\"potentialAction\":[{\"@type\":\"SearchAction\",\"target\":{\"@type\":\"EntryPoint\",\"urlTemplate\":\"http:\/\/www.comuneacquapendente.it\/wpaquesionet\/?s={search_term_string}\"},\"query-input\":\"required name=search_term_string\"}],\"inLanguage\":\"it-IT\"},{\"@type\":\"WebPage\",\"@id\":\"http:\/\/www.comuneacquapendente.it\/wpaquesionet\/index.php\/sanita-e-servizi-sociali\/#webpage\",\"url\":\"http:\/\/www.comuneacquapendente.it\/wpaquesionet\/index.php\/sanita-e-servizi-sociali\/\",\"name\":\"Sanit\\u00e0 e servizi sociali - aquesionet\",\"isPartOf\":{\"@id\":\"http:\/\/www.comuneacquapendente.it\/wpaquesionet\/#website\"},\"datePublished\":\"2018-07-08T14:55:24+00:00\",\"dateModified\":\"2019-01-09T11:21:13+00:00\",\"breadcrumb\":{\"@id\":\"http:\/\/www.comuneacquapendente.it\/wpaquesionet\/index.php\/sanita-e-servizi-sociali\/#breadcrumb\"},\"inLanguage\":\"it-IT\",\"potentialAction\":[{\"@type\":\"ReadAction\",\"target\":[\"http:\/\/www.comuneacquapendente.it\/wpaquesionet\/index.php\/sanita-e-servizi-sociali\/\"]}]},{\"@type\":\"BreadcrumbList\",\"@id\":\"http:\/\/www.comuneacquapendente.it\/wpaquesionet\/index.php\/sanita-e-servizi-sociali\/#breadcrumb\",\"itemListElement\":[{\"@type\":\"ListItem\",\"position\":1,\"name\":\"Home\",\"item\":\"http:\/\/www.comuneacquapendente.it\/wpaquesionet\/\"},{\"@type\":\"ListItem\",\"position\":2,\"name\":\"Sanit\\u00e0 e servizi sociali\"}]}]}<\/script>\n<!-- \/ Yoast SEO plugin. -->","yoast_head_json":{"title":"Sanit\u00e0 e servizi sociali - aquesionet","robots":{"index":"index","follow":"follow","max-snippet":"max-snippet:-1","max-image-preview":"max-image-preview:large","max-video-preview":"max-video-preview:-1"},"canonical":"http:\/\/www.comuneacquapendente.it\/wpaquesionet\/index.php\/sanita-e-servizi-sociali\/","og_locale":"it_IT","og_type":"article","og_title":"Sanit\u00e0 e servizi sociali - aquesionet","og_description":"[vc_row][vc_column][vc_column_text]Avviso: l&#8217;assessore alle politiche sociali riceve il sabato mattina dalle 9 alle 10 oppure su appuntamento tramite E-mail:\u00a0valeriazannoni1@gmail.com[\/vc_column_text][\/vc_column][\/vc_row][vc_row][vc_column][vc_tta_tabs][vc_tta_section title=&#8221;OSPEDALE&#8221; tab_id=&#8221;1537220850536-e2277944-e927&#8243;][vc_column_text] OSPEDALE Via Cesare Battisti, 68 &#8211; 01021 Acquapendente Centralino tel. 0763\/7351 Portineria tel. 0763\/735260 Pronto Soccorso tel. 0763\/735244 Guardia medica tel. 0763\/735238 CUP\u00a0 Prenotazioni tel. 803333 &#8211; Cassa tel. 0763\/735203 CUP orario: luned\u00ec-sabato 7.45-12.40, marted\u00ec [&hellip;]","og_url":"http:\/\/www.comuneacquapendente.it\/wpaquesionet\/index.php\/sanita-e-servizi-sociali\/","og_site_name":"aquesionet","article_publisher":"https:\/\/www.facebook.com\/ComunediAcquapendente\/","article_modified_time":"2019-01-09T11:21:13+00:00","twitter_card":"summary_large_image","twitter_site":"@AcquapendenteVT","twitter_misc":{"Tempo di lettura stimato":"2 minuti"},"schema":{"@context":"https:\/\/schema.org","@graph":[{"@type":"Organization","@id":"http:\/\/www.comuneacquapendente.it\/wpaquesionet\/#organization","name":"Comune di Acquapendente","url":"http:\/\/www.comuneacquapendente.it\/wpaquesionet\/","sameAs":["https:\/\/www.facebook.com\/ComunediAcquapendente\/","https:\/\/www.youtube.com\/user\/AcquapendenteComune\/","https:\/\/twitter.com\/AcquapendenteVT"],"logo":{"@type":"ImageObject","@id":"http:\/\/www.comuneacquapendente.it\/wpaquesionet\/#logo","inLanguage":"it-IT","url":"http:\/\/www.comuneacquapendente.it\/wpaquesionet\/files\/stemma_comune_Acquapendente512x512.png","contentUrl":"http:\/\/www.comuneacquapendente.it\/wpaquesionet\/files\/stemma_comune_Acquapendente512x512.png","width":512,"height":512,"caption":"Comune di Acquapendente"},"image":{"@id":"http:\/\/www.comuneacquapendente.it\/wpaquesionet\/#logo"}},{"@type":"WebSite","@id":"http:\/\/www.comuneacquapendente.it\/wpaquesionet\/#website","url":"http:\/\/www.comuneacquapendente.it\/wpaquesionet\/","name":"aquesionet","description":"LA RETE CIVICA DEL COMUNE DI ACQUAPENDENTE","publisher":{"@id":"http:\/\/www.comuneacquapendente.it\/wpaquesionet\/#organization"},"potentialAction":[{"@type":"SearchAction","target":{"@type":"EntryPoint","urlTemplate":"http:\/\/www.comuneacquapendente.it\/wpaquesionet\/?s={search_term_string}"},"query-input":"required name=search_term_string"}],"inLanguage":"it-IT"},{"@type":"WebPage","@id":"http:\/\/www.comuneacquapendente.it\/wpaquesionet\/index.php\/sanita-e-servizi-sociali\/#webpage","url":"http:\/\/www.comuneacquapendente.it\/wpaquesionet\/index.php\/sanita-e-servizi-sociali\/","name":"Sanit\u00e0 e servizi sociali - aquesionet","isPartOf":{"@id":"http:\/\/www.comuneacquapendente.it\/wpaquesionet\/#website"},"datePublished":"2018-07-08T14:55:24+00:00","dateModified":"2019-01-09T11:21:13+00:00","breadcrumb":{"@id":"http:\/\/www.comuneacquapendente.it\/wpaquesionet\/index.php\/sanita-e-servizi-sociali\/#breadcrumb"},"inLanguage":"it-IT","potentialAction":[{"@type":"ReadAction","target":["http:\/\/www.comuneacquapendente.it\/wpaquesionet\/index.php\/sanita-e-servizi-sociali\/"]}]},{"@type":"BreadcrumbList","@id":"http:\/\/www.comuneacquapendente.it\/wpaquesionet\/index.php\/sanita-e-servizi-sociali\/#breadcrumb","itemListElement":[{"@type":"ListItem","position":1,"name":"Home","item":"http:\/\/www.comuneacquapendente.it\/wpaquesionet\/"},{"@type":"ListItem","position":2,"name":"Sanit\u00e0 e servizi sociali"}]}]}},"_links":{"self":[{"href":"http:\/\/www.comuneacquapendente.it\/wpaquesionet\/index.php\/wp-json\/wp\/v2\/pages\/342"}],"collection":[{"href":"http:\/\/www.comuneacquapendente.it\/wpaquesionet\/index.php\/wp-json\/wp\/v2\/pages"}],"about":[{"href":"http:\/\/www.comuneacquapendente.it\/wpaquesionet\/index.php\/wp-json\/wp\/v2\/types\/page"}],"author":[{"embeddable":true,"href":"http:\/\/www.comuneacquapendente.it\/wpaquesionet\/index.php\/wp-json\/wp\/v2\/users\/1"}],"replies":[{"embeddable":true,"href":"http:\/\/www.comuneacquapendente.it\/wpaquesionet\/index.php\/wp-json\/wp\/v2\/comments?post=342"}],"version-history":[{"count":7,"href":"http:\/\/www.comuneacquapendente.it\/wpaquesionet\/index.php\/wp-json\/wp\/v2\/pages\/342\/revisions"}],"predecessor-version":[{"id":1549,"href":"http:\/\/www.comuneacquapendente.it\/wpaquesionet\/index.php\/wp-json\/wp\/v2\/pages\/342\/revisions\/1549"}],"wp:attachment":[{"href":"http:\/\/www.comuneacquapendente.it\/wpaquesionet\/index.php\/wp-json\/wp\/v2\/media?parent=342"}],"wp:term":[{"taxonomy":"category","embeddable":true,"href":"http:\/\/www.comuneacquapendente.it\/wpaquesionet\/index.php\/wp-json\/wp\/v2\/categories?post=342"},{"taxonomy":"post_tag","embeddable":true,"href":"http:\/\/www.comuneacquapendente.it\/wpaquesionet\/index.php\/wp-json\/wp\/v2\/tags?post=342"}],"curies":[{"name":"wp","href":"https:\/\/api.w.org\/{rel}","templated":true}]}}