{"id":3467,"date":"2020-11-06T13:59:45","date_gmt":"2020-11-06T13:59:45","guid":{"rendered":"http:\/\/www.comuneacquapendente.it\/wpaquesionet\/?page_id=3467"},"modified":"2024-03-11T15:26:35","modified_gmt":"2024-03-11T15:26:35","slug":"ufficio-tributi","status":"publish","type":"page","link":"http:\/\/www.comuneacquapendente.it\/wpaquesionet\/index.php\/ufficio-tributi\/","title":{"rendered":"Ufficio Tributi"},"content":{"rendered":"[vc_row][vc_column][vc_column_text]<p><\/p>\n<p><strong>Responsabile del servizio:<\/strong><br \/>Dott. Simone FORMICONI<\/p>\n<p><\/p>\n<p><\/p>\n<p><br \/><strong>Referente:<\/strong><br \/>Dott.ssa Arianna Squarcia<\/p>\n<p><\/p>\n<p><\/p>\n<p>Tel: 0763 7309211<br \/>Fax: 0763 730146<br \/>E-mail:\u00a0<br \/><a href=\"mailto:tributi@comuneacquapendente.it\">tributi@comuneacquapendente.it<\/a><\/p>\n<p><\/p>\n<p><\/p>\n<p>Sede: Piazza Girolamo Fabrizio, 17<\/p>\n<p><\/p>\n<p><\/p>\n<p>Orario di apertura al pubblico:<br \/>Marted\u00ec, Mercoled\u00ec e Venerd\u00ec dalle 9,30 alle 13,30<br \/>Gioved\u00ec dalle 15,00 alle 17,00<\/p>\n<p><\/p>[\/vc_column_text][vc_column_text]<p><strong>Mansioni dell&#8217;Ufficio:<\/strong><\/p>\n<p><span style=\"font-family: Arial, serif;\"><span style=\"font-size: medium;\">L\u2019Ufficio Tributi del Comune di Acquapendente si occupa della gestione dei seguenti tributi e canoni:<\/span><\/span><\/p>\n<p><span style=\"font-family: Arial, serif;\"><span style=\"font-size: medium;\"><b>IMU<\/b><\/span><\/span><span style=\"font-family: Arial, serif;\"><span style=\"font-size: medium;\">\u00a0 <\/span><\/span><span style=\"font-family: Arial, serif;\"><span style=\"font-size: medium;\"><i>(Imposta Municipale Propria)<\/i><\/span><\/span><span style=\"font-family: Arial, serif;\"><span style=\"font-size: medium;\">\u00a0<\/span><\/span><\/p>\n<p><span style=\"font-family: Arial, serif;\"><span style=\"font-size: medium;\"><b>TASI \u00a0<\/b><\/span><\/span><span style=\"font-family: Arial, serif;\"><span style=\"font-size: medium;\"><i>(Tassa sui Servizi Indivisibili)<\/i><\/span><\/span><span style=\"font-family: Arial, serif;\"><span style=\"font-size: medium;\"><i> (in vigore fino all\u2019anno 2019)<\/i><\/span><\/span><\/p>\n<p><span style=\"font-family: Arial, serif;\"><span style=\"font-size: medium;\"><b>TARI<\/b><\/span><\/span><span style=\"font-family: Arial, serif;\"><span style=\"font-size: medium;\">\u00a0 <\/span><\/span><span style=\"font-family: Arial, serif;\"><span style=\"font-size: medium;\"><i>(Tassa sui Rifiuti)<\/i><\/span><\/span><\/p>\n<p><strong>CUP<\/strong> <em>(Canone Unico Patrimoniale)<\/em><\/p>[\/vc_column_text][\/vc_column][\/vc_row][vc_row][vc_column][vc_tta_tabs][vc_tta_section title=&#8221;IMU&#8221; tab_id=&#8221;1666714542392-01440198-ae7d&#8221;][vc_column_text]<p><strong>Imposta Municipale Propria<\/strong><\/p>\n<p><strong>\u00a0<\/strong><\/p>\n<p><span style=\"font-family: Arial, serif;\"><span style=\"font-size: medium;\">Si tratta del tributo che sostituisce l\u2019ICI a decorrere dal 2012. I contribuenti che devono pagare l\u2019IMU sono i proprietari di immobili e i titolari di diritti reali sugli stessi, cos\u00ec come accadeva per l\u2019ICI. Ma rispetto alla vecchia imposta sugli immobili molte e importanti sono le novit\u00e0 che riguardano le aliquote, le agevolazioni, le esenzioni, le modalit\u00e0 di versamento del tributo ecc.<\/span><\/span><\/p>\n<p><a href=\"http:\/\/www.comuneacquapendente.it\/wpaquesionet\/files\/REG.-IMU-2014.pdf\"><span style=\"font-family: Arial, serif;\"><span style=\"font-size: medium;\"><i>Regolamento IMU approvato con Delibera di C.C. n. 16 del 12\/05\/2014.<\/i><\/span><\/span><\/a><\/p>\n<p><a href=\"http:\/\/www.comuneacquapendente.it\/wpaquesionet\/files\/REG-IMU-2020.pdf\"><span style=\"font-family: Arial, serif;\"><span style=\"font-size: medium;\"><i>Regolamento IMU approvato con Delibera di C.C. n. 14 del 25\/05\/2020.<\/i><\/span><\/span><\/a><\/p>\n<p><a href=\"http:\/\/www.comuneacquapendente.it\/wpaquesionet\/index.php\/imu-imposta-municipale-propria\/\"><strong>IMU &#8211; fino al 2019<\/strong><\/a><\/p>\n<p><a href=\"http:\/\/www.comuneacquapendente.it\/wpaquesionet\/index.php\/imposta-municipale-propria-imu-anno-2020\/\"><strong>IMU &#8211; da ANNO 2020<\/strong><\/a><\/p>\n<p><a href=\"http:\/\/www.comuneacquapendente.it\/wpaquesionet\/index.php\/modulistica-ufficio-tributi\/\"><strong><span style=\"font-family: Arial, serif;\"><span style=\"font-size: medium;\">MODULISTICA<\/span><\/span><\/strong><\/a><\/p>\n<p><span style=\"font-family: Arial, serif;\"><span style=\"font-size: medium;\"><b>Informazioni sul PAGAMENTO dell\u2019IMU per il 2022<\/b><\/span><\/span><\/p>\n<p><span style=\"font-family: Arial, serif;\"><span style=\"font-size: medium;\">Per il calcolo premere il pulsante sotto:<\/span><\/span><\/p>\n<p><a href=\"http:\/\/www.amministrazionicomunali.net\/imu\/calcolo_imu.php?comune=acquapendente\"><img loading=\"lazy\" class=\"alignleft wp-image-4516 size-full\" src=\"http:\/\/www.comuneacquapendente.it\/wpaquesionet\/files\/calcolo_imu-2.png\" alt=\"\" width=\"200\" height=\"75\" \/><\/a><\/p>[\/vc_column_text][\/vc_tta_section][vc_tta_section title=&#8221;TASI&#8221; tab_id=&#8221;1666714542393-4b286835-9e36&#8243;][vc_column_text]<p><strong>TASSA SUI SERVIZI INVISIBILI<\/strong> <span style=\"font-family: Arial, serif;\"><span style=\"font-size: medium;\"><i>(in vigore fino all\u2019anno 2019)<\/i><\/span><\/span><\/p>\n<p><span style=\"font-family: Arial, serif;\"><span style=\"font-size: medium;\">Dal 1\u00b0 gennaio 2014 \u00e8 istituita la TASI. E\u2019 un tributo il cui gettito va a coprire il costo di servizi di cui tutta la comunit\u00e0 usufruisce indistintamente. Tali servizi indivisibili sono, a titolo esemplificativo, l\u2019illuminazione pubblica, la sicurezza, l\u2019anagrafe, la manutenzione delle strade ecc\u2026 La novit\u00e0 della TASI \u00e8 che il prelievo grava sia sul proprietario o titolare di diritto reale minore sia sull\u2019eventuale utilizzatore dell\u2019immobile.<\/span><\/span><\/p>\n<p><a href=\"http:\/\/www.comuneacquapendente.it\/wpaquesionet\/files\/REG.-TASI-2014.pdf\"><em>Regolamento TASI approvato con Delibera di C.C. n. 18 del 12\/05\/2014<\/em><\/a><\/p>\n<p><a href=\"http:\/\/www.comuneacquapendente.it\/wpaquesionet\/index.php\/tasi-tassa-sui-servizi-indivisibili\/\"><strong><span style=\"font-family: Arial, serif;\"><span style=\"font-size: medium;\">TASI<\/span><\/span><span style=\"color: #0000ff;\"><span style=\"color: #000000;\"><span style=\"font-family: Arial, serif;\"><span style=\"font-size: medium;\">\u00a0<\/span><\/span><\/span><\/span><em><span style=\"font-family: Arial, serif;\"><span style=\"font-size: medium;\"> &#8211; <\/span><\/span><\/em><span style=\"font-family: Arial, serif;\"><span style=\"font-size: medium;\">fino al 2019<\/span><\/span><\/strong><\/a><\/p>\n<p><a href=\"http:\/\/www.comuneacquapendente.it\/wpaquesionet\/index.php\/modulistica-ufficio-tributi\/\"><strong>MODULISTICA<\/strong><\/a><\/p>[\/vc_column_text][\/vc_tta_section][vc_tta_section title=&#8221;TARI&#8221; tab_id=&#8221;1666714681865-8c75d33e-6511&#8243;][vc_column_text]<p><strong>TASSA SUI RIFIUTI<\/strong><\/p>\n<p><span style=\"font-family: Arial, serif;\"><span style=\"font-size: medium;\">Dal 1\u00b0 gennaio 2014 \u00e8 istituita la TARI, destinata a finanziare i costi del servizio di raccolta e smaltimento dei rifiuti del Comune. La TARI \u00e8 dovuta da chiunque possieda o detenga a qualsiasi titolo, locali ed aree scoperte suscettibili di produrre rifiuti.<\/span><\/span><\/p>\n<p><span style=\"font-family: Arial, serif;\"><span style=\"font-size: medium;\"><br \/><\/span><\/span><a href=\"http:\/\/www.comuneacquapendente.it\/wpaquesionet\/files\/REG.-TARI-2014-1.pdf\"><span style=\"font-family: Arial, serif;\"><span style=\"font-size: medium;\"><i>Regolamento TARI approvato con Delibera di C.C. n. 17 del 12\/05\/2014<\/i><\/span><\/span><\/a><\/p>\n<p><a href=\"http:\/\/www.comuneacquapendente.it\/wpaquesionet\/files\/Regolamento-TARI-2021.pdf\"><span style=\"font-family: Arial, serif;\"><span style=\"font-size: medium;\"><i>Regolamento TARI approvato con Delibera di C.C. n. 21 del 30\/07\/2021<\/i><\/span><\/span><\/a><\/p>\n<p><a href=\"http:\/\/www.comuneacquapendente.it\/wpaquesionet\/index.php\/tari-da-anno-2021\/\"><strong>TARI &#8211; da anno 2021<\/strong><\/a><\/p>\n<p><a href=\"http:\/\/www.comuneacquapendente.it\/wpaquesionet\/index.php\/modulistica-ufficio-tributi\/\"><strong>MODULISTICA<\/strong><\/a><\/p>\n<p><a href=\"http:\/\/www.comuneacquapendente.it\/wpaquesionet\/index.php\/raccolta-rifiuti\/\"><strong>RACCOLTA RIFIUTI<\/strong><\/a><\/p>\n<p><a href=\"http:\/\/www.comuneacquapendente.it\/wpaquesionet\/index.php\/isola-ecologica\/\"><strong>ISOLA ECOLOGICA<\/strong><\/a><\/p>\n<p><strong>Informazioni sul pagamento della TARI per il 2020<\/strong><\/p>\n<p><span style=\"font-family: Arial, serif;\"><span style=\"font-size: medium;\">Il Consiglio Comunale, in data 25\/05\/2020 ha approvato le tariffe Tari 2020 confermando le tariffe dell\u2019anno 2019. <\/span><\/span><\/p>\n<p><span style=\"font-family: Arial, serif;\"><span style=\"font-size: medium;\">Le scadenze per il pagamento sono il 16 novembre 2020 per la prima rata, il 18 gennaio 2021 per la seconda e il 16 febbraio 2021 per la terza rata, come stabilito in data 30\/10\/2020. <\/span><\/span><\/p>\n<p><span style=\"font-family: Arial, serif;\"><span style=\"font-size: medium;\">Il Consiglio Comunale, in data 30\/09\/2020 ha previsto una riduzione delle tariffe per le categorie non domestiche interessate dalle misure antiCovid-19, stabilendone le condizioni.<\/span><\/span><\/p>[\/vc_column_text][\/vc_tta_section][vc_tta_section title=&#8221;CUP&#8221; tab_id=&#8221;1668429969264-523b446f-80c6&#8243;][vc_column_text]<p>Dal 1\u00b0 gennaio 2021 il <strong>Nuovo Canone Unico Patrimoniale<\/strong> va a sostituire i seguenti tributi: Cosap, Tosap, ICP\/DPA, ecc.<br \/>Il pagamento del tributo \u00e8 dovuto da chi possiede una concessione di occupazione degli spazi e aree appartenenti al patrimonio indisponibile del Comune e\/o disponga a qualsiasi titolo del mezzo attraverso il quale il messaggio pubblicitario viene diffuso su aree appartenenti al demanio o al patrimonio indisponibile del Comune.<\/p>\n<p><br \/><a href=\"http:\/\/www.comuneacquapendente.it\/wpaquesionet\/files\/Regolamento-canone-unico-2021-1.pdf\"><em>Regolamento Nuovo Canone Unico Patrimoniale approvato con Delibera del C.C. n. 58 del 29\/12\/2020.<\/em><\/a><\/p>\n<p><a href=\"http:\/\/www.comuneacquapendente.it\/wpaquesionet\/files\/Regolamento-canone-unico-patrimoniale-2022.pdf\"><em>Regolamento CUP approvato con Delibera di C.C. n. 16 del 31\/05\/2022<\/em><\/a><\/p>\n<p><a href=\"http:\/\/www.comuneacquapendente.it\/wpaquesionet\/index.php\/cosap-canone-per-loccupazione-permanente-di-spazi-ed-aree-pubbliche\/\"><span style=\"font-family: Arial, serif;\"><span style=\"font-size: medium;\"><b>COSAP<\/b><\/span><\/span><span style=\"font-family: Arial, serif;\"><span style=\"font-size: medium;\"> \u2013 fino al <\/span><\/span><span style=\"font-family: Arial, serif;\"><span style=\"font-size: medium;\"><b>2020<\/b><\/span><\/span><\/a><\/p>\n<p><a href=\"http:\/\/www.comuneacquapendente.it\/wpaquesionet\/index.php\/canone-unico-patrimoniale\/\"><span style=\"font-family: Arial, serif;\"><span style=\"font-size: medium;\"><b>CUP <\/b><\/span><\/span><span style=\"font-family: Arial, serif;\"><span style=\"font-size: medium;\">(CANONE UNICO PATRIMONIALE)<\/span><\/span><b> <\/b><span style=\"font-family: Arial, serif;\"><span style=\"font-size: medium;\">&#8211; da ANNO <\/span><\/span><span style=\"font-family: Arial, serif;\"><span style=\"font-size: medium;\"><b>2021<\/b><\/span><\/span><\/a><\/p>\n<p><a href=\"http:\/\/www.comuneacquapendente.it\/wpaquesionet\/index.php\/modulistica-ufficio-tributi\/\"><strong>MODULISTICA<\/strong><\/a><\/p>\n<p><strong><a href=\"https:\/\/acquapendente.comune-online.it\/\">Pagamento tramite PagoPA<\/a><\/strong><\/p>[\/vc_column_text][\/vc_tta_section][\/vc_tta_tabs][\/vc_column][\/vc_row]","protected":false},"excerpt":{"rendered":"<p>[vc_row][vc_column][vc_column_text] Responsabile del servizio:Dott. Simone FORMICONI Referente:Dott.ssa Arianna Squarcia Tel: 0763 7309211Fax: 0763 730146E-mail:\u00a0tributi@comuneacquapendente.it Sede: Piazza Girolamo Fabrizio, 17 Orario di apertura al pubblico:Marted\u00ec, Mercoled\u00ec e Venerd\u00ec dalle 9,30 alle 13,30Gioved\u00ec dalle 15,00 alle 17,00 [\/vc_column_text][vc_column_text] Mansioni dell&#8217;Ufficio: L\u2019Ufficio Tributi del Comune di Acquapendente si occupa della gestione dei seguenti tributi e canoni: IMU\u00a0 (Imposta [&hellip;]<\/p>\n","protected":false},"author":2,"featured_media":0,"parent":0,"menu_order":0,"comment_status":"closed","ping_status":"closed","template":"","meta":[],"categories":[],"tags":[],"yoast_head":"<!-- This site is optimized with the Yoast SEO plugin v17.2.1 - https:\/\/yoast.com\/wordpress\/plugins\/seo\/ -->\n<title>Ufficio Tributi - aquesionet<\/title>\n<meta name=\"robots\" content=\"index, follow, max-snippet:-1, max-image-preview:large, max-video-preview:-1\" \/>\n<link rel=\"canonical\" href=\"http:\/\/www.comuneacquapendente.it\/wpaquesionet\/index.php\/ufficio-tributi\/\" \/>\n<meta property=\"og:locale\" content=\"it_IT\" \/>\n<meta property=\"og:type\" content=\"article\" \/>\n<meta property=\"og:title\" content=\"Ufficio Tributi - aquesionet\" \/>\n<meta property=\"og:description\" content=\"[vc_row][vc_column][vc_column_text] Responsabile del servizio:Dott. Simone FORMICONI Referente:Dott.ssa Arianna Squarcia Tel: 0763 7309211Fax: 0763 730146E-mail:\u00a0tributi@comuneacquapendente.it Sede: Piazza Girolamo Fabrizio, 17 Orario di apertura al pubblico:Marted\u00ec, Mercoled\u00ec e Venerd\u00ec dalle 9,30 alle 13,30Gioved\u00ec dalle 15,00 alle 17,00 [\/vc_column_text][vc_column_text] Mansioni dell&#8217;Ufficio: L\u2019Ufficio Tributi del Comune di Acquapendente si occupa della gestione dei seguenti tributi e canoni: IMU\u00a0 (Imposta [&hellip;]\" \/>\n<meta property=\"og:url\" content=\"http:\/\/www.comuneacquapendente.it\/wpaquesionet\/index.php\/ufficio-tributi\/\" \/>\n<meta property=\"og:site_name\" content=\"aquesionet\" \/>\n<meta property=\"article:publisher\" content=\"https:\/\/www.facebook.com\/ComunediAcquapendente\/\" \/>\n<meta property=\"article:modified_time\" content=\"2024-03-11T15:26:35+00:00\" \/>\n<meta property=\"og:image\" content=\"http:\/\/www.comuneacquapendente.it\/wpaquesionet\/files\/calcolo_imu-2.png\" \/>\n<meta name=\"twitter:card\" content=\"summary_large_image\" \/>\n<meta name=\"twitter:site\" content=\"@AcquapendenteVT\" \/>\n<meta name=\"twitter:label1\" content=\"Tempo di lettura stimato\" \/>\n\t<meta name=\"twitter:data1\" content=\"1 minuto\" \/>\n<script type=\"application\/ld+json\" class=\"yoast-schema-graph\">{\"@context\":\"https:\/\/schema.org\",\"@graph\":[{\"@type\":\"Organization\",\"@id\":\"http:\/\/www.comuneacquapendente.it\/wpaquesionet\/#organization\",\"name\":\"Comune di Acquapendente\",\"url\":\"http:\/\/www.comuneacquapendente.it\/wpaquesionet\/\",\"sameAs\":[\"https:\/\/www.facebook.com\/ComunediAcquapendente\/\",\"https:\/\/www.youtube.com\/user\/AcquapendenteComune\/\",\"https:\/\/twitter.com\/AcquapendenteVT\"],\"logo\":{\"@type\":\"ImageObject\",\"@id\":\"http:\/\/www.comuneacquapendente.it\/wpaquesionet\/#logo\",\"inLanguage\":\"it-IT\",\"url\":\"http:\/\/www.comuneacquapendente.it\/wpaquesionet\/files\/stemma_comune_Acquapendente512x512.png\",\"contentUrl\":\"http:\/\/www.comuneacquapendente.it\/wpaquesionet\/files\/stemma_comune_Acquapendente512x512.png\",\"width\":512,\"height\":512,\"caption\":\"Comune di Acquapendente\"},\"image\":{\"@id\":\"http:\/\/www.comuneacquapendente.it\/wpaquesionet\/#logo\"}},{\"@type\":\"WebSite\",\"@id\":\"http:\/\/www.comuneacquapendente.it\/wpaquesionet\/#website\",\"url\":\"http:\/\/www.comuneacquapendente.it\/wpaquesionet\/\",\"name\":\"aquesionet\",\"description\":\"LA RETE CIVICA DEL COMUNE DI ACQUAPENDENTE\",\"publisher\":{\"@id\":\"http:\/\/www.comuneacquapendente.it\/wpaquesionet\/#organization\"},\"potentialAction\":[{\"@type\":\"SearchAction\",\"target\":{\"@type\":\"EntryPoint\",\"urlTemplate\":\"http:\/\/www.comuneacquapendente.it\/wpaquesionet\/?s={search_term_string}\"},\"query-input\":\"required name=search_term_string\"}],\"inLanguage\":\"it-IT\"},{\"@type\":\"ImageObject\",\"@id\":\"http:\/\/www.comuneacquapendente.it\/wpaquesionet\/index.php\/ufficio-tributi\/#primaryimage\",\"inLanguage\":\"it-IT\",\"url\":\"http:\/\/www.comuneacquapendente.it\/wpaquesionet\/files\/calcolo_imu-2.png\",\"contentUrl\":\"http:\/\/www.comuneacquapendente.it\/wpaquesionet\/files\/calcolo_imu-2.png\",\"width\":200,\"height\":75},{\"@type\":\"WebPage\",\"@id\":\"http:\/\/www.comuneacquapendente.it\/wpaquesionet\/index.php\/ufficio-tributi\/#webpage\",\"url\":\"http:\/\/www.comuneacquapendente.it\/wpaquesionet\/index.php\/ufficio-tributi\/\",\"name\":\"Ufficio Tributi - aquesionet\",\"isPartOf\":{\"@id\":\"http:\/\/www.comuneacquapendente.it\/wpaquesionet\/#website\"},\"primaryImageOfPage\":{\"@id\":\"http:\/\/www.comuneacquapendente.it\/wpaquesionet\/index.php\/ufficio-tributi\/#primaryimage\"},\"datePublished\":\"2020-11-06T13:59:45+00:00\",\"dateModified\":\"2024-03-11T15:26:35+00:00\",\"breadcrumb\":{\"@id\":\"http:\/\/www.comuneacquapendente.it\/wpaquesionet\/index.php\/ufficio-tributi\/#breadcrumb\"},\"inLanguage\":\"it-IT\",\"potentialAction\":[{\"@type\":\"ReadAction\",\"target\":[\"http:\/\/www.comuneacquapendente.it\/wpaquesionet\/index.php\/ufficio-tributi\/\"]}]},{\"@type\":\"BreadcrumbList\",\"@id\":\"http:\/\/www.comuneacquapendente.it\/wpaquesionet\/index.php\/ufficio-tributi\/#breadcrumb\",\"itemListElement\":[{\"@type\":\"ListItem\",\"position\":1,\"name\":\"Home\",\"item\":\"http:\/\/www.comuneacquapendente.it\/wpaquesionet\/\"},{\"@type\":\"ListItem\",\"position\":2,\"name\":\"Ufficio Tributi\"}]}]}<\/script>\n<!-- \/ Yoast SEO plugin. -->","yoast_head_json":{"title":"Ufficio Tributi - aquesionet","robots":{"index":"index","follow":"follow","max-snippet":"max-snippet:-1","max-image-preview":"max-image-preview:large","max-video-preview":"max-video-preview:-1"},"canonical":"http:\/\/www.comuneacquapendente.it\/wpaquesionet\/index.php\/ufficio-tributi\/","og_locale":"it_IT","og_type":"article","og_title":"Ufficio Tributi - aquesionet","og_description":"[vc_row][vc_column][vc_column_text] Responsabile del servizio:Dott. Simone FORMICONI Referente:Dott.ssa Arianna Squarcia Tel: 0763 7309211Fax: 0763 730146E-mail:\u00a0tributi@comuneacquapendente.it Sede: Piazza Girolamo Fabrizio, 17 Orario di apertura al pubblico:Marted\u00ec, Mercoled\u00ec e Venerd\u00ec dalle 9,30 alle 13,30Gioved\u00ec dalle 15,00 alle 17,00 [\/vc_column_text][vc_column_text] Mansioni dell&#8217;Ufficio: L\u2019Ufficio Tributi del Comune di Acquapendente si occupa della gestione dei seguenti tributi e canoni: IMU\u00a0 (Imposta [&hellip;]","og_url":"http:\/\/www.comuneacquapendente.it\/wpaquesionet\/index.php\/ufficio-tributi\/","og_site_name":"aquesionet","article_publisher":"https:\/\/www.facebook.com\/ComunediAcquapendente\/","article_modified_time":"2024-03-11T15:26:35+00:00","og_image":[{"url":"http:\/\/www.comuneacquapendente.it\/wpaquesionet\/files\/calcolo_imu-2.png"}],"twitter_card":"summary_large_image","twitter_site":"@AcquapendenteVT","twitter_misc":{"Tempo di lettura stimato":"1 minuto"},"schema":{"@context":"https:\/\/schema.org","@graph":[{"@type":"Organization","@id":"http:\/\/www.comuneacquapendente.it\/wpaquesionet\/#organization","name":"Comune di Acquapendente","url":"http:\/\/www.comuneacquapendente.it\/wpaquesionet\/","sameAs":["https:\/\/www.facebook.com\/ComunediAcquapendente\/","https:\/\/www.youtube.com\/user\/AcquapendenteComune\/","https:\/\/twitter.com\/AcquapendenteVT"],"logo":{"@type":"ImageObject","@id":"http:\/\/www.comuneacquapendente.it\/wpaquesionet\/#logo","inLanguage":"it-IT","url":"http:\/\/www.comuneacquapendente.it\/wpaquesionet\/files\/stemma_comune_Acquapendente512x512.png","contentUrl":"http:\/\/www.comuneacquapendente.it\/wpaquesionet\/files\/stemma_comune_Acquapendente512x512.png","width":512,"height":512,"caption":"Comune di Acquapendente"},"image":{"@id":"http:\/\/www.comuneacquapendente.it\/wpaquesionet\/#logo"}},{"@type":"WebSite","@id":"http:\/\/www.comuneacquapendente.it\/wpaquesionet\/#website","url":"http:\/\/www.comuneacquapendente.it\/wpaquesionet\/","name":"aquesionet","description":"LA RETE CIVICA DEL COMUNE DI ACQUAPENDENTE","publisher":{"@id":"http:\/\/www.comuneacquapendente.it\/wpaquesionet\/#organization"},"potentialAction":[{"@type":"SearchAction","target":{"@type":"EntryPoint","urlTemplate":"http:\/\/www.comuneacquapendente.it\/wpaquesionet\/?s={search_term_string}"},"query-input":"required name=search_term_string"}],"inLanguage":"it-IT"},{"@type":"ImageObject","@id":"http:\/\/www.comuneacquapendente.it\/wpaquesionet\/index.php\/ufficio-tributi\/#primaryimage","inLanguage":"it-IT","url":"http:\/\/www.comuneacquapendente.it\/wpaquesionet\/files\/calcolo_imu-2.png","contentUrl":"http:\/\/www.comuneacquapendente.it\/wpaquesionet\/files\/calcolo_imu-2.png","width":200,"height":75},{"@type":"WebPage","@id":"http:\/\/www.comuneacquapendente.it\/wpaquesionet\/index.php\/ufficio-tributi\/#webpage","url":"http:\/\/www.comuneacquapendente.it\/wpaquesionet\/index.php\/ufficio-tributi\/","name":"Ufficio Tributi - aquesionet","isPartOf":{"@id":"http:\/\/www.comuneacquapendente.it\/wpaquesionet\/#website"},"primaryImageOfPage":{"@id":"http:\/\/www.comuneacquapendente.it\/wpaquesionet\/index.php\/ufficio-tributi\/#primaryimage"},"datePublished":"2020-11-06T13:59:45+00:00","dateModified":"2024-03-11T15:26:35+00:00","breadcrumb":{"@id":"http:\/\/www.comuneacquapendente.it\/wpaquesionet\/index.php\/ufficio-tributi\/#breadcrumb"},"inLanguage":"it-IT","potentialAction":[{"@type":"ReadAction","target":["http:\/\/www.comuneacquapendente.it\/wpaquesionet\/index.php\/ufficio-tributi\/"]}]},{"@type":"BreadcrumbList","@id":"http:\/\/www.comuneacquapendente.it\/wpaquesionet\/index.php\/ufficio-tributi\/#breadcrumb","itemListElement":[{"@type":"ListItem","position":1,"name":"Home","item":"http:\/\/www.comuneacquapendente.it\/wpaquesionet\/"},{"@type":"ListItem","position":2,"name":"Ufficio Tributi"}]}]}},"_links":{"self":[{"href":"http:\/\/www.comuneacquapendente.it\/wpaquesionet\/index.php\/wp-json\/wp\/v2\/pages\/3467"}],"collection":[{"href":"http:\/\/www.comuneacquapendente.it\/wpaquesionet\/index.php\/wp-json\/wp\/v2\/pages"}],"about":[{"href":"http:\/\/www.comuneacquapendente.it\/wpaquesionet\/index.php\/wp-json\/wp\/v2\/types\/page"}],"author":[{"embeddable":true,"href":"http:\/\/www.comuneacquapendente.it\/wpaquesionet\/index.php\/wp-json\/wp\/v2\/users\/2"}],"replies":[{"embeddable":true,"href":"http:\/\/www.comuneacquapendente.it\/wpaquesionet\/index.php\/wp-json\/wp\/v2\/comments?post=3467"}],"version-history":[{"count":46,"href":"http:\/\/www.comuneacquapendente.it\/wpaquesionet\/index.php\/wp-json\/wp\/v2\/pages\/3467\/revisions"}],"predecessor-version":[{"id":4790,"href":"http:\/\/www.comuneacquapendente.it\/wpaquesionet\/index.php\/wp-json\/wp\/v2\/pages\/3467\/revisions\/4790"}],"wp:attachment":[{"href":"http:\/\/www.comuneacquapendente.it\/wpaquesionet\/index.php\/wp-json\/wp\/v2\/media?parent=3467"}],"wp:term":[{"taxonomy":"category","embeddable":true,"href":"http:\/\/www.comuneacquapendente.it\/wpaquesionet\/index.php\/wp-json\/wp\/v2\/categories?post=3467"},{"taxonomy":"post_tag","embeddable":true,"href":"http:\/\/www.comuneacquapendente.it\/wpaquesionet\/index.php\/wp-json\/wp\/v2\/tags?post=3467"}],"curies":[{"name":"wp","href":"https:\/\/api.w.org\/{rel}","templated":true}]}}