{"id":3840,"date":"2021-06-04T08:44:55","date_gmt":"2021-06-04T08:44:55","guid":{"rendered":"http:\/\/www.comuneacquapendente.it\/wpaquesionet\/?page_id=3840"},"modified":"2021-08-12T07:55:29","modified_gmt":"2021-08-12T07:55:29","slug":"canone-unico-patrimoniale","status":"publish","type":"page","link":"http:\/\/www.comuneacquapendente.it\/wpaquesionet\/index.php\/canone-unico-patrimoniale\/","title":{"rendered":"Canone Unico Patrimoniale"},"content":{"rendered":"\n<p>Dal 1\u00b0 gennaio 2021 la Legge n. 160\/2019 (Legge di Bilancio 2020-2022) ha previsto l\u2019istituzione del&nbsp;Canone Unico Patrimoniale&nbsp;(articolo 1 \u2013 commi da 816 a 847).<\/p>\n\n\n\n<p>Il Canone Unico Patrimoniale, in sintesi, <strong>sostituisce<\/strong>:<\/p>\n\n\n\n<ul><li>la Tassa per l\u2019Occupazione di Spazi ed Aree Pubbliche (TOSAP);<\/li><li>il Canone per l\u2019Occupazione di Spazi ed Aree Pubbliche (COSAP);<\/li><li>l\u2019Imposta Comunale sulla Pubblicit\u00e0 e il Diritto sulle Pubbliche Affissioni (ICP\/DPA);<\/li><li>il Canone per l\u2019Istallazione dei Mezzi Pubblicitari;<\/li><li>e del canone di cui all\u2019art. 27, commi 7 e 8, del Codice della Strada, di cui al D.Lgs 30 aprile 1992, n. 285, limitatamente alle strade di pertinenza dei comuni e delle province.<\/li><\/ul>\n\n\n\n<p>Le suddette entrate sono sostituite dal nuovo Canone Unico Patrimoniale ma i previgenti prelievi e la relativa regolamentazione continuano a trovare applicazione per i periodi di imposta precedenti al 2021.<\/p>\n\n\n\n<p>Il Canone Unico Patrimoniale \u00e8 <strong>dovuto per<\/strong>:<\/p>\n\n\n\n<ul><li><strong>l\u2019occupazione&nbsp;<\/strong>delle aree appartenenti al demanio o al patrimonio indisponibile degli enti e degli spazi soprastanti o sottostanti il suolo pubblico<\/li><li><strong>la diffusione di messaggi<\/strong>&nbsp;pubblicitari visivi e\/o acustici mediante impianti installati su aree appartenenti al demanio o al patrimonio indisponibile del Comune, su beni privati laddove siano visibili da luogo pubblico o aperto al pubblico del territorio comunale, ovvero all\u2019esterno di veicoli adibiti a uso pubblico o a uso privato<\/li><\/ul>\n\n\n\n<p>Ha quindi una doppia natura: \u00e8 dovuta per l\u2019occupazione e\/o per la diffusione di messaggi pubblicitari.<\/p>\n\n\n\n<p>Il Canone Unico Patrimoniale \u00e8 stato istituito con la deliberazione del Consiglio comunale n. 58 del 29 Dicembre 2020, con la quale \u00e8 stato approvato il Regolamento a decorrere dal 1\u00b0 gennaio 2021. Modificato poi con delibera n.12 del 28 Aprile 2021.<\/p>\n\n\n\n<p>Le tariffe sono state approvate con Del. G.C. n. 32 del 13 Marzo 2021.<\/p>\n\n\n\n<p>La Giunta ha <strong>prorogato il termine di versamento per l\u2019anno 2021 dal 31 marzo al<\/strong> <strong>30 giugno 2021 <\/strong>con deliberazione n. 41 del 31 Marzo 2021.<\/p>\n\n\n\n<p>Le&nbsp;Tariffe Canone Unico Patrimoniale&nbsp;per l\u2019anno 2021, restano sostanzialmente invariate rispetto alle corrispondenti tariffe 2020 della TOSAP, dell\u2019 Imposta Comunale sulla Pubblicit\u00e0&nbsp; (ICP) e dei Diritti sulle Pubbliche Affissioni (DPA).<\/p>\n\n\n\n<h3><strong>Quando si Paga?<\/strong><\/h3>\n\n\n\n<p>Le scadenze di pagamento del Canone Patrimoniale di Concessione, Autorizzazione o Esposizione Pubblicitaria sono le seguenti:<\/p>\n\n\n\n<ul><li>versamento in <strong>unica soluzione<\/strong> entro il 31\/03\/2021<\/li><li>per importo superiore a \u20ac. 500,00, \u00e8 consentito il versamento in 4 rate di pari importo alle scadenze: 31\/03\/2021, 30\/06\/2021, 30\/09\/2021 e 31\/12\/2021 .<\/li><\/ul>\n\n\n\n<p><strong>Solo per il 2021<\/strong> il versamento in unica soluzione e la prima rata sono stati posticipati al 30\/06\/2021.<\/p>\n\n\n\n<h3><strong>Come si paga<\/strong><\/h3>\n\n\n\n<p>Si paga con il&nbsp;<strong><a href=\"https:\/\/acquapendente.comune-online.it\/web\/pagamenti\/pagamenti-spontanei?p_p_id=tipopagamentocontroller_WAR_jcitygovpagamentispontaneiportlet&amp;p_p_lifecycle=0&amp;p_p_state=normal&amp;p_p_mode=view&amp;p_p_col_id=column-1&amp;p_p_col_count=1&amp;p_r_p_-1550643597_tipoPagamentoId=21849\" target=\"_blank\" rel=\"noreferrer noopener\">PAGOPA<\/a><\/strong> o tramite <strong>modello F24<\/strong>.<\/p>\n\n\n\n<p>Alla data di emissione della bolletta per l\u2019anno 2021, \u00e8 presente l\u2019esonero dal 01\/01\/2021 al 31\/12\/2021 per il canone mercatale e per l\u2019occupazione di suolo pubblico per i Dehors.<\/p>\n\n\n\n<p>Nel corso dell\u2019anno faremo una verifica di tutte le posizioni e procederemo ad effettuare gli eventuali rimborsi.<\/p>\n\n\n\n<p><\/p>\n\n\n\n<h4><strong>OCCUPAZIONE DI SPAZI ED AREE PUBBLICHE IN VIA PERMANENTE O TEMPORANEA<\/strong><\/h4>\n\n\n\n<p>E&#8217; <strong>obbligatorio<\/strong><strong>&nbsp;presentare apposita&nbsp;<\/strong><strong>domanda<\/strong>&nbsp;per ottenere l\u2019autorizzazione o la concessione, nel rispetto della normativa vigente e del Codice della Strada, <strong>anche se l\u2019occupazione non \u00e8 soggetta al pagamento<\/strong> <strong>del Canone<\/strong>, per conoscere i termini, si prega di consultare quelli previsti dal regolamento vigente in relazione alla tipologia di occupazione che si deve richiedere.&nbsp;<\/p>\n\n\n\n<p>I moduli relativi si possono trovare nella sezione modulistica, sotto la voce \u201c<strong>Moduli Ufficio Tributi<\/strong>\u201d.<\/p>\n\n\n\n<p>Le richieste per l\u2019occupazione di suolo pubblico, tranne quelle relative al mercato (da inoltrare al SUAP) e quelle relative ai Dehors permanenti (da inoltrare all\u2019Ufficio Tecnico), devono essere rivolte all\u2019Ufficio Tributi. Devono essere tutte presentate con in <strong>bollo<\/strong> da \u20ac 16,00 e consegnate nelle seguenti modalit\u00e0:<\/p>\n\n\n\n<ul><li>recandosi di persona (nelle modalit\u00e0 e giorni\/orari indicati);<\/li><li>tramite indirizzo di&nbsp;<strong>posta elettronica<\/strong>&nbsp;valido, obbligatoriamente&nbsp;certificato&nbsp;per le persone giuridiche.<\/li><\/ul>\n\n\n\n<p><strong>Se l\u2019istanza viene accolta<\/strong>, verr\u00e0 poi rilasciata relativa autorizzazione, sulla quale deve essere apposto un <strong>secondo bollo<\/strong> dal \u20ac 16,00.<\/p>\n\n\n\n<p>L\u2019autorizzazione o la concessione per l&#8217;occupazione di suolo pubblico \u00e8 rilasciata a titolo precario ed \u00e8 pertanto fatta salva la&nbsp;<strong>possibilit\u00e0<\/strong>&nbsp;per l\u2019Amministrazione Comunale di modificarla, sospenderla o revocarla per sopravvenute variazioni ambientali, commerciali e di viabilit\u00e0 nonch\u00e9 per altri motivi di pubblico interesse.<\/p>\n\n\n\n<p>Si fa presente che per gli esercizi che somministrano alimenti e bevande (<strong>DEHORS<\/strong>), per presentare la richiesta di occupazione si deve far riferimento all\u2019apposito Regolamento approvato con Deliberazione del C.C. n. 22 del 22\/05\/2020 (REGOLAMENTO PER L\u2019OCCUPAZIONE DI SPAZI ED AREE PUBBLICHE DEL CENTRO STORICO A SERVIZIO DI ATTIVITA\u2019 COMMERCIALI DI PUBBLICO ESERCIZIO PER SOMMINISTRAZIONE DI ALIMENTI E BEVANDE ): la documentazione ivi richiesta deve essere inoltrata all\u2019Ufficio Tecnico e rispettare tutte caratteristiche richieste dal Regolamento stesso. Pertanto i moduli presenti nella sezione modulistica, sotto la voce \u201cModuli Ufficio Tributi\u201d non possono essere utilizzati a tal fine.<\/p>\n\n\n\n<p>Sono considerate&nbsp;<strong>abusive<\/strong>&nbsp;le occupazioni di suolo e le esposizioni pubblicitarie realizzate senza la prescritta concessione o autorizzazione comunale, difformi da quella rilasciata, in contrasto con le norme legislative o regolamentari vigenti o effettuate da persona diversa dal titolare.<br><br>In tutti i casi di occupazione o esposizione abusiva viene rilevata la violazione con apposito verbale di constatazione e disposta la rimozione dei materiali e la rimessa in pristino del suolo, dello spazio e dei beni pubblici. Qualora non si provveda nei termini stabiliti, si procede d\u2019ufficio con addebito delle spese a carico del titolare.<\/p>\n\n\n\n<h4><strong>INDICAZIONI PER L\u2019OCCUPAZIONE DI SUOLO PUBBLICO<\/strong><\/h4>\n\n\n\n<p><strong>Occupazioni di carattere permanente<\/strong>&nbsp;(superiori a 365 giorni)<\/p>\n\n\n\n<p>Per chi \u00e8 gi\u00e0 titolare di una concessione permanente di occupazione del suolo pubblico, ogni anno viene inviato l\u2019avviso di scadenza con l\u2019importo dovuto a titolo di Canone Unico Patrimoniale con scadenza di pagamento al 31 marzo di ogni anno.<\/p>\n\n\n\n<p>Per chi richiede una nuova concessione permanente di occupazione di suolo pubblico, <strong>per il primo anno il versamento deve essere eseguito prima del ritiro dell\u2019atto di concessione<\/strong> rilasciato dall\u2019ufficio cui si fa richiesta.<\/p>\n\n\n\n<p><strong>Occupazioni di carattere temporaneo<\/strong><\/p>\n\n\n\n<p>Per conoscere l\u2019importo del canone da versare e per avere i moduli di pagamento occorre rivolgersi all\u2019ufficio competente.<br>Il<strong>&nbsp;versamento deve essere eseguito, prima del ritiro dell\u2019atto di concessione<\/strong>&nbsp;rilasciato dall\u2019ufficio&nbsp;cui si \u00e8 fatta richiesta.<\/p>\n\n\n\n<h4><strong>IMPOSTA SULLA PUBBLICITA\u2019 E PUBBLICHE AFFISSIONI<\/strong><\/h4>\n\n\n\n<p>La pubblicit\u00e0 esterna e le pubbliche affissioni sono soggette rispettivamente ad una imposta o ad un diritto a favore del Comune nel cui territorio sono effettuate.<br>L\u2019imposta ed i diritti sono gestiti da una societ\u00e0 concessionaria, la <strong>Globo Tributi s.r.l.<\/strong> , con ufficio a Monte San Giovanni Campano (FR), Via Pozzo S. Paolo n. 75\/b, n. tel. 0775\/288379.<\/p>\n\n\n\n<h4><strong>ALLEGATI:<\/strong><\/h4>\n\n\n\n<ul><li><a href=\"http:\/\/www.comuneacquapendente.it\/wpaquesionet\/files\/Regolamento-canone-unico-2021.pdf\" target=\"_blank\" rel=\"noreferrer noopener\">NUOVO CANONE PATRIMONIALE DI CONCESSIONE, AUTORIZZAZIONE O ESPOSIZIONE PUBBLICITARIA<\/a><\/li><li><a href=\"http:\/\/www.comuneacquapendente.it\/wpaquesionet\/files\/Modifiche-regolamento-allegato-delibera-Conisiglio-Comunale-dlc_000....pdf\" target=\"_blank\" rel=\"noreferrer noopener\">Modifiche al regolamento del Nuovo Canone Unico<\/a><\/li><\/ul>\n\n\n\n<ul><li><a href=\"http:\/\/www.comuneacquapendente.it\/wpaquesionet\/files\/REGOLAMENTO-ARREDI-SPAZI-PUBBLICI-ESTERNI-2020.pdf\" target=\"_blank\" rel=\"noreferrer noopener\">REGOLAMENTO PER L\u2019OCCUPAZIONE DI SPAZI ED AREE PUBBLICHE DEL CENTRO STORICO A SERVIZIO DI ATTIVITA\u2019 COMMERCIALI DI PUBBLICO ESERCIZIO PER SOMMINISTRAZIONE DI ALIMENTI E BEVANDE<\/a><\/li><li><a href=\"http:\/\/www.comuneacquapendente.it\/wpaquesionet\/files\/Proroga-pagamento-dlg_Delibera_01-04-2021_08-32-32_n.41.pdf\" target=\"_blank\" rel=\"noreferrer noopener\">Proroga pagamento Canone Unico per 2021<\/a><\/li><li><a href=\"http:\/\/www.comuneacquapendente.it\/wpaquesionet\/files\/Canone-Unico-Patrimoniale-Tariffe-occupazioni.pdf\" target=\"_blank\" rel=\"noreferrer noopener\">Tariffe occupazioni<\/a><\/li><li><a href=\"http:\/\/www.comuneacquapendente.it\/wpaquesionet\/files\/Canone-Unico-Patrimoniale-Tariffe-mercato-e-fiere.pdf\" target=\"_blank\" rel=\"noreferrer noopener\">Tariffe mercato e fiere<\/a><\/li><li><a href=\"http:\/\/www.comuneacquapendente.it\/wpaquesionet\/files\/Canone-Unico-Patrimoniale-Tariffe-pubblicita.pdf\" target=\"_blank\" rel=\"noreferrer noopener\">Tariffe pubblicit\u00e0<\/a><\/li><\/ul>\n","protected":false},"excerpt":{"rendered":"<p>Dal 1\u00b0 gennaio 2021 la Legge n. 160\/2019 (Legge di Bilancio 2020-2022) ha previsto l\u2019istituzione del&nbsp;Canone Unico Patrimoniale&nbsp;(articolo 1 \u2013 commi da 816 a 847). Il Canone Unico Patrimoniale, in sintesi, sostituisce: la Tassa per l\u2019Occupazione di Spazi ed Aree Pubbliche (TOSAP); il Canone per l\u2019Occupazione di Spazi ed Aree Pubbliche (COSAP); l\u2019Imposta Comunale sulla [&hellip;]<\/p>\n","protected":false},"author":2,"featured_media":0,"parent":0,"menu_order":0,"comment_status":"closed","ping_status":"closed","template":"","meta":[],"categories":[],"tags":[],"yoast_head":"<!-- This site is optimized with the Yoast SEO plugin v17.2.1 - https:\/\/yoast.com\/wordpress\/plugins\/seo\/ -->\n<title>Canone Unico Patrimoniale - aquesionet<\/title>\n<meta name=\"robots\" content=\"index, follow, max-snippet:-1, max-image-preview:large, max-video-preview:-1\" \/>\n<link rel=\"canonical\" href=\"http:\/\/www.comuneacquapendente.it\/wpaquesionet\/index.php\/canone-unico-patrimoniale\/\" \/>\n<meta property=\"og:locale\" content=\"it_IT\" \/>\n<meta property=\"og:type\" content=\"article\" \/>\n<meta property=\"og:title\" content=\"Canone Unico Patrimoniale - aquesionet\" \/>\n<meta property=\"og:description\" content=\"Dal 1\u00b0 gennaio 2021 la Legge n. 160\/2019 (Legge di Bilancio 2020-2022) ha previsto l\u2019istituzione del&nbsp;Canone Unico Patrimoniale&nbsp;(articolo 1 \u2013 commi da 816 a 847). Il Canone Unico Patrimoniale, in sintesi, sostituisce: la Tassa per l\u2019Occupazione di Spazi ed Aree Pubbliche (TOSAP); il Canone per l\u2019Occupazione di Spazi ed Aree Pubbliche (COSAP); l\u2019Imposta Comunale sulla [&hellip;]\" \/>\n<meta property=\"og:url\" content=\"http:\/\/www.comuneacquapendente.it\/wpaquesionet\/index.php\/canone-unico-patrimoniale\/\" \/>\n<meta property=\"og:site_name\" content=\"aquesionet\" \/>\n<meta property=\"article:publisher\" content=\"https:\/\/www.facebook.com\/ComunediAcquapendente\/\" \/>\n<meta property=\"article:modified_time\" content=\"2021-08-12T07:55:29+00:00\" \/>\n<meta name=\"twitter:card\" content=\"summary_large_image\" \/>\n<meta name=\"twitter:site\" content=\"@AcquapendenteVT\" \/>\n<meta name=\"twitter:label1\" content=\"Tempo di lettura stimato\" \/>\n\t<meta name=\"twitter:data1\" content=\"5 minuti\" \/>\n<script type=\"application\/ld+json\" class=\"yoast-schema-graph\">{\"@context\":\"https:\/\/schema.org\",\"@graph\":[{\"@type\":\"Organization\",\"@id\":\"http:\/\/www.comuneacquapendente.it\/wpaquesionet\/#organization\",\"name\":\"Comune di Acquapendente\",\"url\":\"http:\/\/www.comuneacquapendente.it\/wpaquesionet\/\",\"sameAs\":[\"https:\/\/www.facebook.com\/ComunediAcquapendente\/\",\"https:\/\/www.youtube.com\/user\/AcquapendenteComune\/\",\"https:\/\/twitter.com\/AcquapendenteVT\"],\"logo\":{\"@type\":\"ImageObject\",\"@id\":\"http:\/\/www.comuneacquapendente.it\/wpaquesionet\/#logo\",\"inLanguage\":\"it-IT\",\"url\":\"http:\/\/www.comuneacquapendente.it\/wpaquesionet\/files\/stemma_comune_Acquapendente512x512.png\",\"contentUrl\":\"http:\/\/www.comuneacquapendente.it\/wpaquesionet\/files\/stemma_comune_Acquapendente512x512.png\",\"width\":512,\"height\":512,\"caption\":\"Comune di Acquapendente\"},\"image\":{\"@id\":\"http:\/\/www.comuneacquapendente.it\/wpaquesionet\/#logo\"}},{\"@type\":\"WebSite\",\"@id\":\"http:\/\/www.comuneacquapendente.it\/wpaquesionet\/#website\",\"url\":\"http:\/\/www.comuneacquapendente.it\/wpaquesionet\/\",\"name\":\"aquesionet\",\"description\":\"LA RETE CIVICA DEL COMUNE DI ACQUAPENDENTE\",\"publisher\":{\"@id\":\"http:\/\/www.comuneacquapendente.it\/wpaquesionet\/#organization\"},\"potentialAction\":[{\"@type\":\"SearchAction\",\"target\":{\"@type\":\"EntryPoint\",\"urlTemplate\":\"http:\/\/www.comuneacquapendente.it\/wpaquesionet\/?s={search_term_string}\"},\"query-input\":\"required name=search_term_string\"}],\"inLanguage\":\"it-IT\"},{\"@type\":\"WebPage\",\"@id\":\"http:\/\/www.comuneacquapendente.it\/wpaquesionet\/index.php\/canone-unico-patrimoniale\/#webpage\",\"url\":\"http:\/\/www.comuneacquapendente.it\/wpaquesionet\/index.php\/canone-unico-patrimoniale\/\",\"name\":\"Canone Unico Patrimoniale - aquesionet\",\"isPartOf\":{\"@id\":\"http:\/\/www.comuneacquapendente.it\/wpaquesionet\/#website\"},\"datePublished\":\"2021-06-04T08:44:55+00:00\",\"dateModified\":\"2021-08-12T07:55:29+00:00\",\"breadcrumb\":{\"@id\":\"http:\/\/www.comuneacquapendente.it\/wpaquesionet\/index.php\/canone-unico-patrimoniale\/#breadcrumb\"},\"inLanguage\":\"it-IT\",\"potentialAction\":[{\"@type\":\"ReadAction\",\"target\":[\"http:\/\/www.comuneacquapendente.it\/wpaquesionet\/index.php\/canone-unico-patrimoniale\/\"]}]},{\"@type\":\"BreadcrumbList\",\"@id\":\"http:\/\/www.comuneacquapendente.it\/wpaquesionet\/index.php\/canone-unico-patrimoniale\/#breadcrumb\",\"itemListElement\":[{\"@type\":\"ListItem\",\"position\":1,\"name\":\"Home\",\"item\":\"http:\/\/www.comuneacquapendente.it\/wpaquesionet\/\"},{\"@type\":\"ListItem\",\"position\":2,\"name\":\"Canone Unico Patrimoniale\"}]}]}<\/script>\n<!-- \/ Yoast SEO plugin. -->","yoast_head_json":{"title":"Canone Unico Patrimoniale - aquesionet","robots":{"index":"index","follow":"follow","max-snippet":"max-snippet:-1","max-image-preview":"max-image-preview:large","max-video-preview":"max-video-preview:-1"},"canonical":"http:\/\/www.comuneacquapendente.it\/wpaquesionet\/index.php\/canone-unico-patrimoniale\/","og_locale":"it_IT","og_type":"article","og_title":"Canone Unico Patrimoniale - aquesionet","og_description":"Dal 1\u00b0 gennaio 2021 la Legge n. 160\/2019 (Legge di Bilancio 2020-2022) ha previsto l\u2019istituzione del&nbsp;Canone Unico Patrimoniale&nbsp;(articolo 1 \u2013 commi da 816 a 847). Il Canone Unico Patrimoniale, in sintesi, sostituisce: la Tassa per l\u2019Occupazione di Spazi ed Aree Pubbliche (TOSAP); il Canone per l\u2019Occupazione di Spazi ed Aree Pubbliche (COSAP); l\u2019Imposta Comunale sulla [&hellip;]","og_url":"http:\/\/www.comuneacquapendente.it\/wpaquesionet\/index.php\/canone-unico-patrimoniale\/","og_site_name":"aquesionet","article_publisher":"https:\/\/www.facebook.com\/ComunediAcquapendente\/","article_modified_time":"2021-08-12T07:55:29+00:00","twitter_card":"summary_large_image","twitter_site":"@AcquapendenteVT","twitter_misc":{"Tempo di lettura stimato":"5 minuti"},"schema":{"@context":"https:\/\/schema.org","@graph":[{"@type":"Organization","@id":"http:\/\/www.comuneacquapendente.it\/wpaquesionet\/#organization","name":"Comune di Acquapendente","url":"http:\/\/www.comuneacquapendente.it\/wpaquesionet\/","sameAs":["https:\/\/www.facebook.com\/ComunediAcquapendente\/","https:\/\/www.youtube.com\/user\/AcquapendenteComune\/","https:\/\/twitter.com\/AcquapendenteVT"],"logo":{"@type":"ImageObject","@id":"http:\/\/www.comuneacquapendente.it\/wpaquesionet\/#logo","inLanguage":"it-IT","url":"http:\/\/www.comuneacquapendente.it\/wpaquesionet\/files\/stemma_comune_Acquapendente512x512.png","contentUrl":"http:\/\/www.comuneacquapendente.it\/wpaquesionet\/files\/stemma_comune_Acquapendente512x512.png","width":512,"height":512,"caption":"Comune di Acquapendente"},"image":{"@id":"http:\/\/www.comuneacquapendente.it\/wpaquesionet\/#logo"}},{"@type":"WebSite","@id":"http:\/\/www.comuneacquapendente.it\/wpaquesionet\/#website","url":"http:\/\/www.comuneacquapendente.it\/wpaquesionet\/","name":"aquesionet","description":"LA RETE CIVICA DEL COMUNE DI ACQUAPENDENTE","publisher":{"@id":"http:\/\/www.comuneacquapendente.it\/wpaquesionet\/#organization"},"potentialAction":[{"@type":"SearchAction","target":{"@type":"EntryPoint","urlTemplate":"http:\/\/www.comuneacquapendente.it\/wpaquesionet\/?s={search_term_string}"},"query-input":"required name=search_term_string"}],"inLanguage":"it-IT"},{"@type":"WebPage","@id":"http:\/\/www.comuneacquapendente.it\/wpaquesionet\/index.php\/canone-unico-patrimoniale\/#webpage","url":"http:\/\/www.comuneacquapendente.it\/wpaquesionet\/index.php\/canone-unico-patrimoniale\/","name":"Canone Unico Patrimoniale - aquesionet","isPartOf":{"@id":"http:\/\/www.comuneacquapendente.it\/wpaquesionet\/#website"},"datePublished":"2021-06-04T08:44:55+00:00","dateModified":"2021-08-12T07:55:29+00:00","breadcrumb":{"@id":"http:\/\/www.comuneacquapendente.it\/wpaquesionet\/index.php\/canone-unico-patrimoniale\/#breadcrumb"},"inLanguage":"it-IT","potentialAction":[{"@type":"ReadAction","target":["http:\/\/www.comuneacquapendente.it\/wpaquesionet\/index.php\/canone-unico-patrimoniale\/"]}]},{"@type":"BreadcrumbList","@id":"http:\/\/www.comuneacquapendente.it\/wpaquesionet\/index.php\/canone-unico-patrimoniale\/#breadcrumb","itemListElement":[{"@type":"ListItem","position":1,"name":"Home","item":"http:\/\/www.comuneacquapendente.it\/wpaquesionet\/"},{"@type":"ListItem","position":2,"name":"Canone Unico Patrimoniale"}]}]}},"_links":{"self":[{"href":"http:\/\/www.comuneacquapendente.it\/wpaquesionet\/index.php\/wp-json\/wp\/v2\/pages\/3840"}],"collection":[{"href":"http:\/\/www.comuneacquapendente.it\/wpaquesionet\/index.php\/wp-json\/wp\/v2\/pages"}],"about":[{"href":"http:\/\/www.comuneacquapendente.it\/wpaquesionet\/index.php\/wp-json\/wp\/v2\/types\/page"}],"author":[{"embeddable":true,"href":"http:\/\/www.comuneacquapendente.it\/wpaquesionet\/index.php\/wp-json\/wp\/v2\/users\/2"}],"replies":[{"embeddable":true,"href":"http:\/\/www.comuneacquapendente.it\/wpaquesionet\/index.php\/wp-json\/wp\/v2\/comments?post=3840"}],"version-history":[{"count":6,"href":"http:\/\/www.comuneacquapendente.it\/wpaquesionet\/index.php\/wp-json\/wp\/v2\/pages\/3840\/revisions"}],"predecessor-version":[{"id":3960,"href":"http:\/\/www.comuneacquapendente.it\/wpaquesionet\/index.php\/wp-json\/wp\/v2\/pages\/3840\/revisions\/3960"}],"wp:attachment":[{"href":"http:\/\/www.comuneacquapendente.it\/wpaquesionet\/index.php\/wp-json\/wp\/v2\/media?parent=3840"}],"wp:term":[{"taxonomy":"category","embeddable":true,"href":"http:\/\/www.comuneacquapendente.it\/wpaquesionet\/index.php\/wp-json\/wp\/v2\/categories?post=3840"},{"taxonomy":"post_tag","embeddable":true,"href":"http:\/\/www.comuneacquapendente.it\/wpaquesionet\/index.php\/wp-json\/wp\/v2\/tags?post=3840"}],"curies":[{"name":"wp","href":"https:\/\/api.w.org\/{rel}","templated":true}]}}