{"id":4017,"date":"2021-09-03T10:43:19","date_gmt":"2021-09-03T10:43:19","guid":{"rendered":"http:\/\/www.comuneacquapendente.it\/wpaquesionet\/?page_id=4017"},"modified":"2021-09-03T12:43:13","modified_gmt":"2021-09-03T12:43:13","slug":"agevolazioni-sulla-tari-per-le-utenze-domestiche-nellanno-2021","status":"publish","type":"page","link":"http:\/\/www.comuneacquapendente.it\/wpaquesionet\/index.php\/agevolazioni-sulla-tari-per-le-utenze-domestiche-nellanno-2021\/","title":{"rendered":"Agevolazioni sulla TARI per le utenze domestiche nell&#8217;anno 2021"},"content":{"rendered":"\n<p>Il Comune di Acquapendente ha adottato una misura straordinaria di sostegno alle famiglie finalizzata a contrastare gli effetti negativi, innescati dalla <strong>crisi epidemiologica COVID 19<\/strong>, sul contesto sociale comunale.<\/p>\n\n\n\n<p>Il beneficio economico \u00e8 quantificato nella riduzione pari al 100 per cento della parte variabile dovuta a titolo di TARI nell&#8217;anno 2021. <\/p>\n\n\n\n<p>Qualora l&#8217;importo necessario a soddisfare tutte le istanze di riduzione fosse superiore alla somma stanziata complessivamente per l&#8217;intervento (euro 30.000,00 ), fatta salva la possibilit\u00e0 di integrazione delle risorse stanziate, sar\u00e0 stilata apposita graduatoria con preferenza delle famiglie con ISEE pi\u00f9 basso e, a parit\u00e0, dei nuclei pi\u00f9 numerosi.<\/p>\n\n\n\n<p>L&#8217; invio della domanda sar\u00e0 possibile dalla pubblicazione dell&#8217;avviso <strong>fino alle ore 12:00<\/strong> del <strong>30 settembre<\/strong> 2021. <\/p>\n\n\n\n<p>La domanda dovr\u00e0 essere presentata esclusivamente con le modalit\u00e0 specificate nel bando:<\/p>\n\n\n\n<p><a href=\"http:\/\/www.comuneacquapendente.it\/wpaquesionet\/files\/Bando-Tari-2021.pdf\" target=\"_blank\" rel=\"noreferrer noopener\">BANDO PER IL RICONOSCIMENTO DELLE AGEVOLAZIONI TARI ALLE UTENZE DOMESTICHE ANNO 2021<\/a><\/p>\n\n\n\n<p><a href=\"http:\/\/www.comuneacquapendente.it\/wpaquesionet\/files\/modello-di-domanda-tari-2021.pdf\" target=\"_blank\" rel=\"noreferrer noopener\">MODELLO DI DOMANDA PER IL RICONOSCIMENTO DELLA RIDUZIONE DELLA TASSA RIFIUTI (TARI) 2021<\/a><\/p>\n\n\n\n<p><\/p>\n\n\n\n<p><\/p>\n","protected":false},"excerpt":{"rendered":"<p>Il Comune di Acquapendente ha adottato una misura straordinaria di sostegno alle famiglie finalizzata a contrastare gli effetti negativi, innescati dalla crisi epidemiologica COVID 19, sul contesto sociale comunale. Il beneficio economico \u00e8 quantificato nella riduzione pari al 100 per cento della parte variabile dovuta a titolo di TARI nell&#8217;anno 2021. Qualora l&#8217;importo necessario a [&hellip;]<\/p>\n","protected":false},"author":2,"featured_media":0,"parent":0,"menu_order":0,"comment_status":"closed","ping_status":"closed","template":"","meta":[],"categories":[],"tags":[],"yoast_head":"<!-- This site is optimized with the Yoast SEO plugin v17.2.1 - https:\/\/yoast.com\/wordpress\/plugins\/seo\/ -->\n<title>Agevolazioni sulla TARI per le utenze domestiche nell&#039;anno 2021 - aquesionet<\/title>\n<meta name=\"robots\" content=\"index, follow, max-snippet:-1, max-image-preview:large, max-video-preview:-1\" \/>\n<link rel=\"canonical\" href=\"http:\/\/www.comuneacquapendente.it\/wpaquesionet\/index.php\/agevolazioni-sulla-tari-per-le-utenze-domestiche-nellanno-2021\/\" \/>\n<meta property=\"og:locale\" content=\"it_IT\" \/>\n<meta property=\"og:type\" content=\"article\" \/>\n<meta property=\"og:title\" content=\"Agevolazioni sulla TARI per le utenze domestiche nell&#039;anno 2021 - aquesionet\" \/>\n<meta property=\"og:description\" content=\"Il Comune di Acquapendente ha adottato una misura straordinaria di sostegno alle famiglie finalizzata a contrastare gli effetti negativi, innescati dalla crisi epidemiologica COVID 19, sul contesto sociale comunale. Il beneficio economico \u00e8 quantificato nella riduzione pari al 100 per cento della parte variabile dovuta a titolo di TARI nell&#8217;anno 2021. Qualora l&#8217;importo necessario a [&hellip;]\" \/>\n<meta property=\"og:url\" content=\"http:\/\/www.comuneacquapendente.it\/wpaquesionet\/index.php\/agevolazioni-sulla-tari-per-le-utenze-domestiche-nellanno-2021\/\" \/>\n<meta property=\"og:site_name\" content=\"aquesionet\" \/>\n<meta property=\"article:publisher\" content=\"https:\/\/www.facebook.com\/ComunediAcquapendente\/\" \/>\n<meta property=\"article:modified_time\" content=\"2021-09-03T12:43:13+00:00\" \/>\n<meta name=\"twitter:card\" content=\"summary_large_image\" \/>\n<meta name=\"twitter:site\" content=\"@AcquapendenteVT\" \/>\n<meta name=\"twitter:label1\" content=\"Tempo di lettura stimato\" \/>\n\t<meta name=\"twitter:data1\" content=\"1 minuto\" \/>\n<script type=\"application\/ld+json\" class=\"yoast-schema-graph\">{\"@context\":\"https:\/\/schema.org\",\"@graph\":[{\"@type\":\"Organization\",\"@id\":\"http:\/\/www.comuneacquapendente.it\/wpaquesionet\/#organization\",\"name\":\"Comune di Acquapendente\",\"url\":\"http:\/\/www.comuneacquapendente.it\/wpaquesionet\/\",\"sameAs\":[\"https:\/\/www.facebook.com\/ComunediAcquapendente\/\",\"https:\/\/www.youtube.com\/user\/AcquapendenteComune\/\",\"https:\/\/twitter.com\/AcquapendenteVT\"],\"logo\":{\"@type\":\"ImageObject\",\"@id\":\"http:\/\/www.comuneacquapendente.it\/wpaquesionet\/#logo\",\"inLanguage\":\"it-IT\",\"url\":\"http:\/\/www.comuneacquapendente.it\/wpaquesionet\/files\/stemma_comune_Acquapendente512x512.png\",\"contentUrl\":\"http:\/\/www.comuneacquapendente.it\/wpaquesionet\/files\/stemma_comune_Acquapendente512x512.png\",\"width\":512,\"height\":512,\"caption\":\"Comune di Acquapendente\"},\"image\":{\"@id\":\"http:\/\/www.comuneacquapendente.it\/wpaquesionet\/#logo\"}},{\"@type\":\"WebSite\",\"@id\":\"http:\/\/www.comuneacquapendente.it\/wpaquesionet\/#website\",\"url\":\"http:\/\/www.comuneacquapendente.it\/wpaquesionet\/\",\"name\":\"aquesionet\",\"description\":\"LA RETE CIVICA DEL COMUNE DI ACQUAPENDENTE\",\"publisher\":{\"@id\":\"http:\/\/www.comuneacquapendente.it\/wpaquesionet\/#organization\"},\"potentialAction\":[{\"@type\":\"SearchAction\",\"target\":{\"@type\":\"EntryPoint\",\"urlTemplate\":\"http:\/\/www.comuneacquapendente.it\/wpaquesionet\/?s={search_term_string}\"},\"query-input\":\"required name=search_term_string\"}],\"inLanguage\":\"it-IT\"},{\"@type\":\"WebPage\",\"@id\":\"http:\/\/www.comuneacquapendente.it\/wpaquesionet\/index.php\/agevolazioni-sulla-tari-per-le-utenze-domestiche-nellanno-2021\/#webpage\",\"url\":\"http:\/\/www.comuneacquapendente.it\/wpaquesionet\/index.php\/agevolazioni-sulla-tari-per-le-utenze-domestiche-nellanno-2021\/\",\"name\":\"Agevolazioni sulla TARI per le utenze domestiche nell'anno 2021 - aquesionet\",\"isPartOf\":{\"@id\":\"http:\/\/www.comuneacquapendente.it\/wpaquesionet\/#website\"},\"datePublished\":\"2021-09-03T10:43:19+00:00\",\"dateModified\":\"2021-09-03T12:43:13+00:00\",\"breadcrumb\":{\"@id\":\"http:\/\/www.comuneacquapendente.it\/wpaquesionet\/index.php\/agevolazioni-sulla-tari-per-le-utenze-domestiche-nellanno-2021\/#breadcrumb\"},\"inLanguage\":\"it-IT\",\"potentialAction\":[{\"@type\":\"ReadAction\",\"target\":[\"http:\/\/www.comuneacquapendente.it\/wpaquesionet\/index.php\/agevolazioni-sulla-tari-per-le-utenze-domestiche-nellanno-2021\/\"]}]},{\"@type\":\"BreadcrumbList\",\"@id\":\"http:\/\/www.comuneacquapendente.it\/wpaquesionet\/index.php\/agevolazioni-sulla-tari-per-le-utenze-domestiche-nellanno-2021\/#breadcrumb\",\"itemListElement\":[{\"@type\":\"ListItem\",\"position\":1,\"name\":\"Home\",\"item\":\"http:\/\/www.comuneacquapendente.it\/wpaquesionet\/\"},{\"@type\":\"ListItem\",\"position\":2,\"name\":\"Agevolazioni sulla TARI per le utenze domestiche nell&#8217;anno 2021\"}]}]}<\/script>\n<!-- \/ Yoast SEO plugin. -->","yoast_head_json":{"title":"Agevolazioni sulla TARI per le utenze domestiche nell'anno 2021 - aquesionet","robots":{"index":"index","follow":"follow","max-snippet":"max-snippet:-1","max-image-preview":"max-image-preview:large","max-video-preview":"max-video-preview:-1"},"canonical":"http:\/\/www.comuneacquapendente.it\/wpaquesionet\/index.php\/agevolazioni-sulla-tari-per-le-utenze-domestiche-nellanno-2021\/","og_locale":"it_IT","og_type":"article","og_title":"Agevolazioni sulla TARI per le utenze domestiche nell'anno 2021 - aquesionet","og_description":"Il Comune di Acquapendente ha adottato una misura straordinaria di sostegno alle famiglie finalizzata a contrastare gli effetti negativi, innescati dalla crisi epidemiologica COVID 19, sul contesto sociale comunale. Il beneficio economico \u00e8 quantificato nella riduzione pari al 100 per cento della parte variabile dovuta a titolo di TARI nell&#8217;anno 2021. Qualora l&#8217;importo necessario a [&hellip;]","og_url":"http:\/\/www.comuneacquapendente.it\/wpaquesionet\/index.php\/agevolazioni-sulla-tari-per-le-utenze-domestiche-nellanno-2021\/","og_site_name":"aquesionet","article_publisher":"https:\/\/www.facebook.com\/ComunediAcquapendente\/","article_modified_time":"2021-09-03T12:43:13+00:00","twitter_card":"summary_large_image","twitter_site":"@AcquapendenteVT","twitter_misc":{"Tempo di lettura stimato":"1 minuto"},"schema":{"@context":"https:\/\/schema.org","@graph":[{"@type":"Organization","@id":"http:\/\/www.comuneacquapendente.it\/wpaquesionet\/#organization","name":"Comune di Acquapendente","url":"http:\/\/www.comuneacquapendente.it\/wpaquesionet\/","sameAs":["https:\/\/www.facebook.com\/ComunediAcquapendente\/","https:\/\/www.youtube.com\/user\/AcquapendenteComune\/","https:\/\/twitter.com\/AcquapendenteVT"],"logo":{"@type":"ImageObject","@id":"http:\/\/www.comuneacquapendente.it\/wpaquesionet\/#logo","inLanguage":"it-IT","url":"http:\/\/www.comuneacquapendente.it\/wpaquesionet\/files\/stemma_comune_Acquapendente512x512.png","contentUrl":"http:\/\/www.comuneacquapendente.it\/wpaquesionet\/files\/stemma_comune_Acquapendente512x512.png","width":512,"height":512,"caption":"Comune di Acquapendente"},"image":{"@id":"http:\/\/www.comuneacquapendente.it\/wpaquesionet\/#logo"}},{"@type":"WebSite","@id":"http:\/\/www.comuneacquapendente.it\/wpaquesionet\/#website","url":"http:\/\/www.comuneacquapendente.it\/wpaquesionet\/","name":"aquesionet","description":"LA RETE CIVICA DEL COMUNE DI ACQUAPENDENTE","publisher":{"@id":"http:\/\/www.comuneacquapendente.it\/wpaquesionet\/#organization"},"potentialAction":[{"@type":"SearchAction","target":{"@type":"EntryPoint","urlTemplate":"http:\/\/www.comuneacquapendente.it\/wpaquesionet\/?s={search_term_string}"},"query-input":"required name=search_term_string"}],"inLanguage":"it-IT"},{"@type":"WebPage","@id":"http:\/\/www.comuneacquapendente.it\/wpaquesionet\/index.php\/agevolazioni-sulla-tari-per-le-utenze-domestiche-nellanno-2021\/#webpage","url":"http:\/\/www.comuneacquapendente.it\/wpaquesionet\/index.php\/agevolazioni-sulla-tari-per-le-utenze-domestiche-nellanno-2021\/","name":"Agevolazioni sulla TARI per le utenze domestiche nell'anno 2021 - aquesionet","isPartOf":{"@id":"http:\/\/www.comuneacquapendente.it\/wpaquesionet\/#website"},"datePublished":"2021-09-03T10:43:19+00:00","dateModified":"2021-09-03T12:43:13+00:00","breadcrumb":{"@id":"http:\/\/www.comuneacquapendente.it\/wpaquesionet\/index.php\/agevolazioni-sulla-tari-per-le-utenze-domestiche-nellanno-2021\/#breadcrumb"},"inLanguage":"it-IT","potentialAction":[{"@type":"ReadAction","target":["http:\/\/www.comuneacquapendente.it\/wpaquesionet\/index.php\/agevolazioni-sulla-tari-per-le-utenze-domestiche-nellanno-2021\/"]}]},{"@type":"BreadcrumbList","@id":"http:\/\/www.comuneacquapendente.it\/wpaquesionet\/index.php\/agevolazioni-sulla-tari-per-le-utenze-domestiche-nellanno-2021\/#breadcrumb","itemListElement":[{"@type":"ListItem","position":1,"name":"Home","item":"http:\/\/www.comuneacquapendente.it\/wpaquesionet\/"},{"@type":"ListItem","position":2,"name":"Agevolazioni sulla TARI per le utenze domestiche nell&#8217;anno 2021"}]}]}},"_links":{"self":[{"href":"http:\/\/www.comuneacquapendente.it\/wpaquesionet\/index.php\/wp-json\/wp\/v2\/pages\/4017"}],"collection":[{"href":"http:\/\/www.comuneacquapendente.it\/wpaquesionet\/index.php\/wp-json\/wp\/v2\/pages"}],"about":[{"href":"http:\/\/www.comuneacquapendente.it\/wpaquesionet\/index.php\/wp-json\/wp\/v2\/types\/page"}],"author":[{"embeddable":true,"href":"http:\/\/www.comuneacquapendente.it\/wpaquesionet\/index.php\/wp-json\/wp\/v2\/users\/2"}],"replies":[{"embeddable":true,"href":"http:\/\/www.comuneacquapendente.it\/wpaquesionet\/index.php\/wp-json\/wp\/v2\/comments?post=4017"}],"version-history":[{"count":4,"href":"http:\/\/www.comuneacquapendente.it\/wpaquesionet\/index.php\/wp-json\/wp\/v2\/pages\/4017\/revisions"}],"predecessor-version":[{"id":4035,"href":"http:\/\/www.comuneacquapendente.it\/wpaquesionet\/index.php\/wp-json\/wp\/v2\/pages\/4017\/revisions\/4035"}],"wp:attachment":[{"href":"http:\/\/www.comuneacquapendente.it\/wpaquesionet\/index.php\/wp-json\/wp\/v2\/media?parent=4017"}],"wp:term":[{"taxonomy":"category","embeddable":true,"href":"http:\/\/www.comuneacquapendente.it\/wpaquesionet\/index.php\/wp-json\/wp\/v2\/categories?post=4017"},{"taxonomy":"post_tag","embeddable":true,"href":"http:\/\/www.comuneacquapendente.it\/wpaquesionet\/index.php\/wp-json\/wp\/v2\/tags?post=4017"}],"curies":[{"name":"wp","href":"https:\/\/api.w.org\/{rel}","templated":true}]}}