{"id":927,"date":"2018-09-07T09:31:40","date_gmt":"2018-09-07T09:31:40","guid":{"rendered":"http:\/\/www.comuneacquapendente.it\/wpaquesionet\/?page_id=927"},"modified":"2018-09-07T09:42:33","modified_gmt":"2018-09-07T09:42:33","slug":"social-media-policy","status":"publish","type":"page","link":"http:\/\/www.comuneacquapendente.it\/wpaquesionet\/index.php\/social-media-policy\/","title":{"rendered":"Social Media Policy"},"content":{"rendered":"<div class=\"_2cuy _3dgx _2vxa\"><em><span class=\"_4yxp\">Modalit\u00e0 di gestione degli account istituzionali sui social media e regole di comportamento<\/span><\/em><\/div>\n<div><\/div>\n<h3><\/h3>\n<h3 class=\"_2cuy _3dgx _2vxa\"><span class=\"_4yxo\">Finalit\u00e0<\/span><\/h3>\n<p class=\"_2cuy _3dgx _2vxa\">Il Comune di Acquapendente utilizza i social media nell&#8217;ambito delle proprie finalit\u00e0 istituzionali, per:<\/p>\n<div class=\"_2cuy _3dgx _2vxa\">&#8211; informare su proprie iniziative e attivit\u00e0 istituzionali;<\/div>\n<div class=\"_2cuy _3dgx _2vxa\">&#8211; segnalare eventi, manifestazioni, iniziative culturali e per il tempo libero, anche organizzate da altri soggetti;<\/div>\n<div class=\"_2cuy _3dgx _2vxa\">&#8211; diffondere notizie di pubblica utilit\u00e0;<\/div>\n<div class=\"_2cuy _3dgx _2vxa\">&#8211; comunicare in modo interattivo con i cittadini e gli utenti raccogliendo segnalazioni, domande, critiche, osservazioni, suggerimenti ed opinioni.<\/div>\n<h3><\/h3>\n<h3 class=\"_2cuy _50a1 _2vxa\"><span class=\"_4yxo\">Elenco degli account social ufficiali<\/span><\/h3>\n<div class=\"_2cuy _3dgx _2vxa\">Account principali:<\/div>\n<div class=\"_2cuy _3dgx _2vxa\"><a href=\"https:\/\/www.facebook.com\/ComunediAcquapendente\/\">https:\/\/www.facebook.com\/ComunediAcquapendente\/<\/a> &#8211; Pagina Facebook del Comune<\/div>\n<div class=\"_2cuy _3dgx _2vxa\"><a href=\"https:\/\/l.facebook.com\/l.php?u=https%3A%2F%2Ftwitter.com%2FAcquapendenteVT%2F&amp;h=AT0IFqL5k5m6c4LcPuaaucxjkfzKPYTlL1Fc50LpxDRludRR9GI7I4MQRTPVg9U7cimBz1IEdd1VNrvLmshjKxbc2KEecQ_bFemKJzcVEYqka-jXR7Sa9bSXIMuNfsCIwQ\" target=\"_blank\" rel=\"noopener nofollow\" data-lynx-mode=\"asynclazy\">https:\/\/twitter.com\/AcquapendenteVT\/<\/a> &#8211; Account Twitter del Comune<\/div>\n<div class=\"_2cuy _3dgx _2vxa\"><a href=\"https:\/\/l.facebook.com\/l.php?u=https%3A%2F%2Fwww.youtube.com%2Fuser%2FAcquapendenteComune%2F&amp;h=AT195U6VUMnY0t1A0l3IJTaE2SPV6ICSmQ2GtRnMGKHRpi3CzJsDiPY2W5yrAS7K_DBw0IthuNMYQ5DhyvsUaTSN2aFn036aCsNCg30kJAlopCM-Edc43Otir46ProI7LQ7znQiev1BezL8\" target=\"_blank\" rel=\"noopener nofollow\" data-lynx-mode=\"async\">https:\/\/www.youtube.com\/user\/AcquapendenteComune\/<\/a> &#8211; Canale YouTube del Comune<\/div>\n<div class=\"_2cuy _3dgx _2vxa\"><a href=\"https:\/\/l.facebook.com\/l.php?u=https%3A%2F%2Fwww.instagram.com%2Fcomuneacquapendente%2F&amp;h=AT3iYSy_81gZJ_odWHCybC2e4UwSpoIvuwlU4o3Aao854pn00zdb9rJaZGPqQoiR4GdnfVJYQn4tkzDvN8QuEzq0DpYppTbCG7IrVAe_7ta42LbFbz1G28-0Qv-QPTKyZw\" target=\"_blank\" rel=\"noopener nofollow\" data-lynx-mode=\"asynclazy\">https:\/\/www.instagram.com\/comuneacquapendente\/<\/a> &#8211; Account Instagram del Comune<\/div>\n<div class=\"_2cuy _3dgx _2vxa\"><a href=\"https:\/\/telegram.me\/comuneacquapendente\/\" target=\"_blank\" rel=\"noopener nofollow\" data-lynx-mode=\"asynclazy\" data-lynx-uri=\"https:\/\/l.facebook.com\/l.php?u=https%3A%2F%2Ftelegram.me%2Fcomuneacquapendente%2F&amp;h=AT2CysU2WgV1dBwxIHXo2K6q-7Hprg9EGI1fAsfPQqxgSf8lkujT7pObsoVYGP2CquQeUHVVNFfcuxzzSELaME0n_SIFh1PsBTflSqSLXEMLnbObzQlvBoh9-svc5mI4Sw\">https:\/\/telegram.me\/comuneacquapendente\/<\/a> &#8211; Canale Telegram del Comune<\/div>\n<div class=\"_2cuy _3dgx _2vxa\">Account secondari:<\/div>\n<div class=\"_2cuy _3dgx _2vxa\"><a href=\"https:\/\/www.facebook.com\/europacquapendente\/\">https:\/\/www.facebook.com\/europacquapendente\/<\/a> &#8211; Pagina Facebook Sportello Europa<\/div>\n<div class=\"_2cuy _3dgx _2vxa\"><a href=\"https:\/\/www.facebook.com\/acqsports\/\">https:\/\/www.facebook.com\/acqsports\/<\/a> &#8211; Pagina Facebook Assessorato allo Sport<\/div>\n<div class=\"_2cuy _3dgx _2vxa\"><a href=\"https:\/\/www.facebook.com\/Biblioteca-Comunale-di-Acquapendente-288142711698706\/\">https:\/\/www.facebook.com\/Biblioteca-Comunale-di-Acquapendente-288142711698706\/<\/a> &#8211; Pagina Facebook Biblioteca comunale<\/div>\n<div class=\"_2cuy _3dgx _2vxa\"><a href=\"https:\/\/www.facebook.com\/Teatro-Boni-410260719144390\/\">https:\/\/www.facebook.com\/Teatro-Boni-410260719144390\/<\/a> &#8211; Pagina Facebook Teatro Boni<\/div>\n<div class=\"_2cuy _3dgx _2vxa\"><a href=\"https:\/\/www.facebook.com\/cinemaOlympia\/\">https:\/\/www.facebook.com\/cinemaOlympia\/<\/a> &#8211; Pagina Facebook Cinema Olympia<\/div>\n<div class=\"_2cuy _3dgx _2vxa\"><a href=\"https:\/\/www.facebook.com\/museodelfiore\/\">https:\/\/www.facebook.com\/museodelfiore\/<\/a> &#8211; Pagina Facebook Museo del Fiore<\/div>\n<div class=\"_2cuy _3dgx _2vxa\"><a href=\"https:\/\/www.facebook.com\/museodellacittadiacquapedente\/\">https:\/\/www.facebook.com\/museodellacittadiacquapedente\/<\/a> &#8211; Pagina Facebook Museo della Citt\u00e0<\/div>\n<div class=\"_2cuy _3dgx _2vxa\"><a href=\"https:\/\/www.facebook.com\/urbanvisionacquapendente\/\">https:\/\/www.facebook.com\/urbanvisionacquapendente\/<\/a> &#8211; Pagina Facebook Urban Vision Festival<\/div>\n<div class=\"_2cuy _3dgx _2vxa\"><a href=\"https:\/\/www.facebook.com\/viaggiocontadina\/\">https:\/\/www.facebook.com\/viaggiocontadina\/<\/a> &#8211; Pagina Facebook Festa contadina<\/div>\n<div class=\"_2cuy _3dgx _2vxa\"><a href=\"https:\/\/www.facebook.com\/camminareperconoscerci\/\">https:\/\/www.facebook.com\/camminareperconoscerci\/<\/a> &#8211; Pagina Facebook attivit\u00e0 podistiche<\/div>\n<div><a href=\"https:\/\/www.facebook.com\/VoxAntiquaAcquapendente\/\" target=\"_blank\" rel=\"noopener\">https:\/\/www.facebook.com\/VoxAntiquaAcquapendente\/<\/a>\u00a0&#8211; Pagina Facebook del Coro Vox Antiqua della Scuola comunale di musica.<\/div>\n<div class=\"_2cuy _3dgx _2vxa\">Quelli elencati sono gli account gi\u00e0 attivi in data o7\/09\/2018. Altri account potranno essere aggiunti in futuro, aggiornando questo elenco.<\/div>\n<h3><\/h3>\n<h3 class=\"_2cuy _50a1 _2vxa\"><span class=\"_4yxo\">Amministratori degli account social<\/span><\/h3>\n<div class=\"_2cuy _3dgx _2vxa\">Gli account principali sono amministrati a gestiti dall&#8217;Ufficio Comunicazione del Comune.<\/div>\n<div class=\"_2cuy _3dgx _2vxa\">Gli account secondari sono amministrati e gestiti dai responsabili dei vari uffici coinvolti, da assessori o da soggetti esterni gestori di servizi comunali.<\/div>\n<div class=\"_2cuy _3dgx _2vxa\">Ogni Settore comunale ha la responsabilit\u00e0 della gestione di ciascun account attivato sui social media in rappresentanza e per conto dell&#8217;Ente e dei contenuti delle comunicazioni diffuse.<\/div>\n<div class=\"_2cuy _3dgx _2vxa\">Per ogni pagina o profilo ufficiale, il Capo Settore di riferimento nomina un responsabile e uno o pi\u00f9 referenti per le attivit\u00e0 di gestione e pubblicazione.<\/div>\n<div class=\"_2cuy _3dgx _2vxa\">Ogni Settore comunale persegue le proprie finalit\u00e0 editoriali nella produzione e selezione di contenuti pubblicati attraverso i propri account.<\/div>\n<h3><\/h3>\n<h3 class=\"_2cuy _50a1 _2vxa\"><span class=\"_4yxo\">Regole di comportamento per gli utenti<\/span><\/h3>\n<div class=\"_2cuy _3dgx _2vxa\">I contenuti pubblicati dall&#8217;Ente possono essere condivisi, commentati e utilizzati dagli utenti.<\/div>\n<div class=\"_2cuy _3dgx _2vxa\">Gli utenti che commentano o che inseriscono contenuti di altro tipo non possono farlo in forma anonima. \u00c8 preferibile presentarsi con nome e cognome ed in presenza di nickname di diverso tipo \u00e8 obbligatorio rendersi riconoscibili. I commenti e post degli utenti rappresentano l\u2019opinione dei singoli e non quella dell\u2019amministrazione comunale, che non pu\u00f2 essere ritenuta responsabile della veridicit\u00e0 o meno di ci\u00f2 che viene postato sui canali da terzi, entit\u00e0 giuridiche o naturali.<\/div>\n<div class=\"_2cuy _3dgx _2vxa\">Le regole circa i processi di moderazione vengono presentate nel relativo paragrafo.<\/div>\n<h3><\/h3>\n<h3 class=\"_2cuy _50a1 _2vxa\"><span class=\"_4yxo\">Risposte<\/span><\/h3>\n<div class=\"_2cuy _3dgx _2vxa\">Gli account ufficiali principali del Comune di Acquapendente vengono moderati costantemente. Ogni richiesta viene monitorata e presa in carico. L&#8217;obiettivo \u00e8 di rispondere alle richieste dei cittadini ogni volta sia possibile, o di dirottarle agli uffici competenti per individuare la risposta pi\u00f9 pertinente. I tempi di risposta variano in base alla tipologia di richiesta; non tutto pu\u00f2 essere risolto attraverso i canali social media, ma viene fatto il possibile per indicare le soluzioni migliori.<\/div>\n<h3><\/h3>\n<h3 class=\"_2cuy _50a1 _2vxa\"><span class=\"_4yxo\">Moderazione<\/span><\/h3>\n<div class=\"_2cuy _3dgx _2vxa\">Tutti hanno il diritto di intervenire ed esprimere la propria libera opinione. Nei canali social del Comune di Acquapendente non \u00e8 prevista alcuna censura preventiva. Tuttavia saranno rimossi commenti e post che violino le condizioni esposte in questo documento. In particolare questi canali non possono essere usati per pubblicare post e commenti che siano discriminatori od offensivi nei confronti di altri utenti, presenti o meno alla discussione, di enti, associazioni, aziende o di chi gestisce e modera i canali social, per nessuna ragione. Non saranno tollerati insulti, turpiloquio, minacce o atteggiamenti che ledano la dignit\u00e0 personale, i diritti delle minoranze e dei minori, i principi di libert\u00e0 e uguaglianza. Verranno inoltre moderati: i commenti che risultano fuori argomento rispetto alla discussione di un determinato post (off topic); i commenti o i post che presentano dati sensibili; gli interventi inseriti reiteratamente; i commenti e i post scritti per disturbare la discussione o offendere chi gestisce e modera i canali social; lo spam commerciale.<\/div>\n<div class=\"_2cuy _3dgx _2vxa\">Per chi dovesse violare ripetutamente queste condizioni o quelle contenute nelle policy degli strumenti adottati, l&#8217;amministratore dell&#8217;account si riserva il diritto di usare il ban o il blocco per impedire ulteriori interventi e di segnalare l\u2019utente ai responsabili istituzionali ed eventualmente alle forze dell\u2019ordine preposte.<\/div>\n<h3><\/h3>\n<h3 class=\"_2cuy _50a1 _2vxa\"><span class=\"_4yxo\">Promozione di iniziative<\/span><\/h3>\n<div class=\"_2cuy _3dgx _2vxa\">Ogni cittadino o associazione possono proporre le proprie iniziative sui canali social del Comune di Acquapendente, contattando l&#8217;Ufficio Comunicazione, a condizione che siano azioni di utilit\u00e0 pubblica, proponendo link o post dedicati.<\/div>\n<h3><\/h3>\n<h3 class=\"_2cuy _50a1 _2vxa\"><span class=\"_4yxo\">Privacy<\/span><\/h3>\n<div class=\"_2cuy _3dgx _2vxa\">Si ricorda che il trattamento dei dati personali degli utenti risponder\u00e0 alle policy in uso sulle piattaforme utilizzate (Facebook, Twitter, You Tube, ecc.). I dati sensibili postati in commenti o post pubblici all\u2019interno dei canali sui social media del Comune di Acquapendente verranno rimossi (vedi sezione Moderazione). I dati condivisi dagli utenti attraverso messaggi privati spediti direttamente ai gestori dei canali saranno trattati nel rispetto delle leggi italiane sulla privacy.<\/div>\n<h3><\/h3>\n<h3 class=\"_2cuy _50a1 _2vxa\"><span class=\"_4yxo\">Contatti<\/span><\/h3>\n<div class=\"_2cuy _3dgx _2vxa\">Suggerimenti e segnalazioni relativi a questo documento possono essere inviati all&#8217;Ufficio Comunicazione del Comune.<\/div>\n<div class=\"_2cuy _3dgx _2vxa\">Email: comunicazione@comuneacquapendente.it<\/div>\n<div class=\"_2cuy _3dgx _2vxa\">Telefono: 0763-7309214<\/div>\n","protected":false},"excerpt":{"rendered":"<p>Modalit\u00e0 di gestione degli account istituzionali sui social media e regole di comportamento Finalit\u00e0 Il Comune di Acquapendente utilizza i social media nell&#8217;ambito delle proprie finalit\u00e0 istituzionali, per: &#8211; informare su proprie iniziative e attivit\u00e0 istituzionali; &#8211; segnalare eventi, manifestazioni, iniziative culturali e per il tempo libero, anche organizzate da altri soggetti; &#8211; diffondere notizie [&hellip;]<\/p>\n","protected":false},"author":2,"featured_media":0,"parent":0,"menu_order":0,"comment_status":"closed","ping_status":"closed","template":"","meta":[],"categories":[],"tags":[],"yoast_head":"<!-- This site is optimized with the Yoast SEO plugin v17.2.1 - https:\/\/yoast.com\/wordpress\/plugins\/seo\/ -->\n<title>Social Media Policy - aquesionet<\/title>\n<meta name=\"robots\" content=\"index, follow, max-snippet:-1, max-image-preview:large, max-video-preview:-1\" \/>\n<link rel=\"canonical\" href=\"http:\/\/www.comuneacquapendente.it\/wpaquesionet\/index.php\/social-media-policy\/\" \/>\n<meta property=\"og:locale\" content=\"it_IT\" \/>\n<meta property=\"og:type\" content=\"article\" \/>\n<meta property=\"og:title\" content=\"Social Media Policy - aquesionet\" \/>\n<meta property=\"og:description\" content=\"Modalit\u00e0 di gestione degli account istituzionali sui social media e regole di comportamento Finalit\u00e0 Il Comune di Acquapendente utilizza i social media nell&#8217;ambito delle proprie finalit\u00e0 istituzionali, per: &#8211; informare su proprie iniziative e attivit\u00e0 istituzionali; &#8211; segnalare eventi, manifestazioni, iniziative culturali e per il tempo libero, anche organizzate da altri soggetti; &#8211; diffondere notizie [&hellip;]\" \/>\n<meta property=\"og:url\" content=\"http:\/\/www.comuneacquapendente.it\/wpaquesionet\/index.php\/social-media-policy\/\" \/>\n<meta property=\"og:site_name\" content=\"aquesionet\" \/>\n<meta property=\"article:publisher\" content=\"https:\/\/www.facebook.com\/ComunediAcquapendente\/\" \/>\n<meta property=\"article:modified_time\" content=\"2018-09-07T09:42:33+00:00\" \/>\n<meta name=\"twitter:card\" content=\"summary_large_image\" \/>\n<meta name=\"twitter:site\" content=\"@AcquapendenteVT\" \/>\n<meta name=\"twitter:label1\" content=\"Tempo di lettura stimato\" \/>\n\t<meta name=\"twitter:data1\" content=\"5 minuti\" \/>\n<script type=\"application\/ld+json\" class=\"yoast-schema-graph\">{\"@context\":\"https:\/\/schema.org\",\"@graph\":[{\"@type\":\"Organization\",\"@id\":\"http:\/\/www.comuneacquapendente.it\/wpaquesionet\/#organization\",\"name\":\"Comune di Acquapendente\",\"url\":\"http:\/\/www.comuneacquapendente.it\/wpaquesionet\/\",\"sameAs\":[\"https:\/\/www.facebook.com\/ComunediAcquapendente\/\",\"https:\/\/www.youtube.com\/user\/AcquapendenteComune\/\",\"https:\/\/twitter.com\/AcquapendenteVT\"],\"logo\":{\"@type\":\"ImageObject\",\"@id\":\"http:\/\/www.comuneacquapendente.it\/wpaquesionet\/#logo\",\"inLanguage\":\"it-IT\",\"url\":\"http:\/\/www.comuneacquapendente.it\/wpaquesionet\/files\/stemma_comune_Acquapendente512x512.png\",\"contentUrl\":\"http:\/\/www.comuneacquapendente.it\/wpaquesionet\/files\/stemma_comune_Acquapendente512x512.png\",\"width\":512,\"height\":512,\"caption\":\"Comune di Acquapendente\"},\"image\":{\"@id\":\"http:\/\/www.comuneacquapendente.it\/wpaquesionet\/#logo\"}},{\"@type\":\"WebSite\",\"@id\":\"http:\/\/www.comuneacquapendente.it\/wpaquesionet\/#website\",\"url\":\"http:\/\/www.comuneacquapendente.it\/wpaquesionet\/\",\"name\":\"aquesionet\",\"description\":\"LA RETE CIVICA DEL COMUNE DI ACQUAPENDENTE\",\"publisher\":{\"@id\":\"http:\/\/www.comuneacquapendente.it\/wpaquesionet\/#organization\"},\"potentialAction\":[{\"@type\":\"SearchAction\",\"target\":{\"@type\":\"EntryPoint\",\"urlTemplate\":\"http:\/\/www.comuneacquapendente.it\/wpaquesionet\/?s={search_term_string}\"},\"query-input\":\"required name=search_term_string\"}],\"inLanguage\":\"it-IT\"},{\"@type\":\"WebPage\",\"@id\":\"http:\/\/www.comuneacquapendente.it\/wpaquesionet\/index.php\/social-media-policy\/#webpage\",\"url\":\"http:\/\/www.comuneacquapendente.it\/wpaquesionet\/index.php\/social-media-policy\/\",\"name\":\"Social Media Policy - aquesionet\",\"isPartOf\":{\"@id\":\"http:\/\/www.comuneacquapendente.it\/wpaquesionet\/#website\"},\"datePublished\":\"2018-09-07T09:31:40+00:00\",\"dateModified\":\"2018-09-07T09:42:33+00:00\",\"breadcrumb\":{\"@id\":\"http:\/\/www.comuneacquapendente.it\/wpaquesionet\/index.php\/social-media-policy\/#breadcrumb\"},\"inLanguage\":\"it-IT\",\"potentialAction\":[{\"@type\":\"ReadAction\",\"target\":[\"http:\/\/www.comuneacquapendente.it\/wpaquesionet\/index.php\/social-media-policy\/\"]}]},{\"@type\":\"BreadcrumbList\",\"@id\":\"http:\/\/www.comuneacquapendente.it\/wpaquesionet\/index.php\/social-media-policy\/#breadcrumb\",\"itemListElement\":[{\"@type\":\"ListItem\",\"position\":1,\"name\":\"Home\",\"item\":\"http:\/\/www.comuneacquapendente.it\/wpaquesionet\/\"},{\"@type\":\"ListItem\",\"position\":2,\"name\":\"Social Media Policy\"}]}]}<\/script>\n<!-- \/ Yoast SEO plugin. -->","yoast_head_json":{"title":"Social Media Policy - aquesionet","robots":{"index":"index","follow":"follow","max-snippet":"max-snippet:-1","max-image-preview":"max-image-preview:large","max-video-preview":"max-video-preview:-1"},"canonical":"http:\/\/www.comuneacquapendente.it\/wpaquesionet\/index.php\/social-media-policy\/","og_locale":"it_IT","og_type":"article","og_title":"Social Media Policy - aquesionet","og_description":"Modalit\u00e0 di gestione degli account istituzionali sui social media e regole di comportamento Finalit\u00e0 Il Comune di Acquapendente utilizza i social media nell&#8217;ambito delle proprie finalit\u00e0 istituzionali, per: &#8211; informare su proprie iniziative e attivit\u00e0 istituzionali; &#8211; segnalare eventi, manifestazioni, iniziative culturali e per il tempo libero, anche organizzate da altri soggetti; &#8211; diffondere notizie [&hellip;]","og_url":"http:\/\/www.comuneacquapendente.it\/wpaquesionet\/index.php\/social-media-policy\/","og_site_name":"aquesionet","article_publisher":"https:\/\/www.facebook.com\/ComunediAcquapendente\/","article_modified_time":"2018-09-07T09:42:33+00:00","twitter_card":"summary_large_image","twitter_site":"@AcquapendenteVT","twitter_misc":{"Tempo di lettura stimato":"5 minuti"},"schema":{"@context":"https:\/\/schema.org","@graph":[{"@type":"Organization","@id":"http:\/\/www.comuneacquapendente.it\/wpaquesionet\/#organization","name":"Comune di Acquapendente","url":"http:\/\/www.comuneacquapendente.it\/wpaquesionet\/","sameAs":["https:\/\/www.facebook.com\/ComunediAcquapendente\/","https:\/\/www.youtube.com\/user\/AcquapendenteComune\/","https:\/\/twitter.com\/AcquapendenteVT"],"logo":{"@type":"ImageObject","@id":"http:\/\/www.comuneacquapendente.it\/wpaquesionet\/#logo","inLanguage":"it-IT","url":"http:\/\/www.comuneacquapendente.it\/wpaquesionet\/files\/stemma_comune_Acquapendente512x512.png","contentUrl":"http:\/\/www.comuneacquapendente.it\/wpaquesionet\/files\/stemma_comune_Acquapendente512x512.png","width":512,"height":512,"caption":"Comune di Acquapendente"},"image":{"@id":"http:\/\/www.comuneacquapendente.it\/wpaquesionet\/#logo"}},{"@type":"WebSite","@id":"http:\/\/www.comuneacquapendente.it\/wpaquesionet\/#website","url":"http:\/\/www.comuneacquapendente.it\/wpaquesionet\/","name":"aquesionet","description":"LA RETE CIVICA DEL COMUNE DI ACQUAPENDENTE","publisher":{"@id":"http:\/\/www.comuneacquapendente.it\/wpaquesionet\/#organization"},"potentialAction":[{"@type":"SearchAction","target":{"@type":"EntryPoint","urlTemplate":"http:\/\/www.comuneacquapendente.it\/wpaquesionet\/?s={search_term_string}"},"query-input":"required name=search_term_string"}],"inLanguage":"it-IT"},{"@type":"WebPage","@id":"http:\/\/www.comuneacquapendente.it\/wpaquesionet\/index.php\/social-media-policy\/#webpage","url":"http:\/\/www.comuneacquapendente.it\/wpaquesionet\/index.php\/social-media-policy\/","name":"Social Media Policy - aquesionet","isPartOf":{"@id":"http:\/\/www.comuneacquapendente.it\/wpaquesionet\/#website"},"datePublished":"2018-09-07T09:31:40+00:00","dateModified":"2018-09-07T09:42:33+00:00","breadcrumb":{"@id":"http:\/\/www.comuneacquapendente.it\/wpaquesionet\/index.php\/social-media-policy\/#breadcrumb"},"inLanguage":"it-IT","potentialAction":[{"@type":"ReadAction","target":["http:\/\/www.comuneacquapendente.it\/wpaquesionet\/index.php\/social-media-policy\/"]}]},{"@type":"BreadcrumbList","@id":"http:\/\/www.comuneacquapendente.it\/wpaquesionet\/index.php\/social-media-policy\/#breadcrumb","itemListElement":[{"@type":"ListItem","position":1,"name":"Home","item":"http:\/\/www.comuneacquapendente.it\/wpaquesionet\/"},{"@type":"ListItem","position":2,"name":"Social Media Policy"}]}]}},"_links":{"self":[{"href":"http:\/\/www.comuneacquapendente.it\/wpaquesionet\/index.php\/wp-json\/wp\/v2\/pages\/927"}],"collection":[{"href":"http:\/\/www.comuneacquapendente.it\/wpaquesionet\/index.php\/wp-json\/wp\/v2\/pages"}],"about":[{"href":"http:\/\/www.comuneacquapendente.it\/wpaquesionet\/index.php\/wp-json\/wp\/v2\/types\/page"}],"author":[{"embeddable":true,"href":"http:\/\/www.comuneacquapendente.it\/wpaquesionet\/index.php\/wp-json\/wp\/v2\/users\/2"}],"replies":[{"embeddable":true,"href":"http:\/\/www.comuneacquapendente.it\/wpaquesionet\/index.php\/wp-json\/wp\/v2\/comments?post=927"}],"version-history":[{"count":6,"href":"http:\/\/www.comuneacquapendente.it\/wpaquesionet\/index.php\/wp-json\/wp\/v2\/pages\/927\/revisions"}],"predecessor-version":[{"id":933,"href":"http:\/\/www.comuneacquapendente.it\/wpaquesionet\/index.php\/wp-json\/wp\/v2\/pages\/927\/revisions\/933"}],"wp:attachment":[{"href":"http:\/\/www.comuneacquapendente.it\/wpaquesionet\/index.php\/wp-json\/wp\/v2\/media?parent=927"}],"wp:term":[{"taxonomy":"category","embeddable":true,"href":"http:\/\/www.comuneacquapendente.it\/wpaquesionet\/index.php\/wp-json\/wp\/v2\/categories?post=927"},{"taxonomy":"post_tag","embeddable":true,"href":"http:\/\/www.comuneacquapendente.it\/wpaquesionet\/index.php\/wp-json\/wp\/v2\/tags?post=927"}],"curies":[{"name":"wp","href":"https:\/\/api.w.org\/{rel}","templated":true}]}}